{"id":10210,"date":"2026-03-08T14:31:54","date_gmt":"2026-03-08T17:31:54","guid":{"rendered":"https:\/\/agatres.co\/product\/french-avenue-diwani-rabat-100ml\/"},"modified":"2026-05-04T13:16:13","modified_gmt":"2026-05-04T17:16:13","slug":"french-avenue-diwani-rabat-100ml","status":"publish","type":"product","link":"https:\/\/agatres.co\/es\/producto\/french-avenue-diwani-rabat-100ml\/","title":{"rendered":"Perfume French Avenue Diwani Rabat &#8211; Unisex EDP 100mL"},"content":{"rendered":"<p data-start=\"330\" data-end=\"657\">El Perfume French Avenue Diwani Rabat destaca por su combinaci\u00f3n de notas ambaradas, dulces y amaderadas, ofreciendo una experiencia c\u00e1lida, envolvente y sofisticada. Inspirado en la riqueza de las fragancias orientales, esta creaci\u00f3n transmite elegancia, profundidad y un estilo moderno con gran car\u00e1cter.<\/p>\n<p data-start=\"659\" data-end=\"1039\">Desde la primera aplicaci\u00f3n, se percibe una apertura suave con matices dulces que aportan una sensaci\u00f3n atractiva y refinada. A medida que evoluciona, el aroma revela un coraz\u00f3n c\u00e1lido con notas arom\u00e1ticas y ligeros toques especiados que aportan equilibrio y personalidad. Finalmente, su base de \u00e1mbar, vainilla y maderas crea una estela duradera, intensa y altamente seductora.<\/p>\n<p data-start=\"1041\" data-end=\"1323\">Gracias a su excelente fijaci\u00f3n y proyecci\u00f3n moderada a alta, este perfume es ideal tanto para ocasiones especiales como para el uso diario en climas frescos. Su versatilidad lo convierte en una excelente opci\u00f3n para quienes buscan una fragancia elegante, moderna y con presencia.<\/p>\n<p data-start=\"262\" data-end=\"651\">\n<p data-start=\"1325\" data-end=\"1432\">Este perfume es ideal para quienes desean destacar con una fragancia sofisticada, envolvente y memorable.<\/p>\n","protected":false},"excerpt":{"rendered":"<p>Perfume French Avenue Diwani Rabat es una fragancia para hombre y mujeres con notas ambaradas, dulces y amaderadas. Aroma elegante, c\u00e1lido y sofisticado, ideal para d\u00eda y noche.<\/p>\n","protected":false},"featured_media":17292,"template":"","meta":{"_acf_changed":false,"rs_blank_template":"","rs_page_bg_color":"","slide_template_v7":""},"product_brand":[137],"product_cat":[88,233],"product_tag":[],"woo-feed-brand":[],"class_list":{"0":"post-10210","1":"product","2":"type-product","3":"status-publish","4":"has-post-thumbnail","6":"product_brand-french-avenue","7":"product_cat-perfumes","8":"product_cat-unisex","10":"first","11":"instock","12":"purchasable","13":"product-type-simple"},"acf":[],"_links":{"self":[{"href":"https:\/\/agatres.co\/es\/wp-json\/wp\/v2\/product\/10210","targetHints":{"allow":["GET"]}}],"collection":[{"href":"https:\/\/agatres.co\/es\/wp-json\/wp\/v2\/product"}],"about":[{"href":"https:\/\/agatres.co\/es\/wp-json\/wp\/v2\/types\/product"}],"version-history":[{"count":7,"href":"https:\/\/agatres.co\/es\/wp-json\/wp\/v2\/product\/10210\/revisions"}],"predecessor-version":[{"id":24452,"href":"https:\/\/agatres.co\/es\/wp-json\/wp\/v2\/product\/10210\/revisions\/24452"}],"wp:featuredmedia":[{"embeddable":true,"href":"https:\/\/agatres.co\/es\/wp-json\/wp\/v2\/media\/17292"}],"wp:attachment":[{"href":"https:\/\/agatres.co\/es\/wp-json\/wp\/v2\/media?parent=10210"}],"wp:term":[{"taxonomy":"product_brand","embeddable":true,"href":"https:\/\/agatres.co\/es\/wp-json\/wp\/v2\/product_brand?post=10210"},{"taxonomy":"product_cat","embeddable":true,"href":"https:\/\/agatres.co\/es\/wp-json\/wp\/v2\/product_cat?post=10210"},{"taxonomy":"product_tag","embeddable":true,"href":"https:\/\/agatres.co\/es\/wp-json\/wp\/v2\/product_tag?post=10210"},{"taxonomy":"woo-feed-brand","embeddable":true,"href":"https:\/\/agatres.co\/es\/wp-json\/wp\/v2\/woo-feed-brand?post=10210"}],"curies":[{"name":"wp","href":"https:\/\/api.w.org\/{rel}","templated":true}]}}