{"id":10634,"date":"2026-03-08T14:57:17","date_gmt":"2026-03-08T17:57:17","guid":{"rendered":"https:\/\/agatres.co\/product\/lattafa-king-of-arabia-100ml\/"},"modified":"2026-04-29T09:02:39","modified_gmt":"2026-04-29T13:02:39","slug":"lattafa-king-of-arabia-100ml","status":"publish","type":"product","link":"https:\/\/agatres.co\/es\/producto\/lattafa-king-of-arabia-100ml\/","title":{"rendered":"Perfume Lattafa King of Arabia &#8211; Masculino EDP 100mL"},"content":{"rendered":"<p data-start=\"318\" data-end=\"658\">El Perfume Lattafa King of Arabia destaca por su combinaci\u00f3n de notas ambaradas, especiadas y amaderadas, ofreciendo una experiencia lujosa, profunda y con gran car\u00e1cter. Dise\u00f1ado para quienes buscan una fragancia masculina con presencia dominante, esta creaci\u00f3n transmite poder, elegancia y un estilo oriental moderno.<\/p>\n<p data-start=\"660\" data-end=\"1022\">Desde la primera aplicaci\u00f3n, se percibe una apertura c\u00e1lida y especiada que aporta un impacto fuerte y atractivo. A medida que evoluciona, el aroma revela un coraz\u00f3n rico con notas arom\u00e1ticas y acordes intensos que aportan profundidad y sofisticaci\u00f3n. Finalmente, su base de \u00e1mbar, vainilla y maderas crea una estela duradera, envolvente y altamente seductora.<\/p>\n<p data-start=\"1024\" data-end=\"1316\">Gracias a su excelente fijaci\u00f3n y proyecci\u00f3n moderada a alta, este perfume es ideal tanto para ocasiones especiales como para el uso diario en climas frescos. Su car\u00e1cter elegante lo convierte en una excelente opci\u00f3n para quienes buscan una fragancia masculina intensa, moderna y memorable.<\/p>\n<p data-start=\"1318\" data-end=\"1432\">Este perfume es ideal para quienes desean destacar con una fragancia sofisticada, poderosa y con gran presencia.<\/p>\n","protected":false},"excerpt":{"rendered":"<p>Perfume Lattafa King of Arabia es una fragancia masculina con notas ambaradas, especiadas y amaderadas. Aroma intenso, elegante y sofisticado, ideal para d\u00eda y noche.<\/p>\n","protected":false},"featured_media":19863,"template":"","meta":{"_acf_changed":false,"rs_blank_template":"","rs_page_bg_color":"","slide_template_v7":""},"product_brand":[90],"product_cat":[231,88],"product_tag":[],"woo-feed-brand":[],"class_list":{"0":"post-10634","1":"product","2":"type-product","3":"status-publish","4":"has-post-thumbnail","6":"product_brand-lattafa","7":"product_cat-masculino","8":"product_cat-perfumes","10":"first","11":"outofstock","12":"purchasable","13":"product-type-simple"},"acf":[],"_links":{"self":[{"href":"https:\/\/agatres.co\/es\/wp-json\/wp\/v2\/product\/10634","targetHints":{"allow":["GET"]}}],"collection":[{"href":"https:\/\/agatres.co\/es\/wp-json\/wp\/v2\/product"}],"about":[{"href":"https:\/\/agatres.co\/es\/wp-json\/wp\/v2\/types\/product"}],"version-history":[{"count":2,"href":"https:\/\/agatres.co\/es\/wp-json\/wp\/v2\/product\/10634\/revisions"}],"predecessor-version":[{"id":19862,"href":"https:\/\/agatres.co\/es\/wp-json\/wp\/v2\/product\/10634\/revisions\/19862"}],"wp:featuredmedia":[{"embeddable":true,"href":"https:\/\/agatres.co\/es\/wp-json\/wp\/v2\/media\/19863"}],"wp:attachment":[{"href":"https:\/\/agatres.co\/es\/wp-json\/wp\/v2\/media?parent=10634"}],"wp:term":[{"taxonomy":"product_brand","embeddable":true,"href":"https:\/\/agatres.co\/es\/wp-json\/wp\/v2\/product_brand?post=10634"},{"taxonomy":"product_cat","embeddable":true,"href":"https:\/\/agatres.co\/es\/wp-json\/wp\/v2\/product_cat?post=10634"},{"taxonomy":"product_tag","embeddable":true,"href":"https:\/\/agatres.co\/es\/wp-json\/wp\/v2\/product_tag?post=10634"},{"taxonomy":"woo-feed-brand","embeddable":true,"href":"https:\/\/agatres.co\/es\/wp-json\/wp\/v2\/woo-feed-brand?post=10634"}],"curies":[{"name":"wp","href":"https:\/\/api.w.org\/{rel}","templated":true}]}}