{"id":10660,"date":"2026-02-09T15:28:42","date_gmt":"2026-02-09T18:28:42","guid":{"rendered":"https:\/\/agatres.co\/product\/lattafa-niche-al-narjis-100ml\/"},"modified":"2026-04-29T10:16:35","modified_gmt":"2026-04-29T14:16:35","slug":"lattafa-niche-al-narjis-100ml","status":"publish","type":"product","link":"https:\/\/agatres.co\/es\/producto\/lattafa-niche-al-narjis-100ml\/","title":{"rendered":"Perfume Lattafa Niche Al Narjis &#8211; Unisex EDP 100mL"},"content":{"rendered":"<p data-start=\"325\" data-end=\"648\">El Perfume Lattafa Niche Al Narjis destaca por su combinaci\u00f3n de notas florales, frescas y ambaradas, ofreciendo una experiencia refinada, luminosa y equilibrada. Dise\u00f1ado para quienes buscan una fragancia elegante con un toque natural, esta creaci\u00f3n transmite frescura, delicadeza y un estilo moderno.<\/p>\n<p data-start=\"650\" data-end=\"1056\">Desde la primera aplicaci\u00f3n, se percibe una apertura fresca y suave con matices ligeros que aportan una sensaci\u00f3n limpia y revitalizante. A medida que evoluciona, el aroma revela un coraz\u00f3n floral protagonizado por el narciso, acompa\u00f1ado de notas delicadas que aportan feminidad y sofisticaci\u00f3n. Finalmente, su base de \u00e1mbar, almizcle y maderas suaves crea una estela duradera, envolvente y muy elegante.<\/p>\n<p data-start=\"1058\" data-end=\"1320\">Gracias a su buena fijaci\u00f3n y proyecci\u00f3n moderada, este perfume es ideal tanto para el uso diario como para ocasiones especiales. Su car\u00e1cter vers\u00e1til lo convierte en una excelente opci\u00f3n para quienes buscan una fragancia sofisticada, ligera y f\u00e1cil de llevar.<\/p>\n<p data-start=\"1322\" data-end=\"1422\">Este perfume es ideal para quienes desean destacar con una fragancia elegante, fresca y memorable.<\/p>\n","protected":false},"excerpt":{"rendered":"<p>Perfume Lattafa Niche Al Narjis es una fragancia para hombre y mujeres con notas florales, frescas y ambaradas. Aroma elegante, delicado y sofisticado, ideal para d\u00eda y noche.<\/p>\n","protected":false},"featured_media":24813,"template":"","meta":{"_acf_changed":false,"rs_blank_template":"","rs_page_bg_color":"","slide_template_v7":""},"product_brand":[90],"product_cat":[88,233],"product_tag":[],"woo-feed-brand":[],"class_list":{"0":"post-10660","1":"product","2":"type-product","3":"status-publish","4":"has-post-thumbnail","6":"product_brand-lattafa","7":"product_cat-perfumes","8":"product_cat-unisex","10":"first","11":"outofstock","12":"purchasable","13":"product-type-simple"},"acf":[],"_links":{"self":[{"href":"https:\/\/agatres.co\/es\/wp-json\/wp\/v2\/product\/10660","targetHints":{"allow":["GET"]}}],"collection":[{"href":"https:\/\/agatres.co\/es\/wp-json\/wp\/v2\/product"}],"about":[{"href":"https:\/\/agatres.co\/es\/wp-json\/wp\/v2\/types\/product"}],"version-history":[{"count":1,"href":"https:\/\/agatres.co\/es\/wp-json\/wp\/v2\/product\/10660\/revisions"}],"predecessor-version":[{"id":10661,"href":"https:\/\/agatres.co\/es\/wp-json\/wp\/v2\/product\/10660\/revisions\/10661"}],"wp:featuredmedia":[{"embeddable":true,"href":"https:\/\/agatres.co\/es\/wp-json\/wp\/v2\/media\/24813"}],"wp:attachment":[{"href":"https:\/\/agatres.co\/es\/wp-json\/wp\/v2\/media?parent=10660"}],"wp:term":[{"taxonomy":"product_brand","embeddable":true,"href":"https:\/\/agatres.co\/es\/wp-json\/wp\/v2\/product_brand?post=10660"},{"taxonomy":"product_cat","embeddable":true,"href":"https:\/\/agatres.co\/es\/wp-json\/wp\/v2\/product_cat?post=10660"},{"taxonomy":"product_tag","embeddable":true,"href":"https:\/\/agatres.co\/es\/wp-json\/wp\/v2\/product_tag?post=10660"},{"taxonomy":"woo-feed-brand","embeddable":true,"href":"https:\/\/agatres.co\/es\/wp-json\/wp\/v2\/woo-feed-brand?post=10660"}],"curies":[{"name":"wp","href":"https:\/\/api.w.org\/{rel}","templated":true}]}}