{"id":10664,"date":"2026-02-09T15:33:13","date_gmt":"2026-02-09T18:33:13","guid":{"rendered":"https:\/\/agatres.co\/product\/lattafa-niche-vintage-castle-100ml\/"},"modified":"2026-04-29T12:00:47","modified_gmt":"2026-04-29T16:00:47","slug":"lattafa-niche-emarati-vintage-castle-100ml","status":"publish","type":"product","link":"https:\/\/agatres.co\/es\/producto\/lattafa-niche-emarati-vintage-castle-100ml\/","title":{"rendered":"Perfume Lattafa Niche Vintage Castle &#8211; Unisex EDP 100mL"},"content":{"rendered":"<p data-start=\"339\" data-end=\"654\">El Perfume Lattafa Niche Vintage Castle destaca por su combinaci\u00f3n de notas amaderadas, ambaradas y especiadas, ofreciendo una experiencia profunda, refinada y con un aire cl\u00e1sico. Inspirado en la elegancia de \u00e9pocas pasadas, esta fragancia transmite distinci\u00f3n, lujo y una presencia atemporal.<\/p>\n<p data-start=\"656\" data-end=\"1023\">Desde la primera aplicaci\u00f3n, se percibe una apertura c\u00e1lida y especiada que aporta un impacto envolvente y atractivo. A medida que evoluciona, el aroma revela un coraz\u00f3n arom\u00e1tico con matices intensos y acordes sofisticados que aportan car\u00e1cter y equilibrio. Finalmente, su base de \u00e1mbar, vainilla y maderas crea una estela duradera, elegante y altamente seductora.<\/p>\n<p data-start=\"1025\" data-end=\"1310\">Gracias a su excelente fijaci\u00f3n y proyecci\u00f3n moderada a alta, este perfume es ideal tanto para ocasiones especiales como para el uso diario en climas frescos. Su versatilidad lo convierte en una excelente opci\u00f3n para quienes buscan una fragancia elegante, cl\u00e1sica y moderna a la vez.<\/p>\n<p data-start=\"1312\" data-end=\"1425\">Este perfume es ideal para quienes desean destacar con una fragancia sofisticada, intensa y con gran presencia.<\/p>\n","protected":false},"excerpt":{"rendered":"<p>Perfume Lattafa Niche Vintage Castle es una fragancia para hombre y mujeres con notas amaderadas, ambaradas y especiadas. Aroma elegante, intenso y sofisticado, ideal para d\u00eda y noche.<\/p>\n","protected":false},"featured_media":25477,"template":"","meta":{"_acf_changed":false,"rs_blank_template":"","rs_page_bg_color":"","slide_template_v7":""},"product_brand":[90],"product_cat":[88,233],"product_tag":[],"woo-feed-brand":[],"class_list":{"0":"post-10664","1":"product","2":"type-product","3":"status-publish","4":"has-post-thumbnail","6":"product_brand-lattafa","7":"product_cat-perfumes","8":"product_cat-unisex","10":"first","11":"outofstock","12":"purchasable","13":"product-type-simple"},"acf":[],"_links":{"self":[{"href":"https:\/\/agatres.co\/es\/wp-json\/wp\/v2\/product\/10664","targetHints":{"allow":["GET"]}}],"collection":[{"href":"https:\/\/agatres.co\/es\/wp-json\/wp\/v2\/product"}],"about":[{"href":"https:\/\/agatres.co\/es\/wp-json\/wp\/v2\/types\/product"}],"version-history":[{"count":2,"href":"https:\/\/agatres.co\/es\/wp-json\/wp\/v2\/product\/10664\/revisions"}],"predecessor-version":[{"id":15690,"href":"https:\/\/agatres.co\/es\/wp-json\/wp\/v2\/product\/10664\/revisions\/15690"}],"wp:featuredmedia":[{"embeddable":true,"href":"https:\/\/agatres.co\/es\/wp-json\/wp\/v2\/media\/25477"}],"wp:attachment":[{"href":"https:\/\/agatres.co\/es\/wp-json\/wp\/v2\/media?parent=10664"}],"wp:term":[{"taxonomy":"product_brand","embeddable":true,"href":"https:\/\/agatres.co\/es\/wp-json\/wp\/v2\/product_brand?post=10664"},{"taxonomy":"product_cat","embeddable":true,"href":"https:\/\/agatres.co\/es\/wp-json\/wp\/v2\/product_cat?post=10664"},{"taxonomy":"product_tag","embeddable":true,"href":"https:\/\/agatres.co\/es\/wp-json\/wp\/v2\/product_tag?post=10664"},{"taxonomy":"woo-feed-brand","embeddable":true,"href":"https:\/\/agatres.co\/es\/wp-json\/wp\/v2\/woo-feed-brand?post=10664"}],"curies":[{"name":"wp","href":"https:\/\/api.w.org\/{rel}","templated":true}]}}