{"id":14820,"date":"2026-02-09T15:28:17","date_gmt":"2026-02-09T18:28:17","guid":{"rendered":"https:\/\/agatres.co\/product\/lattafa-art-of-arabia-i-100ml\/"},"modified":"2026-04-27T13:16:14","modified_gmt":"2026-04-27T17:16:14","slug":"lattafa-art-of-arabia-i-100ml","status":"publish","type":"product","link":"https:\/\/agatres.co\/es\/producto\/lattafa-art-of-arabia-i-100ml\/","title":{"rendered":"Perfume Lattafa Art of Arabia I &#8211; Masculino EDP 100mL"},"content":{"rendered":"<p data-start=\"306\" data-end=\"653\">El Perfume Lattafa Art of Arabia I destaca por su combinaci\u00f3n de notas especiadas, amaderadas y ambaradas, ofreciendo una experiencia rica, profunda y con esencia oriental. Dise\u00f1ado para quienes buscan una fragancia masculina con car\u00e1cter y distinci\u00f3n, esta creaci\u00f3n transmite lujo, tradici\u00f3n y modernidad en perfecta armon\u00eda.<\/p>\n<p data-start=\"655\" data-end=\"1022\">Desde la primera aplicaci\u00f3n, se percibe una apertura especiada y c\u00e1lida que aporta un impacto envolvente y atractivo. A medida que evoluciona, el aroma revela un coraz\u00f3n intenso con notas arom\u00e1ticas y acordes amaderados que aportan profundidad y elegancia. Finalmente, su base de \u00e1mbar, resinas y maderas crea una estela duradera, sofisticada y altamente seductora.<\/p>\n<p data-start=\"1024\" data-end=\"1319\">Gracias a su excelente fijaci\u00f3n y proyecci\u00f3n moderada a alta, este perfume es ideal tanto para ocasiones especiales como para el uso diario en climas frescos. Su car\u00e1cter envolvente lo convierte en una excelente opci\u00f3n para quienes buscan una fragancia masculina elegante, intensa y memorable.<\/p>\n<p data-start=\"329\" data-end=\"666\">\n<p data-start=\"1321\" data-end=\"1434\">Este perfume es ideal para quienes desean destacar con una fragancia sofisticada, ex\u00f3tica y con gran presencia.<\/p>\n","protected":false},"excerpt":{"rendered":"<p>Perfume Lattafa Art of Arabia I es una fragancia masculina con notas especiadas, amaderadas y ambaradas. Aroma intenso, elegante y sofisticado, ideal para d\u00eda y noche.<\/p>\n","protected":false},"featured_media":22110,"template":"","meta":{"_acf_changed":false,"rs_blank_template":"","rs_page_bg_color":"","slide_template_v7":""},"product_brand":[90],"product_cat":[231,88],"product_tag":[],"woo-feed-brand":[],"class_list":{"0":"post-14820","1":"product","2":"type-product","3":"status-publish","4":"has-post-thumbnail","6":"product_brand-lattafa","7":"product_cat-masculino","8":"product_cat-perfumes","10":"first","11":"instock","12":"purchasable","13":"product-type-simple"},"acf":[],"_links":{"self":[{"href":"https:\/\/agatres.co\/es\/wp-json\/wp\/v2\/product\/14820","targetHints":{"allow":["GET"]}}],"collection":[{"href":"https:\/\/agatres.co\/es\/wp-json\/wp\/v2\/product"}],"about":[{"href":"https:\/\/agatres.co\/es\/wp-json\/wp\/v2\/types\/product"}],"version-history":[{"count":7,"href":"https:\/\/agatres.co\/es\/wp-json\/wp\/v2\/product\/14820\/revisions"}],"predecessor-version":[{"id":24485,"href":"https:\/\/agatres.co\/es\/wp-json\/wp\/v2\/product\/14820\/revisions\/24485"}],"wp:featuredmedia":[{"embeddable":true,"href":"https:\/\/agatres.co\/es\/wp-json\/wp\/v2\/media\/22110"}],"wp:attachment":[{"href":"https:\/\/agatres.co\/es\/wp-json\/wp\/v2\/media?parent=14820"}],"wp:term":[{"taxonomy":"product_brand","embeddable":true,"href":"https:\/\/agatres.co\/es\/wp-json\/wp\/v2\/product_brand?post=14820"},{"taxonomy":"product_cat","embeddable":true,"href":"https:\/\/agatres.co\/es\/wp-json\/wp\/v2\/product_cat?post=14820"},{"taxonomy":"product_tag","embeddable":true,"href":"https:\/\/agatres.co\/es\/wp-json\/wp\/v2\/product_tag?post=14820"},{"taxonomy":"woo-feed-brand","embeddable":true,"href":"https:\/\/agatres.co\/es\/wp-json\/wp\/v2\/woo-feed-brand?post=14820"}],"curies":[{"name":"wp","href":"https:\/\/api.w.org\/{rel}","templated":true}]}}