{"id":14847,"date":"2026-02-09T15:33:13","date_gmt":"2026-02-09T18:33:13","guid":{"rendered":"https:\/\/agatres.co\/product\/lattafa-niche-mughal-fort-100ml\/"},"modified":"2026-04-29T11:46:39","modified_gmt":"2026-04-29T15:46:39","slug":"lattafa-niche-emarati-mughal-fort-100ml","status":"publish","type":"product","link":"https:\/\/agatres.co\/es\/producto\/lattafa-niche-emarati-mughal-fort-100ml\/","title":{"rendered":"Perfume Lattafa Niche Mughal Fort &#8211; Unisex EDP 100mL"},"content":{"rendered":"<p data-start=\"331\" data-end=\"649\">El Perfume Lattafa Niche Mughal Fort destaca por su combinaci\u00f3n de notas amaderadas, especiadas y ambaradas, ofreciendo una experiencia rica, profunda y con un aire majestuoso. Inspirado en la opulencia de la cultura Mughal, esta fragancia transmite elegancia, poder y un estilo oriental refinado.<\/p>\n<p data-start=\"651\" data-end=\"1019\">Desde la primera aplicaci\u00f3n, se percibe una apertura c\u00e1lida y especiada que aporta un impacto envolvente y atractivo. A medida que evoluciona, el aroma revela un coraz\u00f3n arom\u00e1tico con acordes intensos y matices profundos que aportan car\u00e1cter y sofisticaci\u00f3n. Finalmente, su base de \u00e1mbar, resinas y maderas crea una estela duradera, envolvente y altamente seductora.<\/p>\n<p data-start=\"1021\" data-end=\"1288\">Gracias a su excelente fijaci\u00f3n y proyecci\u00f3n moderada a alta, este perfume es ideal para ocasiones especiales, uso nocturno o climas frescos. Su car\u00e1cter elegante lo convierte en una excelente opci\u00f3n para quienes buscan una fragancia exclusiva, intensa y memorable.<\/p>\n<p data-start=\"1290\" data-end=\"1402\">Este perfume es ideal para quienes desean destacar con una fragancia sofisticada, lujosa y con gran presencia.<\/p>\n","protected":false},"excerpt":{"rendered":"<p>Perfume Lattafa Niche Mughal Fort es una fragancia para hombre y mujeres con notas amaderadas, especiadas y ambaradas. Aroma intenso, lujoso y sofisticado, ideal para d\u00eda y noche.<\/p>\n","protected":false},"featured_media":25476,"template":"","meta":{"_acf_changed":false,"rs_blank_template":"","rs_page_bg_color":"","slide_template_v7":""},"product_brand":[90],"product_cat":[88,233],"product_tag":[],"woo-feed-brand":[],"class_list":{"0":"post-14847","1":"product","2":"type-product","3":"status-publish","4":"has-post-thumbnail","6":"product_brand-lattafa","7":"product_cat-perfumes","8":"product_cat-unisex","10":"first","11":"outofstock","12":"purchasable","13":"product-type-simple"},"acf":[],"_links":{"self":[{"href":"https:\/\/agatres.co\/es\/wp-json\/wp\/v2\/product\/14847","targetHints":{"allow":["GET"]}}],"collection":[{"href":"https:\/\/agatres.co\/es\/wp-json\/wp\/v2\/product"}],"about":[{"href":"https:\/\/agatres.co\/es\/wp-json\/wp\/v2\/types\/product"}],"version-history":[{"count":2,"href":"https:\/\/agatres.co\/es\/wp-json\/wp\/v2\/product\/14847\/revisions"}],"predecessor-version":[{"id":15688,"href":"https:\/\/agatres.co\/es\/wp-json\/wp\/v2\/product\/14847\/revisions\/15688"}],"wp:featuredmedia":[{"embeddable":true,"href":"https:\/\/agatres.co\/es\/wp-json\/wp\/v2\/media\/25476"}],"wp:attachment":[{"href":"https:\/\/agatres.co\/es\/wp-json\/wp\/v2\/media?parent=14847"}],"wp:term":[{"taxonomy":"product_brand","embeddable":true,"href":"https:\/\/agatres.co\/es\/wp-json\/wp\/v2\/product_brand?post=14847"},{"taxonomy":"product_cat","embeddable":true,"href":"https:\/\/agatres.co\/es\/wp-json\/wp\/v2\/product_cat?post=14847"},{"taxonomy":"product_tag","embeddable":true,"href":"https:\/\/agatres.co\/es\/wp-json\/wp\/v2\/product_tag?post=14847"},{"taxonomy":"woo-feed-brand","embeddable":true,"href":"https:\/\/agatres.co\/es\/wp-json\/wp\/v2\/woo-feed-brand?post=14847"}],"curies":[{"name":"wp","href":"https:\/\/api.w.org\/{rel}","templated":true}]}}