{"id":14849,"date":"2026-03-08T14:57:17","date_gmt":"2026-03-08T17:57:17","guid":{"rendered":"https:\/\/agatres.co\/product\/lattafa-niche-remas-100ml\/"},"modified":"2026-04-29T12:00:48","modified_gmt":"2026-04-29T16:00:48","slug":"lattafa-niche-remas-100ml","status":"publish","type":"product","link":"https:\/\/agatres.co\/es\/producto\/lattafa-niche-remas-100ml\/","title":{"rendered":"Perfume Lattafa Niche Remas &#8211; Unisex EDP 100mL"},"content":{"rendered":"<p data-start=\"315\" data-end=\"633\">El Perfume Lattafa Niche Remas destaca por su combinaci\u00f3n de notas dulces, florales y ambaradas, ofreciendo una experiencia sofisticada, delicada y con un toque lujoso. Dise\u00f1ado para quienes buscan una fragancia refinada y vers\u00e1til, esta creaci\u00f3n transmite elegancia, suavidad y un estilo moderno.<\/p>\n<p data-start=\"635\" data-end=\"1017\">Desde la primera aplicaci\u00f3n, se percibe una apertura luminosa con matices suaves y ligeramente dulces que aportan una sensaci\u00f3n atractiva y armoniosa. A medida que evoluciona, el aroma revela un coraz\u00f3n floral elegante con acordes delicados que aportan feminidad y equilibrio. Finalmente, su base de \u00e1mbar, vainilla y almizcle crea una estela duradera, envolvente y muy seductora.<\/p>\n<p data-start=\"1019\" data-end=\"1289\">Gracias a su buena fijaci\u00f3n y proyecci\u00f3n moderada a alta, este perfume es ideal tanto para el uso diario como para ocasiones especiales. Su car\u00e1cter vers\u00e1til lo convierte en una excelente opci\u00f3n para quienes buscan una fragancia sofisticada, moderna y f\u00e1cil de llevar.<\/p>\n<p data-start=\"1291\" data-end=\"1393\">Este perfume es ideal para quienes desean destacar con una fragancia elegante, delicada y memorable.<\/p>\n","protected":false},"excerpt":{"rendered":"<p>Perfume Lattafa Niche Remas es una fragancia para hombre y mujeres con notas dulces, florales y ambaradas. Aroma elegante, luminoso y envolvente, ideal para d\u00eda y noche.<\/p>\n","protected":false},"featured_media":19869,"template":"","meta":{"_acf_changed":false,"rs_blank_template":"","rs_page_bg_color":"","slide_template_v7":""},"product_brand":[90],"product_cat":[88,233],"product_tag":[],"woo-feed-brand":[],"class_list":{"0":"post-14849","1":"product","2":"type-product","3":"status-publish","4":"has-post-thumbnail","6":"product_brand-lattafa","7":"product_cat-perfumes","8":"product_cat-unisex","10":"first","11":"outofstock","12":"purchasable","13":"product-type-simple"},"acf":[],"_links":{"self":[{"href":"https:\/\/agatres.co\/es\/wp-json\/wp\/v2\/product\/14849","targetHints":{"allow":["GET"]}}],"collection":[{"href":"https:\/\/agatres.co\/es\/wp-json\/wp\/v2\/product"}],"about":[{"href":"https:\/\/agatres.co\/es\/wp-json\/wp\/v2\/types\/product"}],"version-history":[{"count":3,"href":"https:\/\/agatres.co\/es\/wp-json\/wp\/v2\/product\/14849\/revisions"}],"predecessor-version":[{"id":19868,"href":"https:\/\/agatres.co\/es\/wp-json\/wp\/v2\/product\/14849\/revisions\/19868"}],"wp:featuredmedia":[{"embeddable":true,"href":"https:\/\/agatres.co\/es\/wp-json\/wp\/v2\/media\/19869"}],"wp:attachment":[{"href":"https:\/\/agatres.co\/es\/wp-json\/wp\/v2\/media?parent=14849"}],"wp:term":[{"taxonomy":"product_brand","embeddable":true,"href":"https:\/\/agatres.co\/es\/wp-json\/wp\/v2\/product_brand?post=14849"},{"taxonomy":"product_cat","embeddable":true,"href":"https:\/\/agatres.co\/es\/wp-json\/wp\/v2\/product_cat?post=14849"},{"taxonomy":"product_tag","embeddable":true,"href":"https:\/\/agatres.co\/es\/wp-json\/wp\/v2\/product_tag?post=14849"},{"taxonomy":"woo-feed-brand","embeddable":true,"href":"https:\/\/agatres.co\/es\/wp-json\/wp\/v2\/woo-feed-brand?post=14849"}],"curies":[{"name":"wp","href":"https:\/\/api.w.org\/{rel}","templated":true}]}}