{"id":15095,"date":"2026-02-09T15:32:55","date_gmt":"2026-02-09T18:32:55","guid":{"rendered":"https:\/\/agatres.co\/product\/lattafa-eclaire-banoffi-100ml\/"},"modified":"2026-04-29T08:46:23","modified_gmt":"2026-04-29T12:46:23","slug":"lattafa-eclaire-banoffi-100ml","status":"publish","type":"product","link":"https:\/\/agatres.co\/es\/producto\/lattafa-eclaire-banoffi-100ml\/","title":{"rendered":"Perfume Lattafa Eclaire Banoffi &#8211; Femenino EDP 100mL"},"content":{"rendered":"<p data-start=\"315\" data-end=\"623\">El Perfume Lattafa Eclaire Banoffi destaca por su combinaci\u00f3n de notas gourmand, dulces y avainilladas, ofreciendo una experiencia indulgente, c\u00e1lida y altamente adictiva. Inspirado en postres cremosos tipo banoffee, esta fragancia transmite dulzura, elegancia y un encanto irresistible.<\/p>\n<p data-start=\"625\" data-end=\"1021\">Desde la primera aplicaci\u00f3n, se percibe una apertura rica y dulce con matices que recuerdan al pl\u00e1tano y caramelo, aportando una sensaci\u00f3n deliciosa y envolvente. A medida que evoluciona, el aroma revela un coraz\u00f3n cremoso con acordes gourmand que aportan profundidad y suavidad. Finalmente, su base de vainilla, almizcle y notas c\u00e1lidas crea una estela duradera, reconfortante y muy seductora.<\/p>\n<p data-start=\"1023\" data-end=\"1328\">Gracias a su excelente fijaci\u00f3n y proyecci\u00f3n moderada a alta, este perfume es ideal tanto para el uso diario como para ocasiones especiales, especialmente en climas frescos. Su car\u00e1cter dulce lo convierte en una excelente opci\u00f3n para quienes buscan una fragancia femenina moderna, divertida y memorable.<\/p>\n<p data-start=\"1330\" data-end=\"1445\">Este perfume es ideal para quienes desean destacar con una fragancia deliciosa, sofisticada y con gran presencia.<\/p>\n","protected":false},"excerpt":{"rendered":"<p>Perfume Lattafa Eclaire Banoffi es una fragancia femenina con notas gourmand, dulces y avainilladas. Aroma cremoso, delicioso y envolvente, ideal para d\u00eda y noche.<\/p>\n","protected":false},"featured_media":25444,"template":"","meta":{"_acf_changed":false,"rs_blank_template":"","rs_page_bg_color":"","slide_template_v7":""},"product_brand":[90],"product_cat":[232,88],"product_tag":[],"woo-feed-brand":[],"class_list":{"0":"post-15095","1":"product","2":"type-product","3":"status-publish","4":"has-post-thumbnail","6":"product_brand-lattafa","7":"product_cat-femenino","8":"product_cat-perfumes","10":"first","11":"outofstock","12":"purchasable","13":"product-type-simple"},"acf":[],"_links":{"self":[{"href":"https:\/\/agatres.co\/es\/wp-json\/wp\/v2\/product\/15095","targetHints":{"allow":["GET"]}}],"collection":[{"href":"https:\/\/agatres.co\/es\/wp-json\/wp\/v2\/product"}],"about":[{"href":"https:\/\/agatres.co\/es\/wp-json\/wp\/v2\/types\/product"}],"version-history":[{"count":1,"href":"https:\/\/agatres.co\/es\/wp-json\/wp\/v2\/product\/15095\/revisions"}],"predecessor-version":[{"id":15096,"href":"https:\/\/agatres.co\/es\/wp-json\/wp\/v2\/product\/15095\/revisions\/15096"}],"wp:featuredmedia":[{"embeddable":true,"href":"https:\/\/agatres.co\/es\/wp-json\/wp\/v2\/media\/25444"}],"wp:attachment":[{"href":"https:\/\/agatres.co\/es\/wp-json\/wp\/v2\/media?parent=15095"}],"wp:term":[{"taxonomy":"product_brand","embeddable":true,"href":"https:\/\/agatres.co\/es\/wp-json\/wp\/v2\/product_brand?post=15095"},{"taxonomy":"product_cat","embeddable":true,"href":"https:\/\/agatres.co\/es\/wp-json\/wp\/v2\/product_cat?post=15095"},{"taxonomy":"product_tag","embeddable":true,"href":"https:\/\/agatres.co\/es\/wp-json\/wp\/v2\/product_tag?post=15095"},{"taxonomy":"woo-feed-brand","embeddable":true,"href":"https:\/\/agatres.co\/es\/wp-json\/wp\/v2\/woo-feed-brand?post=15095"}],"curies":[{"name":"wp","href":"https:\/\/api.w.org\/{rel}","templated":true}]}}