{"id":4704,"date":"2026-03-08T14:44:40","date_gmt":"2026-03-08T17:44:40","guid":{"rendered":"https:\/\/agatres.co\/product\/asdaaf-ameerat-al-arab-prive-rose-100ml\/"},"modified":"2026-04-30T08:16:57","modified_gmt":"2026-04-30T12:16:57","slug":"lattafa-asdaaf-ameerat-al-arab-prive-ros","status":"publish","type":"product","link":"https:\/\/agatres.co\/es\/producto\/lattafa-asdaaf-ameerat-al-arab-prive-ros\/","title":{"rendered":"Perfume Lattafa Asdaaf Ameerat Al Arab Prive Rose &#8211; Femenino EDP 100mL"},"content":{"rendered":"<p data-start=\"339\" data-end=\"683\">El Perfume Lattafa Asdaaf Ameerat Al Arab Prive Rose destaca por su combinaci\u00f3n de notas florales, rosadas y dulces, ofreciendo una experiencia femenina, sofisticada y encantadora. Dise\u00f1ado para quienes buscan una fragancia elegante con un toque rom\u00e1ntico, esta creaci\u00f3n transmite delicadeza, frescura y un estilo refinado.<\/p>\n<p data-start=\"685\" data-end=\"1073\">Desde la primera aplicaci\u00f3n, se percibe una apertura suave y luminosa con matices frescos que aportan una sensaci\u00f3n atractiva y delicada. A medida que evoluciona, el aroma revela un coraz\u00f3n dominado por la rosa, acompa\u00f1ado de notas florales que aportan feminidad y elegancia. Finalmente, su base de vainilla, almizcle y notas suaves crea una estela duradera, envolvente y muy seductora.<\/p>\n<p data-start=\"1075\" data-end=\"1340\">Gracias a su buena fijaci\u00f3n y proyecci\u00f3n moderada, este perfume es ideal tanto para el uso diario como para ocasiones especiales. Su versatilidad lo convierte en una excelente opci\u00f3n para quienes buscan una fragancia femenina rom\u00e1ntica, moderna y f\u00e1cil de llevar.<\/p>\n<p data-start=\"1342\" data-end=\"1441\">Este perfume es ideal para quienes desean destacar con una fragancia elegante, dulce y memorable.<\/p>\n","protected":false},"excerpt":{"rendered":"<p>Perfume Lattafa Ameerat Al Arab Prive Rose es una fragancia femenina con notas florales, rosadas y dulces. Aroma elegante, delicado y envolvente, ideal para d\u00eda y noche.<\/p>\n","protected":false},"featured_media":18572,"template":"","meta":{"_acf_changed":false,"rs_blank_template":"","rs_page_bg_color":"","slide_template_v7":""},"product_brand":[90],"product_cat":[232,88],"product_tag":[],"woo-feed-brand":[],"class_list":{"0":"post-4704","1":"product","2":"type-product","3":"status-publish","4":"has-post-thumbnail","6":"product_brand-lattafa","7":"product_cat-femenino","8":"product_cat-perfumes","10":"first","11":"outofstock","12":"purchasable","13":"product-type-simple"},"acf":[],"_links":{"self":[{"href":"https:\/\/agatres.co\/es\/wp-json\/wp\/v2\/product\/4704","targetHints":{"allow":["GET"]}}],"collection":[{"href":"https:\/\/agatres.co\/es\/wp-json\/wp\/v2\/product"}],"about":[{"href":"https:\/\/agatres.co\/es\/wp-json\/wp\/v2\/types\/product"}],"version-history":[{"count":2,"href":"https:\/\/agatres.co\/es\/wp-json\/wp\/v2\/product\/4704\/revisions"}],"predecessor-version":[{"id":18571,"href":"https:\/\/agatres.co\/es\/wp-json\/wp\/v2\/product\/4704\/revisions\/18571"}],"wp:featuredmedia":[{"embeddable":true,"href":"https:\/\/agatres.co\/es\/wp-json\/wp\/v2\/media\/18572"}],"wp:attachment":[{"href":"https:\/\/agatres.co\/es\/wp-json\/wp\/v2\/media?parent=4704"}],"wp:term":[{"taxonomy":"product_brand","embeddable":true,"href":"https:\/\/agatres.co\/es\/wp-json\/wp\/v2\/product_brand?post=4704"},{"taxonomy":"product_cat","embeddable":true,"href":"https:\/\/agatres.co\/es\/wp-json\/wp\/v2\/product_cat?post=4704"},{"taxonomy":"product_tag","embeddable":true,"href":"https:\/\/agatres.co\/es\/wp-json\/wp\/v2\/product_tag?post=4704"},{"taxonomy":"woo-feed-brand","embeddable":true,"href":"https:\/\/agatres.co\/es\/wp-json\/wp\/v2\/woo-feed-brand?post=4704"}],"curies":[{"name":"wp","href":"https:\/\/api.w.org\/{rel}","templated":true}]}}