{"id":4771,"date":"2026-03-08T14:27:54","date_gmt":"2026-03-08T17:27:54","guid":{"rendered":"https:\/\/agatres.co\/product\/lattafa-khamrah-qahwa-100ml\/"},"modified":"2026-05-06T02:30:30","modified_gmt":"2026-05-06T06:30:30","slug":"lattafa-khamrah-qahwa-100ml","status":"publish","type":"product","link":"https:\/\/agatres.co\/es\/producto\/lattafa-khamrah-qahwa-100ml\/","title":{"rendered":"Perfume Lattafa Khamrah Qahwa &#8211; Unisex EDP 100mL"},"content":{"rendered":"<p data-start=\"406\" data-end=\"684\">El <span data-start=\"409\" data-end=\"461\">Perfume Lattafa Khamrah Qahwa &#8211; Unisex EDP 100mL<\/span> es una fragancia unisex que destaca por su exquisita combinaci\u00f3n de notas dulces, especiadas y gourmand. Inspirado en la tradici\u00f3n del caf\u00e9 \u00e1rabe, este perfume ofrece una experiencia c\u00e1lida, intensa y altamente adictiva.<\/p>\n<p data-start=\"686\" data-end=\"1166\">Desde la primera aplicaci\u00f3n, se percibe una apertura especiada y vibrante con canela, cardamomo y jengibre, aportando un efecto c\u00e1lido y envolvente. A medida que evoluciona, el aroma revela un coraz\u00f3n dulce y sofisticado compuesto por pralin\u00e9, frutas confitadas y flores blancas, brindando una sensaci\u00f3n cremosa y elegante. Finalmente, su base de caf\u00e9, vainilla, haba tonka, benju\u00ed y almizcle crea una estela profunda, duradera y seductora. <span class=\"\" data-state=\"closed\"><\/span><\/p>\n<p data-start=\"1168\" data-end=\"1438\">Gracias a su alta fijaci\u00f3n y excelente proyecci\u00f3n, este perfume es ideal para noches, ocasiones especiales y temporadas fr\u00edas. Su car\u00e1cter gourmand y especiado lo convierte en una opci\u00f3n perfecta para quienes buscan una fragancia intensa, moderna y con gran presencia.<\/p>\n<p data-start=\"47\" data-end=\"568\">\n<p data-start=\"1440\" data-end=\"1542\">Este perfume es ideal para quienes desean destacar con una fragancia dulce, sofisticada y memorable.<\/p>\n","protected":false},"excerpt":{"rendered":"<p>Perfume Lattafa Khamrah Qahwa es un perfume unisex con notas de canela, caf\u00e9 y vainilla. Fragancia dulce, especiada y envolvente, ideal para uso nocturno y clima fr\u00edo.<\/p>\n","protected":false},"featured_media":16916,"template":"","meta":{"_acf_changed":false,"rs_blank_template":"","rs_page_bg_color":"","slide_template_v7":""},"product_brand":[90],"product_cat":[88,233],"product_tag":[],"woo-feed-brand":[],"class_list":{"0":"post-4771","1":"product","2":"type-product","3":"status-publish","4":"has-post-thumbnail","6":"product_brand-lattafa","7":"product_cat-perfumes","8":"product_cat-unisex","10":"first","11":"instock","12":"purchasable","13":"product-type-simple"},"acf":[],"_links":{"self":[{"href":"https:\/\/agatres.co\/es\/wp-json\/wp\/v2\/product\/4771","targetHints":{"allow":["GET"]}}],"collection":[{"href":"https:\/\/agatres.co\/es\/wp-json\/wp\/v2\/product"}],"about":[{"href":"https:\/\/agatres.co\/es\/wp-json\/wp\/v2\/types\/product"}],"version-history":[{"count":7,"href":"https:\/\/agatres.co\/es\/wp-json\/wp\/v2\/product\/4771\/revisions"}],"predecessor-version":[{"id":24429,"href":"https:\/\/agatres.co\/es\/wp-json\/wp\/v2\/product\/4771\/revisions\/24429"}],"wp:featuredmedia":[{"embeddable":true,"href":"https:\/\/agatres.co\/es\/wp-json\/wp\/v2\/media\/16916"}],"wp:attachment":[{"href":"https:\/\/agatres.co\/es\/wp-json\/wp\/v2\/media?parent=4771"}],"wp:term":[{"taxonomy":"product_brand","embeddable":true,"href":"https:\/\/agatres.co\/es\/wp-json\/wp\/v2\/product_brand?post=4771"},{"taxonomy":"product_cat","embeddable":true,"href":"https:\/\/agatres.co\/es\/wp-json\/wp\/v2\/product_cat?post=4771"},{"taxonomy":"product_tag","embeddable":true,"href":"https:\/\/agatres.co\/es\/wp-json\/wp\/v2\/product_tag?post=4771"},{"taxonomy":"woo-feed-brand","embeddable":true,"href":"https:\/\/agatres.co\/es\/wp-json\/wp\/v2\/woo-feed-brand?post=4771"}],"curies":[{"name":"wp","href":"https:\/\/api.w.org\/{rel}","templated":true}]}}