{"id":4784,"date":"2026-03-08T14:48:18","date_gmt":"2026-03-08T17:48:18","guid":{"rendered":"https:\/\/agatres.co\/product\/lattafa-yara-tous-laranja-100ml\/"},"modified":"2026-05-04T14:32:40","modified_gmt":"2026-05-04T18:32:40","slug":"lattafa-yara-tous-laranja-100ml","status":"publish","type":"product","link":"https:\/\/agatres.co\/es\/producto\/lattafa-yara-tous-laranja-100ml\/","title":{"rendered":"Perfume Lattafa Yara Tous &#8211; Femenino EDP 100mL"},"content":{"rendered":"<p><span id=\"docs-internal-guid-b01c623e-7fff-dbfd-0465-acd435e425c8\"><\/p>\n<p dir=\"ltr\" style=\"line-height: 1.38; margin-top: 12pt; margin-bottom: 12pt;\"><span style=\"font-size: 11pt; font-family: Arial, sans-serif; background-color: transparent; font-variant: normal; vertical-align: baseline; white-space: pre-wrap;\">El <\/span><span style=\"font-size: 11pt; font-family: Arial, sans-serif; background-color: transparent; font-variant: normal; vertical-align: baseline; white-space: pre-wrap;\">Perfume Lattafa Yara Tous &#8211; Femenino EDP 100mL<\/span><span style=\"font-size: 11pt; font-family: Arial, sans-serif; background-color: transparent; font-variant: normal; vertical-align: baseline; white-space: pre-wrap;\"> es una fragancia femenina que destaca por su exquisita combinaci\u00f3n de notas frutales tropicales, florales y gourmand. Lanzado en 2023, este perfume ofrece una experiencia luminosa, dulce y altamente envolvente, ideal para quienes buscan un aroma veraniego y moderno.<\/span><\/p>\n<p dir=\"ltr\" style=\"line-height: 1.38; margin-top: 12pt; margin-bottom: 12pt;\"><span style=\"font-size: 11pt; font-family: Arial, sans-serif; background-color: transparent; font-variant: normal; vertical-align: baseline; white-space: pre-wrap;\">Desde la primera aplicaci\u00f3n, se percibe una apertura jugosa y ex\u00f3tica con <\/span><span style=\"font-size: 11pt; font-family: Arial, sans-serif; background-color: transparent; font-variant: normal; vertical-align: baseline; white-space: pre-wrap;\">mango, coco y maracuy\u00e1 (fruta de la pasi\u00f3n)<\/span><span style=\"font-size: 11pt; font-family: Arial, sans-serif; background-color: transparent; font-variant: normal; vertical-align: baseline; white-space: pre-wrap;\">, aportando un efecto tropical, fresco y vibrante. A medida que evoluciona, el aroma revela un coraz\u00f3n floral elegante compuesto por <\/span><span style=\"font-size: 11pt; font-family: Arial, sans-serif; background-color: transparent; font-variant: normal; vertical-align: baseline; white-space: pre-wrap;\">jazm\u00edn, heliotropo y flor de azahar del naranjo<\/span><span style=\"font-size: 11pt; font-family: Arial, sans-serif; background-color: transparent; font-variant: normal; vertical-align: baseline; white-space: pre-wrap;\">, brindando una sensaci\u00f3n cremosa, femenina y sofisticada. Finalmente, su base de <\/span><span style=\"font-size: 11pt; font-family: Arial, sans-serif; background-color: transparent; font-variant: normal; vertical-align: baseline; white-space: pre-wrap;\">vainilla, almizcle y cachemira<\/span><span style=\"font-size: 11pt; font-family: Arial, sans-serif; background-color: transparent; font-variant: normal; vertical-align: baseline; white-space: pre-wrap;\"> crea una estela c\u00e1lida, suave y duradera, con un fondo dulce y aterciopelado.<\/span><\/p>\n<p dir=\"ltr\" style=\"line-height: 1.38; margin-top: 12pt; margin-bottom: 12pt;\"><span style=\"font-size: 11pt; font-family: Arial, sans-serif; background-color: transparent; font-variant: normal; vertical-align: baseline; white-space: pre-wrap;\">Gracias a su buena fijaci\u00f3n y proyecci\u00f3n moderada, este perfume es ideal para uso diario, vacaciones, clima c\u00e1lido o salidas informales. Su perfil tropical y dulce lo convierte en una excelente opci\u00f3n para quienes buscan una fragancia femenina alegre, juvenil y f\u00e1cil de amar.<\/span><\/p>\n<p dir=\"ltr\" style=\"line-height: 1.38; margin-top: 12pt; margin-bottom: 12pt;\"><span style=\"font-size: 11pt; font-family: Arial, sans-serif; background-color: transparent; font-variant: normal; vertical-align: baseline; white-space: pre-wrap;\">Este perfume es ideal para quienes desean destacar con una fragancia fresca, dulce y memorable.<\/span><\/p>\n<p><\/span><\/p>\n","protected":false},"excerpt":{"rendered":"<p>Perfume Lattafa Yara Tous es un perfume femenino con notas de mango, coco y vainilla. Fragancia tropical, dulce y cremosa, ideal para d\u00eda y clima c\u00e1lido.<\/p>\n","protected":false},"featured_media":18958,"template":"","meta":{"_acf_changed":false,"rs_blank_template":"","rs_page_bg_color":"","slide_template_v7":""},"product_brand":[90],"product_cat":[232,88],"product_tag":[],"woo-feed-brand":[],"class_list":{"0":"post-4784","1":"product","2":"type-product","3":"status-publish","4":"has-post-thumbnail","6":"product_brand-lattafa","7":"product_cat-femenino","8":"product_cat-perfumes","10":"first","11":"outofstock","12":"purchasable","13":"product-type-simple"},"acf":[],"_links":{"self":[{"href":"https:\/\/agatres.co\/es\/wp-json\/wp\/v2\/product\/4784","targetHints":{"allow":["GET"]}}],"collection":[{"href":"https:\/\/agatres.co\/es\/wp-json\/wp\/v2\/product"}],"about":[{"href":"https:\/\/agatres.co\/es\/wp-json\/wp\/v2\/types\/product"}],"version-history":[{"count":2,"href":"https:\/\/agatres.co\/es\/wp-json\/wp\/v2\/product\/4784\/revisions"}],"predecessor-version":[{"id":18957,"href":"https:\/\/agatres.co\/es\/wp-json\/wp\/v2\/product\/4784\/revisions\/18957"}],"wp:featuredmedia":[{"embeddable":true,"href":"https:\/\/agatres.co\/es\/wp-json\/wp\/v2\/media\/18958"}],"wp:attachment":[{"href":"https:\/\/agatres.co\/es\/wp-json\/wp\/v2\/media?parent=4784"}],"wp:term":[{"taxonomy":"product_brand","embeddable":true,"href":"https:\/\/agatres.co\/es\/wp-json\/wp\/v2\/product_brand?post=4784"},{"taxonomy":"product_cat","embeddable":true,"href":"https:\/\/agatres.co\/es\/wp-json\/wp\/v2\/product_cat?post=4784"},{"taxonomy":"product_tag","embeddable":true,"href":"https:\/\/agatres.co\/es\/wp-json\/wp\/v2\/product_tag?post=4784"},{"taxonomy":"woo-feed-brand","embeddable":true,"href":"https:\/\/agatres.co\/es\/wp-json\/wp\/v2\/woo-feed-brand?post=4784"}],"curies":[{"name":"wp","href":"https:\/\/api.w.org\/{rel}","templated":true}]}}