{"id":5114,"date":"2026-02-09T15:33:13","date_gmt":"2026-02-09T18:33:13","guid":{"rendered":"https:\/\/agatres.co\/product\/lattafa-musamam-100ml\/"},"modified":"2026-04-29T10:02:26","modified_gmt":"2026-04-29T14:02:26","slug":"lattafa-musamam-black-100ml","status":"publish","type":"product","link":"https:\/\/agatres.co\/es\/producto\/lattafa-musamam-black-100ml\/","title":{"rendered":"Perfume Lattafa Musamam Black &#8211; Unisex EDP 100mL"},"content":{"rendered":"<p data-start=\"323\" data-end=\"669\">El Perfume Lattafa Musamam Black destaca por su combinaci\u00f3n de notas amaderadas, ambaradas y especiadas, ofreciendo una experiencia profunda, elegante y con un car\u00e1cter misterioso. Dise\u00f1ado para quienes buscan una fragancia intensa y con personalidad, esta creaci\u00f3n transmite sofisticaci\u00f3n, fuerza y una presencia envolvente.<\/p>\n<p data-start=\"671\" data-end=\"1038\">Desde la primera aplicaci\u00f3n, se percibe una apertura c\u00e1lida y especiada que aporta un impacto fuerte y atractivo. A medida que evoluciona, el aroma revela un coraz\u00f3n rico con notas arom\u00e1ticas y acordes profundos que aportan equilibrio y distinci\u00f3n. Finalmente, su base de \u00e1mbar, vainilla y maderas oscuras crea una estela duradera, seductora y altamente envolvente.<\/p>\n<p data-start=\"1040\" data-end=\"1328\">Gracias a su excelente fijaci\u00f3n y proyecci\u00f3n moderada a alta, este perfume es ideal para ocasiones especiales, uso nocturno o climas frescos. Su car\u00e1cter vers\u00e1til lo convierte en una excelente opci\u00f3n tanto para hombres como para mujeres que buscan una fragancia sofisticada y memorable.<\/p>\n<p data-start=\"1330\" data-end=\"1440\">Este perfume es ideal para quienes desean destacar con una fragancia intensa, elegante y con gran presencia.<\/p>\n","protected":false},"excerpt":{"rendered":"<p>Perfume Lattafa Musamam Black es una fragancia para hombre y mujeres con notas amaderadas, ambaradas y especiadas. Aroma intenso, oscuro y sofisticado, ideal para d\u00eda y noche.<\/p>\n","protected":false},"featured_media":25586,"template":"","meta":{"_acf_changed":false,"rs_blank_template":"","rs_page_bg_color":"","slide_template_v7":""},"product_brand":[90],"product_cat":[88,233],"product_tag":[],"woo-feed-brand":[],"class_list":{"0":"post-5114","1":"product","2":"type-product","3":"status-publish","4":"has-post-thumbnail","6":"product_brand-lattafa","7":"product_cat-perfumes","8":"product_cat-unisex","10":"first","11":"outofstock","12":"purchasable","13":"product-type-simple"},"acf":[],"_links":{"self":[{"href":"https:\/\/agatres.co\/es\/wp-json\/wp\/v2\/product\/5114","targetHints":{"allow":["GET"]}}],"collection":[{"href":"https:\/\/agatres.co\/es\/wp-json\/wp\/v2\/product"}],"about":[{"href":"https:\/\/agatres.co\/es\/wp-json\/wp\/v2\/types\/product"}],"version-history":[{"count":1,"href":"https:\/\/agatres.co\/es\/wp-json\/wp\/v2\/product\/5114\/revisions"}],"predecessor-version":[{"id":10659,"href":"https:\/\/agatres.co\/es\/wp-json\/wp\/v2\/product\/5114\/revisions\/10659"}],"wp:featuredmedia":[{"embeddable":true,"href":"https:\/\/agatres.co\/es\/wp-json\/wp\/v2\/media\/25586"}],"wp:attachment":[{"href":"https:\/\/agatres.co\/es\/wp-json\/wp\/v2\/media?parent=5114"}],"wp:term":[{"taxonomy":"product_brand","embeddable":true,"href":"https:\/\/agatres.co\/es\/wp-json\/wp\/v2\/product_brand?post=5114"},{"taxonomy":"product_cat","embeddable":true,"href":"https:\/\/agatres.co\/es\/wp-json\/wp\/v2\/product_cat?post=5114"},{"taxonomy":"product_tag","embeddable":true,"href":"https:\/\/agatres.co\/es\/wp-json\/wp\/v2\/product_tag?post=5114"},{"taxonomy":"woo-feed-brand","embeddable":true,"href":"https:\/\/agatres.co\/es\/wp-json\/wp\/v2\/woo-feed-brand?post=5114"}],"curies":[{"name":"wp","href":"https:\/\/api.w.org\/{rel}","templated":true}]}}