{"id":5316,"date":"2026-02-09T15:33:13","date_gmt":"2026-02-09T18:33:13","guid":{"rendered":"https:\/\/agatres.co\/product\/lattafa-al-jawhara-100ml\/"},"modified":"2026-04-29T11:46:56","modified_gmt":"2026-04-29T15:46:56","slug":"lattafa-niche-emarati-al-jawhara-100ml","status":"publish","type":"product","link":"https:\/\/agatres.co\/es\/producto\/lattafa-niche-emarati-al-jawhara-100ml\/","title":{"rendered":"Perfume Lattafa Niche Emarati Al Jawhara &#8211; Unisex EDP 100mL"},"content":{"rendered":"<p data-start=\"339\" data-end=\"679\">El Perfume Lattafa Niche Emarati Al Jawhara destaca por su combinaci\u00f3n de notas dulces, ambaradas y florales, ofreciendo una experiencia sofisticada, rica y con un aire de exclusividad. Dise\u00f1ado para quienes buscan una fragancia con car\u00e1cter refinado, esta creaci\u00f3n transmite lujo, elegancia y una presencia distintiva.<\/p>\n<p data-start=\"681\" data-end=\"1067\">Desde la primera aplicaci\u00f3n, se percibe una apertura suave con matices dulces y ligeros toques frescos que aportan una sensaci\u00f3n atractiva y luminosa. A medida que evoluciona, el aroma revela un coraz\u00f3n floral elegante con acordes c\u00e1lidos que aportan feminidad y equilibrio. Finalmente, su base de \u00e1mbar, vainilla y almizcle crea una estela duradera, envolvente y altamente seductora.<\/p>\n<p data-start=\"1069\" data-end=\"1350\">Gracias a su excelente fijaci\u00f3n y proyecci\u00f3n moderada a alta, este perfume es ideal tanto para ocasiones especiales como para el uso diario en climas frescos. Su versatilidad lo convierte en una excelente opci\u00f3n para quienes buscan una fragancia sofisticada, moderna y memorable.<\/p>\n<p data-start=\"1352\" data-end=\"1461\">Este perfume es ideal para quienes desean destacar con una fragancia elegante, lujosa y con gran presencia.<\/p>\n","protected":false},"excerpt":{"rendered":"<p>Perfume Lattafa Niche Emarati Al Jawhara es una fragancia para hombre y mujeres con notas dulces, ambaradas y florales. Aroma elegante, lujoso y envolvente, ideal para d\u00eda y noche.<\/p>\n","protected":false},"featured_media":25479,"template":"","meta":{"_acf_changed":false,"rs_blank_template":"","rs_page_bg_color":"","slide_template_v7":""},"product_brand":[90],"product_cat":[88,233],"product_tag":[],"woo-feed-brand":[],"class_list":{"0":"post-5316","1":"product","2":"type-product","3":"status-publish","4":"has-post-thumbnail","6":"product_brand-lattafa","7":"product_cat-perfumes","8":"product_cat-unisex","10":"first","11":"outofstock","12":"purchasable","13":"product-type-simple"},"acf":[],"_links":{"self":[{"href":"https:\/\/agatres.co\/es\/wp-json\/wp\/v2\/product\/5316","targetHints":{"allow":["GET"]}}],"collection":[{"href":"https:\/\/agatres.co\/es\/wp-json\/wp\/v2\/product"}],"about":[{"href":"https:\/\/agatres.co\/es\/wp-json\/wp\/v2\/types\/product"}],"version-history":[{"count":2,"href":"https:\/\/agatres.co\/es\/wp-json\/wp\/v2\/product\/5316\/revisions"}],"predecessor-version":[{"id":14846,"href":"https:\/\/agatres.co\/es\/wp-json\/wp\/v2\/product\/5316\/revisions\/14846"}],"wp:featuredmedia":[{"embeddable":true,"href":"https:\/\/agatres.co\/es\/wp-json\/wp\/v2\/media\/25479"}],"wp:attachment":[{"href":"https:\/\/agatres.co\/es\/wp-json\/wp\/v2\/media?parent=5316"}],"wp:term":[{"taxonomy":"product_brand","embeddable":true,"href":"https:\/\/agatres.co\/es\/wp-json\/wp\/v2\/product_brand?post=5316"},{"taxonomy":"product_cat","embeddable":true,"href":"https:\/\/agatres.co\/es\/wp-json\/wp\/v2\/product_cat?post=5316"},{"taxonomy":"product_tag","embeddable":true,"href":"https:\/\/agatres.co\/es\/wp-json\/wp\/v2\/product_tag?post=5316"},{"taxonomy":"woo-feed-brand","embeddable":true,"href":"https:\/\/agatres.co\/es\/wp-json\/wp\/v2\/woo-feed-brand?post=5316"}],"curies":[{"name":"wp","href":"https:\/\/api.w.org\/{rel}","templated":true}]}}