{"id":5839,"date":"2026-03-08T14:51:41","date_gmt":"2026-03-08T17:51:41","guid":{"rendered":"https:\/\/agatres.co\/product\/lattafa-ejaazi-100ml-edp\/"},"modified":"2026-05-05T11:30:24","modified_gmt":"2026-05-05T15:30:24","slug":"lattafa-ejaazi-100ml-edp","status":"publish","type":"product","link":"https:\/\/agatres.co\/es\/producto\/lattafa-ejaazi-100ml-edp\/","title":{"rendered":"Perfume Lattafa Ejaazi &#8211; Masculino EDP 100mL"},"content":{"rendered":"<p data-start=\"297\" data-end=\"615\">El Perfume Lattafa Ejaazi destaca por su combinaci\u00f3n de notas frescas, especiadas y amaderadas, ofreciendo una experiencia din\u00e1mica, sofisticada y f\u00e1cil de llevar. Dise\u00f1ado para quienes buscan una fragancia masculina vers\u00e1til, esta creaci\u00f3n transmite frescura, elegancia y un estilo contempor\u00e1neo.<\/p>\n<p data-start=\"617\" data-end=\"978\">Desde la primera aplicaci\u00f3n, se percibe una apertura fresca con matices c\u00edtricos y especiados que aportan una sensaci\u00f3n energizante y atractiva. A medida que evoluciona, el aroma revela un coraz\u00f3n arom\u00e1tico con toques c\u00e1lidos que aportan equilibrio y car\u00e1cter. Finalmente, su base de maderas, \u00e1mbar y almizcle crea una estela duradera, limpia y muy agradable.<\/p>\n<p data-start=\"980\" data-end=\"1250\">Gracias a su buena fijaci\u00f3n y proyecci\u00f3n moderada, este perfume es ideal tanto para el uso diario como para ocasiones especiales. Su car\u00e1cter vers\u00e1til lo convierte en una excelente opci\u00f3n para quienes buscan una fragancia masculina moderna, elegante y f\u00e1cil de llevar.<\/p>\n<p data-start=\"1252\" data-end=\"1355\">Este perfume es ideal para quienes desean destacar con una fragancia fresca, sofisticada y memorable.<\/p>\n","protected":false},"excerpt":{"rendered":"<p>Perfume Lattafa Ejaazi es una fragancia masculina con notas frescas, especiadas y amaderadas. Aroma elegante, moderno y vers\u00e1til, ideal para d\u00eda y noche.<\/p>\n","protected":false},"featured_media":19294,"template":"","meta":{"_acf_changed":false,"rs_blank_template":"","rs_page_bg_color":"","slide_template_v7":""},"product_brand":[90],"product_cat":[231,88],"product_tag":[],"woo-feed-brand":[],"class_list":{"0":"post-5839","1":"product","2":"type-product","3":"status-publish","4":"has-post-thumbnail","6":"product_brand-lattafa","7":"product_cat-masculino","8":"product_cat-perfumes","10":"first","11":"instock","12":"purchasable","13":"product-type-simple"},"acf":[],"_links":{"self":[{"href":"https:\/\/agatres.co\/es\/wp-json\/wp\/v2\/product\/5839","targetHints":{"allow":["GET"]}}],"collection":[{"href":"https:\/\/agatres.co\/es\/wp-json\/wp\/v2\/product"}],"about":[{"href":"https:\/\/agatres.co\/es\/wp-json\/wp\/v2\/types\/product"}],"version-history":[{"count":2,"href":"https:\/\/agatres.co\/es\/wp-json\/wp\/v2\/product\/5839\/revisions"}],"predecessor-version":[{"id":19293,"href":"https:\/\/agatres.co\/es\/wp-json\/wp\/v2\/product\/5839\/revisions\/19293"}],"wp:featuredmedia":[{"embeddable":true,"href":"https:\/\/agatres.co\/es\/wp-json\/wp\/v2\/media\/19294"}],"wp:attachment":[{"href":"https:\/\/agatres.co\/es\/wp-json\/wp\/v2\/media?parent=5839"}],"wp:term":[{"taxonomy":"product_brand","embeddable":true,"href":"https:\/\/agatres.co\/es\/wp-json\/wp\/v2\/product_brand?post=5839"},{"taxonomy":"product_cat","embeddable":true,"href":"https:\/\/agatres.co\/es\/wp-json\/wp\/v2\/product_cat?post=5839"},{"taxonomy":"product_tag","embeddable":true,"href":"https:\/\/agatres.co\/es\/wp-json\/wp\/v2\/product_tag?post=5839"},{"taxonomy":"woo-feed-brand","embeddable":true,"href":"https:\/\/agatres.co\/es\/wp-json\/wp\/v2\/woo-feed-brand?post=5839"}],"curies":[{"name":"wp","href":"https:\/\/api.w.org\/{rel}","templated":true}]}}