{"id":5844,"date":"2026-02-09T15:33:13","date_gmt":"2026-02-09T18:33:13","guid":{"rendered":"https:\/\/agatres.co\/product\/lattafa-oud-mood-100ml-unissex\/"},"modified":"2026-04-29T12:01:00","modified_gmt":"2026-04-29T16:01:00","slug":"lattafa-oud-mood-100ml-unissex","status":"publish","type":"product","link":"https:\/\/agatres.co\/es\/producto\/lattafa-oud-mood-100ml-unissex\/","title":{"rendered":"Perfume Lattafa Oud Mood &#8211; Unisex EDP 100mL"},"content":{"rendered":"<p data-start=\"304\" data-end=\"619\">El Perfume Lattafa Oud Mood destaca por su combinaci\u00f3n de notas de oud, dulces y ambaradas, ofreciendo una experiencia rica, profunda y altamente seductora. Dise\u00f1ado para quienes buscan una fragancia oriental con car\u00e1cter, esta creaci\u00f3n transmite elegancia, calidez y una presencia sofisticada.<\/p>\n<p data-start=\"621\" data-end=\"999\">Desde la primera aplicaci\u00f3n, se percibe una apertura dulce y c\u00e1lida con matices especiados que aportan un impacto envolvente y atractivo. A medida que evoluciona, el aroma revela un coraz\u00f3n dominado por el oud acompa\u00f1ado de acordes suaves que aportan profundidad y equilibrio. Finalmente, su base de \u00e1mbar, vainilla y almizcle crea una estela duradera, c\u00e1lida y muy seductora.<\/p>\n<p data-start=\"1001\" data-end=\"1285\">Gracias a su excelente fijaci\u00f3n y proyecci\u00f3n moderada a alta, este perfume es ideal para ocasiones especiales, uso nocturno o climas frescos. Su car\u00e1cter vers\u00e1til lo convierte en una excelente opci\u00f3n tanto para hombres como para mujeres que buscan una fragancia intensa y memorable.<\/p>\n<p data-start=\"1287\" data-end=\"1403\">Este perfume es ideal para quienes desean destacar con una fragancia sofisticada, envolvente y con gran presencia.<\/p>\n","protected":false},"excerpt":{"rendered":"<p>Perfume Lattafa Oud Mood es una fragancia para hombre y mujeres con notas de oud, dulces y ambaradas. Aroma intenso, c\u00e1lido y envolvente, ideal para d\u00eda y noche.<\/p>\n","protected":false},"featured_media":25492,"template":"","meta":{"_acf_changed":false,"rs_blank_template":"","rs_page_bg_color":"","slide_template_v7":""},"product_brand":[90],"product_cat":[88,233],"product_tag":[],"woo-feed-brand":[],"class_list":{"0":"post-5844","1":"product","2":"type-product","3":"status-publish","4":"has-post-thumbnail","6":"product_brand-lattafa","7":"product_cat-perfumes","8":"product_cat-unisex","10":"first","11":"outofstock","12":"purchasable","13":"product-type-simple"},"acf":[],"_links":{"self":[{"href":"https:\/\/agatres.co\/es\/wp-json\/wp\/v2\/product\/5844","targetHints":{"allow":["GET"]}}],"collection":[{"href":"https:\/\/agatres.co\/es\/wp-json\/wp\/v2\/product"}],"about":[{"href":"https:\/\/agatres.co\/es\/wp-json\/wp\/v2\/types\/product"}],"version-history":[{"count":1,"href":"https:\/\/agatres.co\/es\/wp-json\/wp\/v2\/product\/5844\/revisions"}],"predecessor-version":[{"id":13029,"href":"https:\/\/agatres.co\/es\/wp-json\/wp\/v2\/product\/5844\/revisions\/13029"}],"wp:featuredmedia":[{"embeddable":true,"href":"https:\/\/agatres.co\/es\/wp-json\/wp\/v2\/media\/25492"}],"wp:attachment":[{"href":"https:\/\/agatres.co\/es\/wp-json\/wp\/v2\/media?parent=5844"}],"wp:term":[{"taxonomy":"product_brand","embeddable":true,"href":"https:\/\/agatres.co\/es\/wp-json\/wp\/v2\/product_brand?post=5844"},{"taxonomy":"product_cat","embeddable":true,"href":"https:\/\/agatres.co\/es\/wp-json\/wp\/v2\/product_cat?post=5844"},{"taxonomy":"product_tag","embeddable":true,"href":"https:\/\/agatres.co\/es\/wp-json\/wp\/v2\/product_tag?post=5844"},{"taxonomy":"woo-feed-brand","embeddable":true,"href":"https:\/\/agatres.co\/es\/wp-json\/wp\/v2\/woo-feed-brand?post=5844"}],"curies":[{"name":"wp","href":"https:\/\/api.w.org\/{rel}","templated":true}]}}