{"id":5848,"date":"2026-02-09T15:33:25","date_gmt":"2026-02-09T18:33:25","guid":{"rendered":"https:\/\/agatres.co\/product\/lattafa-rouat-al-oud-100ml-unissex\/"},"modified":"2026-04-29T14:16:20","modified_gmt":"2026-04-29T18:16:20","slug":"lattafa-rouat-al-oud-100ml-unissex","status":"publish","type":"product","link":"https:\/\/agatres.co\/es\/producto\/lattafa-rouat-al-oud-100ml-unissex\/","title":{"rendered":"Perfume Lattafa Rouat Al Oud &#8211; Unisex EDP 100mL"},"content":{"rendered":"<p data-start=\"319\" data-end=\"650\">El Perfume Lattafa Rouat Al Oud destaca por su car\u00e1cter oriental profundo, combinando notas de oud, amaderadas y ambaradas que crean una experiencia rica y altamente envolvente. Dise\u00f1ado para quienes buscan una fragancia con presencia y distinci\u00f3n, esta creaci\u00f3n transmite lujo, elegancia y un estilo refinado.<\/p>\n<p data-start=\"652\" data-end=\"1027\">Desde la primera aplicaci\u00f3n, se percibe una apertura c\u00e1lida con matices especiados que aportan un impacto atractivo y sofisticado. A medida que evoluciona, el aroma revela un coraz\u00f3n dominado por el oud, acompa\u00f1ado de acordes amaderados que aportan profundidad y car\u00e1cter. Finalmente, su base de \u00e1mbar, vainilla y almizcle crea una estela duradera, intensa y muy seductora.<\/p>\n<p data-start=\"1029\" data-end=\"1310\">Gracias a su excelente fijaci\u00f3n y proyecci\u00f3n moderada a alta, este perfume es ideal tanto para ocasiones especiales como para el uso diario en climas frescos. Su car\u00e1cter unisex lo convierte en una excelente opci\u00f3n para quienes buscan una fragancia elegante, intensa y memorable.<\/p>\n<p data-start=\"1312\" data-end=\"1426\">Este perfume es ideal para quienes desean destacar con una fragancia sofisticada, poderosa y con gran presencia.<\/p>\n","protected":false},"excerpt":{"rendered":"<p>Perfume Lattafa Rouat Al Oud es una fragancia para hombre y mujeres con notas de oud, amaderadas y ambaradas. Aroma intenso, elegante y sofisticado, ideal para d\u00eda y noche.<\/p>\n","protected":false},"featured_media":25517,"template":"","meta":{"_acf_changed":false,"rs_blank_template":"","rs_page_bg_color":"","slide_template_v7":""},"product_brand":[90],"product_cat":[88,233],"product_tag":[],"woo-feed-brand":[],"class_list":{"0":"post-5848","1":"product","2":"type-product","3":"status-publish","4":"has-post-thumbnail","6":"product_brand-lattafa","7":"product_cat-perfumes","8":"product_cat-unisex","10":"first","11":"outofstock","12":"purchasable","13":"product-type-simple"},"acf":[],"_links":{"self":[{"href":"https:\/\/agatres.co\/es\/wp-json\/wp\/v2\/product\/5848","targetHints":{"allow":["GET"]}}],"collection":[{"href":"https:\/\/agatres.co\/es\/wp-json\/wp\/v2\/product"}],"about":[{"href":"https:\/\/agatres.co\/es\/wp-json\/wp\/v2\/types\/product"}],"version-history":[{"count":1,"href":"https:\/\/agatres.co\/es\/wp-json\/wp\/v2\/product\/5848\/revisions"}],"predecessor-version":[{"id":13037,"href":"https:\/\/agatres.co\/es\/wp-json\/wp\/v2\/product\/5848\/revisions\/13037"}],"wp:featuredmedia":[{"embeddable":true,"href":"https:\/\/agatres.co\/es\/wp-json\/wp\/v2\/media\/25517"}],"wp:attachment":[{"href":"https:\/\/agatres.co\/es\/wp-json\/wp\/v2\/media?parent=5848"}],"wp:term":[{"taxonomy":"product_brand","embeddable":true,"href":"https:\/\/agatres.co\/es\/wp-json\/wp\/v2\/product_brand?post=5848"},{"taxonomy":"product_cat","embeddable":true,"href":"https:\/\/agatres.co\/es\/wp-json\/wp\/v2\/product_cat?post=5848"},{"taxonomy":"product_tag","embeddable":true,"href":"https:\/\/agatres.co\/es\/wp-json\/wp\/v2\/product_tag?post=5848"},{"taxonomy":"woo-feed-brand","embeddable":true,"href":"https:\/\/agatres.co\/es\/wp-json\/wp\/v2\/woo-feed-brand?post=5848"}],"curies":[{"name":"wp","href":"https:\/\/api.w.org\/{rel}","templated":true}]}}