{"id":6293,"date":"2026-02-09T15:27:39","date_gmt":"2026-02-09T18:27:39","guid":{"rendered":"https:\/\/agatres.co\/product\/armaf-club-de-nuit-precieux-100ml-femme\/"},"modified":"2026-04-24T08:46:22","modified_gmt":"2026-04-24T12:46:22","slug":"armaf-club-de-nuit-precieuxi-i-55ml","status":"publish","type":"product","link":"https:\/\/agatres.co\/es\/producto\/armaf-club-de-nuit-precieuxi-i-55ml\/","title":{"rendered":"Perfume Armaf Club de Nuit Precieux I &#8211; Unisex EDP 55mL"},"content":{"rendered":"<p data-start=\"316\" data-end=\"631\">El Perfume Armaf Club de Nuit Precieux I destaca por su combinaci\u00f3n de notas dulces, amaderadas y ligeramente especiadas, ofreciendo una experiencia refinada y envolvente. Dise\u00f1ado para quienes buscan una fragancia elegante y con car\u00e1cter, esta creaci\u00f3n transmite lujo, modernidad y distinci\u00f3n.<\/p>\n<p data-start=\"633\" data-end=\"1008\">Desde la primera aplicaci\u00f3n, se percibe una apertura suave con matices dulces que aportan una sensaci\u00f3n atractiva y delicada. A medida que evoluciona, el aroma revela un coraz\u00f3n c\u00e1lido con notas arom\u00e1ticas y ligeros toques especiados que aportan profundidad y sofisticaci\u00f3n. Finalmente, su base de \u00e1mbar, vainilla y maderas crea una estela duradera, envolvente y seductora.<\/p>\n<p data-start=\"1010\" data-end=\"1265\">Gracias a su buena fijaci\u00f3n y proyecci\u00f3n moderada, este perfume es ideal tanto para el uso diario como para ocasiones especiales. Su versatilidad lo convierte en una excelente opci\u00f3n para quienes buscan una fragancia elegante, moderna y f\u00e1cil de llevar.<\/p>\n<p data-start=\"1267\" data-end=\"1371\">Este perfume es ideal para quienes desean destacar con una fragancia sofisticada, moderna y memorable.<\/p>\n","protected":false},"excerpt":{"rendered":"<p>Perfume Armaf Club de Nuit Precieux I es una fragancia para hombre y mujeres con notas dulces, amaderadas y especiadas. Aroma elegante, sofisticado y envolvente, ideal para d\u00eda y noche.<\/p>\n","protected":false},"featured_media":24808,"template":"","meta":{"_acf_changed":false,"rs_blank_template":"","rs_page_bg_color":"","slide_template_v7":""},"product_brand":[87],"product_cat":[88,233],"product_tag":[],"woo-feed-brand":[],"class_list":{"0":"post-6293","1":"product","2":"type-product","3":"status-publish","4":"has-post-thumbnail","6":"product_brand-armaf","7":"product_cat-perfumes","8":"product_cat-unisex","10":"first","11":"outofstock","12":"purchasable","13":"product-type-simple"},"acf":[],"_links":{"self":[{"href":"https:\/\/agatres.co\/es\/wp-json\/wp\/v2\/product\/6293","targetHints":{"allow":["GET"]}}],"collection":[{"href":"https:\/\/agatres.co\/es\/wp-json\/wp\/v2\/product"}],"about":[{"href":"https:\/\/agatres.co\/es\/wp-json\/wp\/v2\/types\/product"}],"version-history":[{"count":2,"href":"https:\/\/agatres.co\/es\/wp-json\/wp\/v2\/product\/6293\/revisions"}],"predecessor-version":[{"id":14749,"href":"https:\/\/agatres.co\/es\/wp-json\/wp\/v2\/product\/6293\/revisions\/14749"}],"wp:featuredmedia":[{"embeddable":true,"href":"https:\/\/agatres.co\/es\/wp-json\/wp\/v2\/media\/24808"}],"wp:attachment":[{"href":"https:\/\/agatres.co\/es\/wp-json\/wp\/v2\/media?parent=6293"}],"wp:term":[{"taxonomy":"product_brand","embeddable":true,"href":"https:\/\/agatres.co\/es\/wp-json\/wp\/v2\/product_brand?post=6293"},{"taxonomy":"product_cat","embeddable":true,"href":"https:\/\/agatres.co\/es\/wp-json\/wp\/v2\/product_cat?post=6293"},{"taxonomy":"product_tag","embeddable":true,"href":"https:\/\/agatres.co\/es\/wp-json\/wp\/v2\/product_tag?post=6293"},{"taxonomy":"woo-feed-brand","embeddable":true,"href":"https:\/\/agatres.co\/es\/wp-json\/wp\/v2\/woo-feed-brand?post=6293"}],"curies":[{"name":"wp","href":"https:\/\/api.w.org\/{rel}","templated":true}]}}