{"id":6616,"date":"2026-03-08T14:31:54","date_gmt":"2026-03-08T17:31:54","guid":{"rendered":"https:\/\/agatres.co\/product\/lattafa-badee-al-oud-noble-blush-100ml\/"},"modified":"2026-05-08T13:16:12","modified_gmt":"2026-05-08T17:16:12","slug":"lattafa-badee-al-oud-noble-blush-100ml","status":"publish","type":"product","link":"https:\/\/agatres.co\/es\/producto\/lattafa-badee-al-oud-noble-blush-100ml\/","title":{"rendered":"Perfume Lattafa Badee Al Oud Noble Blush &#8211; Femenino EDP 100mL"},"content":{"rendered":"<p data-start=\"439\" data-end=\"759\">El <span data-start=\"442\" data-end=\"507\">Perfume Lattafa Badee Al Oud Noble Blush &#8211; Femenino EDP 100mL<\/span> es una fragancia femenina que destaca por su exquisita combinaci\u00f3n de notas dulces, cremosas y florales. Dise\u00f1ado para mujeres que buscan un aroma delicado y sofisticado, este perfume ofrece una experiencia gourmand, envolvente y altamente femenina.<\/p>\n<p data-start=\"761\" data-end=\"1209\">Desde la primera aplicaci\u00f3n, se percibe una apertura suave y rom\u00e1ntica con leche de rosa, aportando una sensaci\u00f3n cremosa, elegante y delicada. A medida que evoluciona, el aroma revela un coraz\u00f3n dulce y adictivo compuesto por almendra y merengue, creando una sensaci\u00f3n gourmand, c\u00e1lida y reconfortante. Finalmente, su base de s\u00e1ndalo, vainilla y almizcle crea una estela aterciopelada, duradera y seductora. <span class=\"\" data-state=\"closed\"><\/span><\/p>\n<p data-start=\"1211\" data-end=\"1478\">Gracias a su alta fijaci\u00f3n y excelente proyecci\u00f3n, este perfume es ideal tanto para uso diario como para ocasiones especiales. Su car\u00e1cter dulce y elegante lo convierte en una opci\u00f3n perfecta para quienes buscan una fragancia femenina, moderna y con gran presencia.<\/p>\n<p data-start=\"231\" data-end=\"679\">\n<p data-start=\"1480\" data-end=\"1582\">Este perfume es ideal para quienes desean destacar con una fragancia dulce, sofisticada y memorable.<\/p>\n","protected":false},"excerpt":{"rendered":"<p>Perfume Lattafa Badee Al Oud Noble Blush es un perfume femenino con notas de leche de rosa, almendra y vainilla. Fragancia dulce, cremosa y elegante, ideal para d\u00eda y noche.<\/p>\n","protected":false},"featured_media":17286,"template":"","meta":{"_acf_changed":false,"rs_blank_template":"","rs_page_bg_color":"","slide_template_v7":""},"product_brand":[90],"product_cat":[232,88],"product_tag":[],"woo-feed-brand":[],"class_list":{"0":"post-6616","1":"product","2":"type-product","3":"status-publish","4":"has-post-thumbnail","6":"product_brand-lattafa","7":"product_cat-femenino","8":"product_cat-perfumes","10":"first","11":"instock","12":"purchasable","13":"product-type-simple"},"acf":[],"_links":{"self":[{"href":"https:\/\/agatres.co\/es\/wp-json\/wp\/v2\/product\/6616","targetHints":{"allow":["GET"]}}],"collection":[{"href":"https:\/\/agatres.co\/es\/wp-json\/wp\/v2\/product"}],"about":[{"href":"https:\/\/agatres.co\/es\/wp-json\/wp\/v2\/types\/product"}],"version-history":[{"count":7,"href":"https:\/\/agatres.co\/es\/wp-json\/wp\/v2\/product\/6616\/revisions"}],"predecessor-version":[{"id":24457,"href":"https:\/\/agatres.co\/es\/wp-json\/wp\/v2\/product\/6616\/revisions\/24457"}],"wp:featuredmedia":[{"embeddable":true,"href":"https:\/\/agatres.co\/es\/wp-json\/wp\/v2\/media\/17286"}],"wp:attachment":[{"href":"https:\/\/agatres.co\/es\/wp-json\/wp\/v2\/media?parent=6616"}],"wp:term":[{"taxonomy":"product_brand","embeddable":true,"href":"https:\/\/agatres.co\/es\/wp-json\/wp\/v2\/product_brand?post=6616"},{"taxonomy":"product_cat","embeddable":true,"href":"https:\/\/agatres.co\/es\/wp-json\/wp\/v2\/product_cat?post=6616"},{"taxonomy":"product_tag","embeddable":true,"href":"https:\/\/agatres.co\/es\/wp-json\/wp\/v2\/product_tag?post=6616"},{"taxonomy":"woo-feed-brand","embeddable":true,"href":"https:\/\/agatres.co\/es\/wp-json\/wp\/v2\/woo-feed-brand?post=6616"}],"curies":[{"name":"wp","href":"https:\/\/api.w.org\/{rel}","templated":true}]}}