{"id":6617,"date":"2026-03-08T14:53:09","date_gmt":"2026-03-08T17:53:09","guid":{"rendered":"https:\/\/agatres.co\/product\/lattafa-ekhtiari-100mlml\/"},"modified":"2026-04-27T10:16:39","modified_gmt":"2026-04-27T14:16:39","slug":"lattafa-ekhtiari-100ml","status":"publish","type":"product","link":"https:\/\/agatres.co\/es\/producto\/lattafa-ekhtiari-100ml\/","title":{"rendered":"Perfume Lattafa Ekhtiari &#8211; Unisex EDP 100mL"},"content":{"rendered":"<p data-start=\"344\" data-end=\"684\">El <span data-start=\"347\" data-end=\"394\" style=\"\">Perfume Lattafa Ekhtiari &#8211; Unisex EDP 100mL<\/span> es una fragancia que combina frescura frutal con un fondo dulce y cremoso, creando un perfil equilibrado, elegante y muy vers\u00e1til. Lanzado en 2019, pertenece a la familia arom\u00e1tica frutal y es una opci\u00f3n accesible dentro del estilo moderno oriental. <span class=\"\" data-state=\"closed\"><\/span><\/p>\n<p data-start=\"686\" data-end=\"866\">Desde la primera aplicaci\u00f3n, se percibe una apertura luminosa con <span data-start=\"752\" data-end=\"774\">frutas y mandarina<\/span>, aportando un efecto jugoso, c\u00edtrico y refrescante. <span class=\"\" data-state=\"closed\"><\/span><\/p>\n<p data-start=\"868\" data-end=\"1067\">A medida que evoluciona, el aroma revela un coraz\u00f3n floral compuesto por <span data-start=\"941\" data-end=\"962\">jazm\u00edn y gardenia<\/span>, brindando una sensaci\u00f3n elegante, limpia y ligeramente cremosa. <span class=\"\" data-state=\"closed\"><\/span><\/p>\n<p data-start=\"1069\" data-end=\"1247\">Finalmente, su base de <span data-start=\"1092\" data-end=\"1127\">almizcle, vainilla y haba tonka<\/span> crea una estela suave, dulce y envolvente, con un acabado c\u00e1lido y confortable. <span class=\"\" data-state=\"closed\"><\/span><\/p>\n<p data-start=\"1249\" data-end=\"1473\">Gracias a su equilibrio entre frescura y dulzura, este perfume es ideal tanto para uso diario como para ocasiones especiales. Su perfil lo convierte en una fragancia f\u00e1cil de usar, con buena aceptaci\u00f3n y car\u00e1cter vers\u00e1til.<\/p>\n<p data-start=\"1475\" data-end=\"1585\">Este perfume es ideal para quienes desean una fragancia ligera, elegante y agradable para cualquier ocasi\u00f3n.<\/p>\n","protected":false},"excerpt":{"rendered":"<p>Perfume Lattafa Ekhtiari es un perfume unisex con notas de mandarina, jazm\u00edn y vainilla. Fragancia fresca, dulce y elegante, ideal para d\u00eda y noche.<\/p>\n","protected":false},"featured_media":19453,"template":"","meta":{"_acf_changed":false,"rs_blank_template":"","rs_page_bg_color":"","slide_template_v7":""},"product_brand":[90],"product_cat":[88,233],"product_tag":[],"woo-feed-brand":[],"class_list":{"0":"post-6617","1":"product","2":"type-product","3":"status-publish","4":"has-post-thumbnail","6":"product_brand-lattafa","7":"product_cat-perfumes","8":"product_cat-unisex","10":"first","11":"outofstock","12":"purchasable","13":"product-type-simple"},"acf":[],"_links":{"self":[{"href":"https:\/\/agatres.co\/es\/wp-json\/wp\/v2\/product\/6617","targetHints":{"allow":["GET"]}}],"collection":[{"href":"https:\/\/agatres.co\/es\/wp-json\/wp\/v2\/product"}],"about":[{"href":"https:\/\/agatres.co\/es\/wp-json\/wp\/v2\/types\/product"}],"version-history":[{"count":2,"href":"https:\/\/agatres.co\/es\/wp-json\/wp\/v2\/product\/6617\/revisions"}],"predecessor-version":[{"id":19452,"href":"https:\/\/agatres.co\/es\/wp-json\/wp\/v2\/product\/6617\/revisions\/19452"}],"wp:featuredmedia":[{"embeddable":true,"href":"https:\/\/agatres.co\/es\/wp-json\/wp\/v2\/media\/19453"}],"wp:attachment":[{"href":"https:\/\/agatres.co\/es\/wp-json\/wp\/v2\/media?parent=6617"}],"wp:term":[{"taxonomy":"product_brand","embeddable":true,"href":"https:\/\/agatres.co\/es\/wp-json\/wp\/v2\/product_brand?post=6617"},{"taxonomy":"product_cat","embeddable":true,"href":"https:\/\/agatres.co\/es\/wp-json\/wp\/v2\/product_cat?post=6617"},{"taxonomy":"product_tag","embeddable":true,"href":"https:\/\/agatres.co\/es\/wp-json\/wp\/v2\/product_tag?post=6617"},{"taxonomy":"woo-feed-brand","embeddable":true,"href":"https:\/\/agatres.co\/es\/wp-json\/wp\/v2\/woo-feed-brand?post=6617"}],"curies":[{"name":"wp","href":"https:\/\/api.w.org\/{rel}","templated":true}]}}