{"id":6794,"date":"2026-02-09T15:33:07","date_gmt":"2026-02-09T18:33:07","guid":{"rendered":"https:\/\/agatres.co\/product\/lattafa-lail-maleki-oud-100ml\/"},"modified":"2026-04-29T09:46:22","modified_gmt":"2026-04-29T13:46:22","slug":"lattafa-lail-maleki-oud-100ml","status":"publish","type":"product","link":"https:\/\/agatres.co\/es\/producto\/lattafa-lail-maleki-oud-100ml\/","title":{"rendered":"Perfume Lattafa Lail Maleki Oud &#8211; Unisex EDP 100mL"},"content":{"rendered":"<p data-start=\"322\" data-end=\"646\">El Perfume Lattafa Lail Maleki Oud destaca por su combinaci\u00f3n de notas de oud, ambaradas y especiadas, ofreciendo una experiencia profunda, ex\u00f3tica y altamente sofisticada. Dise\u00f1ado para quienes buscan una fragancia con car\u00e1cter fuerte, esta creaci\u00f3n transmite lujo, elegancia y una presencia imponente.<\/p>\n<p data-start=\"648\" data-end=\"1022\">Desde la primera aplicaci\u00f3n, se percibe una apertura c\u00e1lida y especiada que aporta un impacto intenso y atractivo. A medida que evoluciona, el aroma revela un coraz\u00f3n dominado por el oud con matices amaderados y acordes ricos que aportan profundidad y distinci\u00f3n. Finalmente, su base de \u00e1mbar, vainilla y resinas crea una estela duradera, envolvente y altamente seductora.<\/p>\n<p data-start=\"1024\" data-end=\"1288\">Gracias a su excelente fijaci\u00f3n y proyecci\u00f3n alta, este perfume es ideal para ocasiones especiales, eventos nocturnos o climas frescos. Su car\u00e1cter intenso lo convierte en una excelente opci\u00f3n para quienes buscan una fragancia exclusiva, sofisticada y memorable.<\/p>\n<p data-start=\"1290\" data-end=\"1401\">Este perfume es ideal para quienes desean destacar con una fragancia elegante, poderosa y con gran presencia.<\/p>\n","protected":false},"excerpt":{"rendered":"<p>Perfume Lattafa Lail Maleki Oud es una fragancia para hombre y mujeres con notas de oud, ambaradas y especiadas. Aroma intenso, lujoso y envolvente, ideal para d\u00eda y noche.<\/p>\n","protected":false},"featured_media":25472,"template":"","meta":{"_acf_changed":false,"rs_blank_template":"","rs_page_bg_color":"","slide_template_v7":""},"product_brand":[90],"product_cat":[88,233],"product_tag":[],"woo-feed-brand":[],"class_list":{"0":"post-6794","1":"product","2":"type-product","3":"status-publish","4":"has-post-thumbnail","6":"product_brand-lattafa","7":"product_cat-perfumes","8":"product_cat-unisex","10":"first","11":"outofstock","12":"purchasable","13":"product-type-simple"},"acf":[],"_links":{"self":[{"href":"https:\/\/agatres.co\/es\/wp-json\/wp\/v2\/product\/6794","targetHints":{"allow":["GET"]}}],"collection":[{"href":"https:\/\/agatres.co\/es\/wp-json\/wp\/v2\/product"}],"about":[{"href":"https:\/\/agatres.co\/es\/wp-json\/wp\/v2\/types\/product"}],"version-history":[{"count":1,"href":"https:\/\/agatres.co\/es\/wp-json\/wp\/v2\/product\/6794\/revisions"}],"predecessor-version":[{"id":13017,"href":"https:\/\/agatres.co\/es\/wp-json\/wp\/v2\/product\/6794\/revisions\/13017"}],"wp:featuredmedia":[{"embeddable":true,"href":"https:\/\/agatres.co\/es\/wp-json\/wp\/v2\/media\/25472"}],"wp:attachment":[{"href":"https:\/\/agatres.co\/es\/wp-json\/wp\/v2\/media?parent=6794"}],"wp:term":[{"taxonomy":"product_brand","embeddable":true,"href":"https:\/\/agatres.co\/es\/wp-json\/wp\/v2\/product_brand?post=6794"},{"taxonomy":"product_cat","embeddable":true,"href":"https:\/\/agatres.co\/es\/wp-json\/wp\/v2\/product_cat?post=6794"},{"taxonomy":"product_tag","embeddable":true,"href":"https:\/\/agatres.co\/es\/wp-json\/wp\/v2\/product_tag?post=6794"},{"taxonomy":"woo-feed-brand","embeddable":true,"href":"https:\/\/agatres.co\/es\/wp-json\/wp\/v2\/woo-feed-brand?post=6794"}],"curies":[{"name":"wp","href":"https:\/\/api.w.org\/{rel}","templated":true}]}}