{"id":7081,"date":"2026-02-09T15:33:07","date_gmt":"2026-02-09T18:33:07","guid":{"rendered":"https:\/\/agatres.co\/product\/lattafa-la-collection-antique-bike-100ml\/"},"modified":"2026-04-29T09:46:22","modified_gmt":"2026-04-29T13:46:22","slug":"lattafa-la-collection-antique-bike-100ml","status":"publish","type":"product","link":"https:\/\/agatres.co\/es\/producto\/lattafa-la-collection-antique-bike-100ml\/","title":{"rendered":"Perfume Lattafa La Collection Antique Bike &#8211; Masculino EDP 100mL"},"content":{"rendered":"<p data-start=\"324\" data-end=\"647\">El Perfume Lattafa La Collection Antique Bike destaca por su combinaci\u00f3n de notas amaderadas, especiadas y ambaradas, ofreciendo una experiencia sofisticada con un car\u00e1cter cl\u00e1sico y distintivo. Inspirado en un estilo vintage, esta fragancia transmite elegancia, masculinidad y una presencia atemporal.<\/p>\n<p data-start=\"649\" data-end=\"1019\">Desde la primera aplicaci\u00f3n, se percibe una apertura especiada con matices c\u00e1lidos que aportan un impacto atractivo y refinado. A medida que evoluciona, el aroma revela un coraz\u00f3n arom\u00e1tico con notas profundas y equilibradas que aportan personalidad y estilo. Finalmente, su base de \u00e1mbar, vainilla y maderas crea una estela duradera, envolvente y altamente seductora.<\/p>\n<p data-start=\"1021\" data-end=\"1313\">Gracias a su excelente fijaci\u00f3n y proyecci\u00f3n moderada a alta, este perfume es ideal tanto para ocasiones especiales como para el uso diario en climas frescos. Su car\u00e1cter elegante lo convierte en una excelente opci\u00f3n para quienes buscan una fragancia masculina cl\u00e1sica, moderna y memorable.<\/p>\n<p data-start=\"1315\" data-end=\"1430\">Este perfume es ideal para quienes desean destacar con una fragancia sofisticada, intensa y con un toque vintage.<\/p>\n","protected":false},"excerpt":{"rendered":"<p>Perfume Lattafa Antique Bike es una fragancia masculina con notas amaderadas, especiadas y ambaradas. Aroma intenso, elegante y vintage, ideal para d\u00eda y noche.<\/p>\n","protected":false},"featured_media":25470,"template":"","meta":{"_acf_changed":false,"rs_blank_template":"","rs_page_bg_color":"","slide_template_v7":""},"product_brand":[90],"product_cat":[231,88],"product_tag":[],"woo-feed-brand":[],"class_list":{"0":"post-7081","1":"product","2":"type-product","3":"status-publish","4":"has-post-thumbnail","6":"product_brand-lattafa","7":"product_cat-masculino","8":"product_cat-perfumes","10":"first","11":"outofstock","12":"purchasable","13":"product-type-simple"},"acf":[],"_links":{"self":[{"href":"https:\/\/agatres.co\/es\/wp-json\/wp\/v2\/product\/7081","targetHints":{"allow":["GET"]}}],"collection":[{"href":"https:\/\/agatres.co\/es\/wp-json\/wp\/v2\/product"}],"about":[{"href":"https:\/\/agatres.co\/es\/wp-json\/wp\/v2\/types\/product"}],"version-history":[{"count":1,"href":"https:\/\/agatres.co\/es\/wp-json\/wp\/v2\/product\/7081\/revisions"}],"predecessor-version":[{"id":11882,"href":"https:\/\/agatres.co\/es\/wp-json\/wp\/v2\/product\/7081\/revisions\/11882"}],"wp:featuredmedia":[{"embeddable":true,"href":"https:\/\/agatres.co\/es\/wp-json\/wp\/v2\/media\/25470"}],"wp:attachment":[{"href":"https:\/\/agatres.co\/es\/wp-json\/wp\/v2\/media?parent=7081"}],"wp:term":[{"taxonomy":"product_brand","embeddable":true,"href":"https:\/\/agatres.co\/es\/wp-json\/wp\/v2\/product_brand?post=7081"},{"taxonomy":"product_cat","embeddable":true,"href":"https:\/\/agatres.co\/es\/wp-json\/wp\/v2\/product_cat?post=7081"},{"taxonomy":"product_tag","embeddable":true,"href":"https:\/\/agatres.co\/es\/wp-json\/wp\/v2\/product_tag?post=7081"},{"taxonomy":"woo-feed-brand","embeddable":true,"href":"https:\/\/agatres.co\/es\/wp-json\/wp\/v2\/woo-feed-brand?post=7081"}],"curies":[{"name":"wp","href":"https:\/\/api.w.org\/{rel}","templated":true}]}}