{"id":7082,"date":"2026-02-09T15:33:07","date_gmt":"2026-02-09T18:33:07","guid":{"rendered":"https:\/\/agatres.co\/product\/lattafa-la-collection-antique-car-100ml\/"},"modified":"2026-04-29T09:46:22","modified_gmt":"2026-04-29T13:46:22","slug":"lattafa-la-collection-antique-car-100ml","status":"publish","type":"product","link":"https:\/\/agatres.co\/es\/producto\/lattafa-la-collection-antique-car-100ml\/","title":{"rendered":"Perfume Lattafa La Collection Antique Car &#8211; Masculino EDP 100mL"},"content":{"rendered":"<p data-start=\"333\" data-end=\"660\">El Perfume Lattafa La Collection Antique Car destaca por su combinaci\u00f3n de notas amaderadas, especiadas y ambaradas, ofreciendo una experiencia sofisticada con un car\u00e1cter cl\u00e1sico y refinado. Inspirado en la elegancia de los autos vintage, esta fragancia transmite distinci\u00f3n, fuerza y un estilo atemporal.<\/p>\n<p data-start=\"662\" data-end=\"1023\">Desde la primera aplicaci\u00f3n, se percibe una apertura c\u00e1lida y especiada que aporta un impacto elegante y atractivo. A medida que evoluciona, el aroma revela un coraz\u00f3n arom\u00e1tico con notas equilibradas y profundas que aportan car\u00e1cter y sofisticaci\u00f3n. Finalmente, su base de \u00e1mbar, vainilla y maderas crea una estela duradera, envolvente y altamente seductora.<\/p>\n<p data-start=\"1025\" data-end=\"1315\">Gracias a su excelente fijaci\u00f3n y proyecci\u00f3n moderada a alta, este perfume es ideal tanto para ocasiones especiales como para el uso diario en climas frescos. Su estilo cl\u00e1sico lo convierte en una excelente opci\u00f3n para quienes buscan una fragancia masculina elegante, intensa y memorable.<\/p>\n<p data-start=\"1317\" data-end=\"1433\">Este perfume es ideal para quienes desean destacar con una fragancia sofisticada, con car\u00e1cter y un toque vintage.<\/p>\n","protected":false},"excerpt":{"rendered":"<p>Perfume Lattafa Antique Car es una fragancia masculina con notas amaderadas, especiadas y ambaradas. Aroma elegante, intenso y con estilo cl\u00e1sico, ideal para d\u00eda y noche.<\/p>\n","protected":false},"featured_media":25471,"template":"","meta":{"_acf_changed":false,"rs_blank_template":"","rs_page_bg_color":"","slide_template_v7":""},"product_brand":[90],"product_cat":[231,88],"product_tag":[],"woo-feed-brand":[],"class_list":{"0":"post-7082","1":"product","2":"type-product","3":"status-publish","4":"has-post-thumbnail","6":"product_brand-lattafa","7":"product_cat-masculino","8":"product_cat-perfumes","10":"first","11":"outofstock","12":"purchasable","13":"product-type-simple"},"acf":[],"_links":{"self":[{"href":"https:\/\/agatres.co\/es\/wp-json\/wp\/v2\/product\/7082","targetHints":{"allow":["GET"]}}],"collection":[{"href":"https:\/\/agatres.co\/es\/wp-json\/wp\/v2\/product"}],"about":[{"href":"https:\/\/agatres.co\/es\/wp-json\/wp\/v2\/types\/product"}],"version-history":[{"count":1,"href":"https:\/\/agatres.co\/es\/wp-json\/wp\/v2\/product\/7082\/revisions"}],"predecessor-version":[{"id":10648,"href":"https:\/\/agatres.co\/es\/wp-json\/wp\/v2\/product\/7082\/revisions\/10648"}],"wp:featuredmedia":[{"embeddable":true,"href":"https:\/\/agatres.co\/es\/wp-json\/wp\/v2\/media\/25471"}],"wp:attachment":[{"href":"https:\/\/agatres.co\/es\/wp-json\/wp\/v2\/media?parent=7082"}],"wp:term":[{"taxonomy":"product_brand","embeddable":true,"href":"https:\/\/agatres.co\/es\/wp-json\/wp\/v2\/product_brand?post=7082"},{"taxonomy":"product_cat","embeddable":true,"href":"https:\/\/agatres.co\/es\/wp-json\/wp\/v2\/product_cat?post=7082"},{"taxonomy":"product_tag","embeddable":true,"href":"https:\/\/agatres.co\/es\/wp-json\/wp\/v2\/product_tag?post=7082"},{"taxonomy":"woo-feed-brand","embeddable":true,"href":"https:\/\/agatres.co\/es\/wp-json\/wp\/v2\/woo-feed-brand?post=7082"}],"curies":[{"name":"wp","href":"https:\/\/api.w.org\/{rel}","templated":true}]}}