{"id":7422,"date":"2026-02-09T15:28:49","date_gmt":"2026-02-09T18:28:49","guid":{"rendered":"https:\/\/agatres.co\/product\/lattafa-tharwah-gold-100ml\/"},"modified":"2026-04-29T14:30:31","modified_gmt":"2026-04-29T18:30:31","slug":"lattafa-tharwah-gold-100ml","status":"publish","type":"product","link":"https:\/\/agatres.co\/es\/producto\/lattafa-tharwah-gold-100ml\/","title":{"rendered":"Perfume Lattafa Tharwah Gold &#8211; Unisex EDP 100mL"},"content":{"rendered":"<p data-start=\"296\" data-end=\"645\">El Perfume Lattafa Tharwah Gold destaca por su car\u00e1cter lujoso y envolvente, combinando notas ambaradas, dulces y especiadas que ofrecen una experiencia c\u00e1lida y altamente sofisticada. Dise\u00f1ado para quienes buscan una fragancia con presencia y distinci\u00f3n, esta creaci\u00f3n transmite elegancia, riqueza y un estilo oriental moderno.<\/p>\n<p data-start=\"647\" data-end=\"1024\">Desde la primera aplicaci\u00f3n, se percibe una apertura dulce y c\u00e1lida con matices especiados que aportan una sensaci\u00f3n atractiva y refinada. A medida que evoluciona, el aroma revela un coraz\u00f3n arom\u00e1tico con acordes intensos y equilibrados que aportan profundidad y car\u00e1cter. Finalmente, su base de \u00e1mbar, vainilla y maderas crea una estela duradera, envolvente y muy seductora.<\/p>\n<p data-start=\"1026\" data-end=\"1304\">Gracias a su excelente fijaci\u00f3n y proyecci\u00f3n moderada a alta, este perfume es ideal tanto para ocasiones especiales como para el uso diario en climas frescos. Su versatilidad lo convierte en una excelente opci\u00f3n para quienes buscan una fragancia elegante, moderna y memorable.<\/p>\n<p data-start=\"1306\" data-end=\"1418\">Este perfume es ideal para quienes desean destacar con una fragancia sofisticada, c\u00e1lida y con gran presencia.<\/p>\n","protected":false},"excerpt":{"rendered":"<p>Perfume Lattafa Tharwah Gold es una fragancia con notas ambaradas, dulces y especiadas. Aroma elegante, c\u00e1lido y sofisticado, ideal para d\u00eda y noche.<\/p>\n","protected":false},"featured_media":24816,"template":"","meta":{"_acf_changed":false,"rs_blank_template":"","rs_page_bg_color":"","slide_template_v7":""},"product_brand":[90],"product_cat":[88,233],"product_tag":[],"woo-feed-brand":[],"class_list":{"0":"post-7422","1":"product","2":"type-product","3":"status-publish","4":"has-post-thumbnail","6":"product_brand-lattafa","7":"product_cat-perfumes","8":"product_cat-unisex","10":"first","11":"outofstock","12":"purchasable","13":"product-type-simple"},"acf":[],"_links":{"self":[{"href":"https:\/\/agatres.co\/es\/wp-json\/wp\/v2\/product\/7422","targetHints":{"allow":["GET"]}}],"collection":[{"href":"https:\/\/agatres.co\/es\/wp-json\/wp\/v2\/product"}],"about":[{"href":"https:\/\/agatres.co\/es\/wp-json\/wp\/v2\/types\/product"}],"version-history":[{"count":1,"href":"https:\/\/agatres.co\/es\/wp-json\/wp\/v2\/product\/7422\/revisions"}],"predecessor-version":[{"id":13039,"href":"https:\/\/agatres.co\/es\/wp-json\/wp\/v2\/product\/7422\/revisions\/13039"}],"wp:featuredmedia":[{"embeddable":true,"href":"https:\/\/agatres.co\/es\/wp-json\/wp\/v2\/media\/24816"}],"wp:attachment":[{"href":"https:\/\/agatres.co\/es\/wp-json\/wp\/v2\/media?parent=7422"}],"wp:term":[{"taxonomy":"product_brand","embeddable":true,"href":"https:\/\/agatres.co\/es\/wp-json\/wp\/v2\/product_brand?post=7422"},{"taxonomy":"product_cat","embeddable":true,"href":"https:\/\/agatres.co\/es\/wp-json\/wp\/v2\/product_cat?post=7422"},{"taxonomy":"product_tag","embeddable":true,"href":"https:\/\/agatres.co\/es\/wp-json\/wp\/v2\/product_tag?post=7422"},{"taxonomy":"woo-feed-brand","embeddable":true,"href":"https:\/\/agatres.co\/es\/wp-json\/wp\/v2\/woo-feed-brand?post=7422"}],"curies":[{"name":"wp","href":"https:\/\/api.w.org\/{rel}","templated":true}]}}