{"id":8274,"date":"2026-02-09T15:32:49","date_gmt":"2026-02-09T18:32:49","guid":{"rendered":"https:\/\/agatres.co\/product\/lattafa-al-nashama-100ml\/"},"modified":"2026-04-27T13:02:35","modified_gmt":"2026-04-27T17:02:35","slug":"lattafa-al-nashama-100ml","status":"publish","type":"product","link":"https:\/\/agatres.co\/es\/producto\/lattafa-al-nashama-100ml\/","title":{"rendered":"Perfume Lattafa Al Nashama &#8211; Unisex EDP 100mL"},"content":{"rendered":"<p data-start=\"305\" data-end=\"647\">El Perfume Lattafa Al Nashama destaca por su combinaci\u00f3n de notas especiadas, amaderadas y ambaradas, ofreciendo una experiencia c\u00e1lida, profunda y con gran car\u00e1cter. Dise\u00f1ado para quienes buscan una fragancia vers\u00e1til con presencia, esta creaci\u00f3n transmite elegancia, fuerza y un estilo moderno con inspiraci\u00f3n oriental.<\/p>\n<p data-start=\"649\" data-end=\"1018\">Desde la primera aplicaci\u00f3n, se percibe una apertura especiada y vibrante que aporta un impacto atractivo y refinado. A medida que evoluciona, el aroma revela un coraz\u00f3n arom\u00e1tico con matices c\u00e1lidos y acordes intensos que aportan profundidad y personalidad. Finalmente, su base de \u00e1mbar, vainilla y maderas crea una estela duradera, envolvente y altamente seductora.<\/p>\n<p data-start=\"1020\" data-end=\"1298\">Gracias a su excelente fijaci\u00f3n y proyecci\u00f3n moderada a alta, este perfume es ideal tanto para ocasiones especiales como para el uso diario en climas frescos. Su versatilidad lo convierte en una excelente opci\u00f3n para quienes buscan una fragancia elegante, moderna y memorable.<\/p>\n<p data-start=\"310\" data-end=\"653\">\n<p data-start=\"1300\" data-end=\"1413\">Este perfume es ideal para quienes desean destacar con una fragancia sofisticada, intensa y con gran presencia.<\/p>\n","protected":false},"excerpt":{"rendered":"<p>Perfume Lattafa Al Nashama es una fragancia para hombre y mujeres con notas especiadas, amaderadas y ambaradas. Aroma elegante, intenso y sofisticado, ideal para d\u00eda y noche.<\/p>\n","protected":false},"featured_media":25680,"template":"","meta":{"_acf_changed":false,"rs_blank_template":"","rs_page_bg_color":"","slide_template_v7":""},"product_brand":[90],"product_cat":[88,233],"product_tag":[],"woo-feed-brand":[],"class_list":{"0":"post-8274","1":"product","2":"type-product","3":"status-publish","4":"has-post-thumbnail","6":"product_brand-lattafa","7":"product_cat-perfumes","8":"product_cat-unisex","10":"first","11":"outofstock","12":"purchasable","13":"product-type-simple"},"acf":[],"_links":{"self":[{"href":"https:\/\/agatres.co\/es\/wp-json\/wp\/v2\/product\/8274","targetHints":{"allow":["GET"]}}],"collection":[{"href":"https:\/\/agatres.co\/es\/wp-json\/wp\/v2\/product"}],"about":[{"href":"https:\/\/agatres.co\/es\/wp-json\/wp\/v2\/types\/product"}],"version-history":[{"count":1,"href":"https:\/\/agatres.co\/es\/wp-json\/wp\/v2\/product\/8274\/revisions"}],"predecessor-version":[{"id":12992,"href":"https:\/\/agatres.co\/es\/wp-json\/wp\/v2\/product\/8274\/revisions\/12992"}],"wp:featuredmedia":[{"embeddable":true,"href":"https:\/\/agatres.co\/es\/wp-json\/wp\/v2\/media\/25680"}],"wp:attachment":[{"href":"https:\/\/agatres.co\/es\/wp-json\/wp\/v2\/media?parent=8274"}],"wp:term":[{"taxonomy":"product_brand","embeddable":true,"href":"https:\/\/agatres.co\/es\/wp-json\/wp\/v2\/product_brand?post=8274"},{"taxonomy":"product_cat","embeddable":true,"href":"https:\/\/agatres.co\/es\/wp-json\/wp\/v2\/product_cat?post=8274"},{"taxonomy":"product_tag","embeddable":true,"href":"https:\/\/agatres.co\/es\/wp-json\/wp\/v2\/product_tag?post=8274"},{"taxonomy":"woo-feed-brand","embeddable":true,"href":"https:\/\/agatres.co\/es\/wp-json\/wp\/v2\/woo-feed-brand?post=8274"}],"curies":[{"name":"wp","href":"https:\/\/api.w.org\/{rel}","templated":true}]}}