{"id":8504,"date":"2026-03-08T14:44:17","date_gmt":"2026-03-08T17:44:17","guid":{"rendered":"https:\/\/agatres.co\/product\/al-wataniah-sandal-oud-100ml\/"},"modified":"2026-05-04T13:46:21","modified_gmt":"2026-05-04T17:46:21","slug":"al-wataniah-sandal-oud-100ml","status":"publish","type":"product","link":"https:\/\/agatres.co\/es\/producto\/al-wataniah-sandal-oud-100ml\/","title":{"rendered":"Perfume Al Wataniah Sandal Oud &#8211; Unisex EDP 100mL"},"content":{"rendered":"<p data-start=\"296\" data-end=\"611\">El Perfume Al Wataniah Sandal Oud destaca por su combinaci\u00f3n de notas amaderadas, orientales y c\u00e1lidas, donde el s\u00e1ndalo y el oud son protagonistas. Dise\u00f1ado para quienes buscan una fragancia profunda y sofisticada, esta creaci\u00f3n ofrece una experiencia envolvente, elegante y con gran car\u00e1cter.<\/p>\n<p data-start=\"613\" data-end=\"1021\">Desde la primera aplicaci\u00f3n, se percibe una apertura c\u00e1lida y ligeramente especiada que aporta un impacto atractivo y refinado. A medida que evoluciona, el aroma revela un coraz\u00f3n rico en maderas con matices cremosos de s\u00e1ndalo y la intensidad caracter\u00edstica del oud, aportando profundidad y lujo. Finalmente, su base de \u00e1mbar, almizcle y resinas crea una estela duradera, envolvente y altamente seductora.<\/p>\n<p data-start=\"1023\" data-end=\"1291\">Gracias a su excelente fijaci\u00f3n y proyecci\u00f3n moderada a alta, este perfume es ideal para ocasiones especiales o uso diario en climas frescos. Su car\u00e1cter intenso lo convierte en una excelente opci\u00f3n para quienes buscan una fragancia elegante, distintiva y memorable.<\/p>\n<p data-start=\"325\" data-end=\"629\">\n<p data-start=\"1293\" data-end=\"1395\">Este perfume es ideal para quienes desean destacar con una fragancia sofisticada, intensa y moderna.<\/p>\n","protected":false},"excerpt":{"rendered":"<p>Perfume Al Wataniah Sandal Oud es una fragancia para hombre y mujeres con notas de s\u00e1ndalo y oud. Aroma intenso y elegante, ideal para d\u00eda y noche.<\/p>\n","protected":false},"featured_media":18542,"template":"","meta":{"_acf_changed":false,"rs_blank_template":"","rs_page_bg_color":"","slide_template_v7":""},"product_brand":[109],"product_cat":[88,233],"product_tag":[],"woo-feed-brand":[],"class_list":{"0":"post-8504","1":"product","2":"type-product","3":"status-publish","4":"has-post-thumbnail","6":"product_brand-al-wataniah","7":"product_cat-perfumes","8":"product_cat-unisex","10":"first","11":"instock","12":"purchasable","13":"product-type-simple"},"acf":[],"_links":{"self":[{"href":"https:\/\/agatres.co\/es\/wp-json\/wp\/v2\/product\/8504","targetHints":{"allow":["GET"]}}],"collection":[{"href":"https:\/\/agatres.co\/es\/wp-json\/wp\/v2\/product"}],"about":[{"href":"https:\/\/agatres.co\/es\/wp-json\/wp\/v2\/types\/product"}],"version-history":[{"count":7,"href":"https:\/\/agatres.co\/es\/wp-json\/wp\/v2\/product\/8504\/revisions"}],"predecessor-version":[{"id":24487,"href":"https:\/\/agatres.co\/es\/wp-json\/wp\/v2\/product\/8504\/revisions\/24487"}],"wp:featuredmedia":[{"embeddable":true,"href":"https:\/\/agatres.co\/es\/wp-json\/wp\/v2\/media\/18542"}],"wp:attachment":[{"href":"https:\/\/agatres.co\/es\/wp-json\/wp\/v2\/media?parent=8504"}],"wp:term":[{"taxonomy":"product_brand","embeddable":true,"href":"https:\/\/agatres.co\/es\/wp-json\/wp\/v2\/product_brand?post=8504"},{"taxonomy":"product_cat","embeddable":true,"href":"https:\/\/agatres.co\/es\/wp-json\/wp\/v2\/product_cat?post=8504"},{"taxonomy":"product_tag","embeddable":true,"href":"https:\/\/agatres.co\/es\/wp-json\/wp\/v2\/product_tag?post=8504"},{"taxonomy":"woo-feed-brand","embeddable":true,"href":"https:\/\/agatres.co\/es\/wp-json\/wp\/v2\/woo-feed-brand?post=8504"}],"curies":[{"name":"wp","href":"https:\/\/api.w.org\/{rel}","templated":true}]}}