{"id":8841,"date":"2026-02-09T15:33:07","date_gmt":"2026-02-09T18:33:07","guid":{"rendered":"https:\/\/agatres.co\/product\/lattafa-malik-al-tayoor-concentrated-100\/"},"modified":"2026-04-29T10:02:24","modified_gmt":"2026-04-29T14:02:24","slug":"lattafa-malik-al-tayoor-concentrated-100","status":"publish","type":"product","link":"https:\/\/agatres.co\/es\/producto\/lattafa-malik-al-tayoor-concentrated-100\/","title":{"rendered":"Perfume Lattafa Malik Al Tayoor Concentrated &#8211; Unisex EDP 100mL"},"content":{"rendered":"<p data-start=\"352\" data-end=\"699\">El Perfume Lattafa Malik Al Tayoor Concentrated destaca por su composici\u00f3n intensa y sofisticada, combinando notas amaderadas, especiadas y ambaradas que crean una experiencia profunda y envolvente. Dise\u00f1ado para quienes buscan una fragancia con gran car\u00e1cter, esta creaci\u00f3n transmite elegancia, fuerza y un estilo distintivo.<\/p>\n<p data-start=\"701\" data-end=\"1060\">Desde la primera aplicaci\u00f3n, se percibe una apertura especiada y c\u00e1lida que aporta un impacto fuerte y atractivo. A medida que evoluciona, el aroma revela un coraz\u00f3n arom\u00e1tico con acordes intensos y equilibrados que aportan profundidad y personalidad. Finalmente, su base de \u00e1mbar, almizcle y maderas crea una estela duradera, potente y altamente seductora.<\/p>\n<p data-start=\"1062\" data-end=\"1360\">Gracias a su concentraci\u00f3n, este perfume ofrece una excelente fijaci\u00f3n y proyecci\u00f3n, siendo ideal para ocasiones especiales, uso nocturno o climas frescos. Su car\u00e1cter vers\u00e1til lo convierte en una excelente opci\u00f3n tanto para hombres como para mujeres que buscan una fragancia intensa y memorable.<\/p>\n<p data-start=\"1362\" data-end=\"1475\">Este perfume es ideal para quienes desean destacar con una fragancia sofisticada, potente y con gran presencia.<\/p>\n","protected":false},"excerpt":{"rendered":"<p>Perfume Lattafa Malik Al Tayoor Concentrated es una fragancia para hombre y mujeres con notas amaderadas, especiadas y ambaradas. Aroma intenso, elegante y duradero, ideal para d\u00eda y noche.<\/p>\n","protected":false},"featured_media":25469,"template":"","meta":{"_acf_changed":false,"rs_blank_template":"","rs_page_bg_color":"","slide_template_v7":""},"product_brand":[90],"product_cat":[88,233],"product_tag":[],"woo-feed-brand":[],"class_list":{"0":"post-8841","1":"product","2":"type-product","3":"status-publish","4":"has-post-thumbnail","6":"product_brand-lattafa","7":"product_cat-perfumes","8":"product_cat-unisex","10":"first","11":"outofstock","12":"purchasable","13":"product-type-simple"},"acf":[],"_links":{"self":[{"href":"https:\/\/agatres.co\/es\/wp-json\/wp\/v2\/product\/8841","targetHints":{"allow":["GET"]}}],"collection":[{"href":"https:\/\/agatres.co\/es\/wp-json\/wp\/v2\/product"}],"about":[{"href":"https:\/\/agatres.co\/es\/wp-json\/wp\/v2\/types\/product"}],"version-history":[{"count":1,"href":"https:\/\/agatres.co\/es\/wp-json\/wp\/v2\/product\/8841\/revisions"}],"predecessor-version":[{"id":13022,"href":"https:\/\/agatres.co\/es\/wp-json\/wp\/v2\/product\/8841\/revisions\/13022"}],"wp:featuredmedia":[{"embeddable":true,"href":"https:\/\/agatres.co\/es\/wp-json\/wp\/v2\/media\/25469"}],"wp:attachment":[{"href":"https:\/\/agatres.co\/es\/wp-json\/wp\/v2\/media?parent=8841"}],"wp:term":[{"taxonomy":"product_brand","embeddable":true,"href":"https:\/\/agatres.co\/es\/wp-json\/wp\/v2\/product_brand?post=8841"},{"taxonomy":"product_cat","embeddable":true,"href":"https:\/\/agatres.co\/es\/wp-json\/wp\/v2\/product_cat?post=8841"},{"taxonomy":"product_tag","embeddable":true,"href":"https:\/\/agatres.co\/es\/wp-json\/wp\/v2\/product_tag?post=8841"},{"taxonomy":"woo-feed-brand","embeddable":true,"href":"https:\/\/agatres.co\/es\/wp-json\/wp\/v2\/woo-feed-brand?post=8841"}],"curies":[{"name":"wp","href":"https:\/\/api.w.org\/{rel}","templated":true}]}}