{"id":8908,"date":"2026-02-09T15:32:55","date_gmt":"2026-02-09T18:32:55","guid":{"rendered":"https:\/\/agatres.co\/product\/lattafa-asdaaf-fouad-edp-100ml\/"},"modified":"2026-04-27T14:00:55","modified_gmt":"2026-04-27T18:00:55","slug":"lattafa-asdaaf-fouad-edp-100ml","status":"publish","type":"product","link":"https:\/\/agatres.co\/es\/producto\/lattafa-asdaaf-fouad-edp-100ml\/","title":{"rendered":"Perfume Lattafa Asdaaf Fouad &#8211; Masculino EDP 100mL"},"content":{"rendered":"<p data-start=\"311\" data-end=\"636\">El Perfume Lattafa Asdaaf Fouad destaca por su combinaci\u00f3n de notas frescas, especiadas y amaderadas, ofreciendo una experiencia sofisticada, din\u00e1mica y con gran car\u00e1cter. Dise\u00f1ado para quienes buscan una fragancia masculina vers\u00e1til y moderna, esta creaci\u00f3n transmite frescura, elegancia y personalidad.<\/p>\n<p data-start=\"638\" data-end=\"1005\">Desde la primera aplicaci\u00f3n, se percibe una apertura fresca con matices c\u00edtricos y especiados que aportan una sensaci\u00f3n energizante y atractiva. A medida que evoluciona, el aroma revela un coraz\u00f3n arom\u00e1tico con notas c\u00e1lidas que aportan profundidad y equilibrio. Finalmente, su base de maderas, \u00e1mbar y almizcle crea una estela duradera, envolvente y muy seductora.<\/p>\n<p data-start=\"1007\" data-end=\"1279\">Gracias a su buena fijaci\u00f3n y proyecci\u00f3n moderada a alta, este perfume es ideal tanto para el uso diario como para ocasiones especiales. Su versatilidad lo convierte en una excelente opci\u00f3n para quienes buscan una fragancia masculina elegante, moderna y f\u00e1cil de llevar.<\/p>\n<p data-start=\"1281\" data-end=\"1384\">Este perfume es ideal para quienes desean destacar con una fragancia sofisticada, fresca y memorable.<\/p>\n<p data-start=\"1386\" data-end=\"1808\" data-is-last-node=\"\" data-is-only-node=\"\">\n","protected":false},"excerpt":{"rendered":"<p>Perfume Lattafa Asdaaf Fouad es una fragancia masculina con notas frescas, especiadas y amaderadas. Aroma elegante, moderno y envolvente, ideal para d\u00eda y noche.<\/p>\n","protected":false},"featured_media":25449,"template":"","meta":{"_acf_changed":false,"rs_blank_template":"","rs_page_bg_color":"","slide_template_v7":""},"product_brand":[90],"product_cat":[231,88],"product_tag":[],"woo-feed-brand":[],"class_list":{"0":"post-8908","1":"product","2":"type-product","3":"status-publish","4":"has-post-thumbnail","6":"product_brand-lattafa","7":"product_cat-masculino","8":"product_cat-perfumes","10":"first","11":"outofstock","12":"purchasable","13":"product-type-simple"},"acf":[],"_links":{"self":[{"href":"https:\/\/agatres.co\/es\/wp-json\/wp\/v2\/product\/8908","targetHints":{"allow":["GET"]}}],"collection":[{"href":"https:\/\/agatres.co\/es\/wp-json\/wp\/v2\/product"}],"about":[{"href":"https:\/\/agatres.co\/es\/wp-json\/wp\/v2\/types\/product"}],"version-history":[{"count":1,"href":"https:\/\/agatres.co\/es\/wp-json\/wp\/v2\/product\/8908\/revisions"}],"predecessor-version":[{"id":11879,"href":"https:\/\/agatres.co\/es\/wp-json\/wp\/v2\/product\/8908\/revisions\/11879"}],"wp:featuredmedia":[{"embeddable":true,"href":"https:\/\/agatres.co\/es\/wp-json\/wp\/v2\/media\/25449"}],"wp:attachment":[{"href":"https:\/\/agatres.co\/es\/wp-json\/wp\/v2\/media?parent=8908"}],"wp:term":[{"taxonomy":"product_brand","embeddable":true,"href":"https:\/\/agatres.co\/es\/wp-json\/wp\/v2\/product_brand?post=8908"},{"taxonomy":"product_cat","embeddable":true,"href":"https:\/\/agatres.co\/es\/wp-json\/wp\/v2\/product_cat?post=8908"},{"taxonomy":"product_tag","embeddable":true,"href":"https:\/\/agatres.co\/es\/wp-json\/wp\/v2\/product_tag?post=8908"},{"taxonomy":"woo-feed-brand","embeddable":true,"href":"https:\/\/agatres.co\/es\/wp-json\/wp\/v2\/woo-feed-brand?post=8908"}],"curies":[{"name":"wp","href":"https:\/\/api.w.org\/{rel}","templated":true}]}}