{"id":8948,"date":"2026-02-09T15:33:13","date_gmt":"2026-02-09T18:33:13","guid":{"rendered":"https:\/\/agatres.co\/product\/lattafa-opulente-red-edp-100ml\/"},"modified":"2026-04-29T12:01:00","modified_gmt":"2026-04-29T16:01:00","slug":"lattafa-opulente-red-edp-100ml","status":"publish","type":"product","link":"https:\/\/agatres.co\/es\/producto\/lattafa-opulente-red-edp-100ml\/","title":{"rendered":"Perfume Lattafa Opulente Red &#8211; Unisex EDP 100mL"},"content":{"rendered":"<p data-start=\"316\" data-end=\"638\">El Perfume Lattafa Opulente Red destaca por su combinaci\u00f3n de notas dulces, ambaradas y especiadas, ofreciendo una experiencia rica, vibrante y altamente seductora. Dise\u00f1ado para quienes buscan una fragancia con car\u00e1cter y presencia, esta creaci\u00f3n transmite lujo, energ\u00eda y un estilo oriental moderno.<\/p>\n<p data-start=\"640\" data-end=\"1020\">Desde la primera aplicaci\u00f3n, se percibe una apertura c\u00e1lida con matices dulces y especiados que aportan un impacto atractivo y envolvente. A medida que evoluciona, el aroma revela un coraz\u00f3n intenso con acordes arom\u00e1ticos y toques profundos que aportan personalidad y equilibrio. Finalmente, su base de \u00e1mbar, vainilla y maderas crea una estela duradera, c\u00e1lida y muy seductora.<\/p>\n<p data-start=\"1022\" data-end=\"1305\">Gracias a su excelente fijaci\u00f3n y proyecci\u00f3n moderada a alta, este perfume es ideal tanto para ocasiones especiales como para el uso diario en climas frescos. Su car\u00e1cter vers\u00e1til lo convierte en una excelente opci\u00f3n para quienes buscan una fragancia elegante, intensa y memorable.<\/p>\n<p data-start=\"1307\" data-end=\"1419\">Este perfume es ideal para quienes desean destacar con una fragancia sofisticada, c\u00e1lida y con gran presencia.<\/p>\n","protected":false},"excerpt":{"rendered":"<p>Perfume Lattafa Opulente Red es una fragancia para hombre y mujeres con notas dulces, ambaradas y especiadas. Aroma intenso, c\u00e1lido y envolvente, ideal para d\u00eda y noche.<\/p>\n","protected":false},"featured_media":25489,"template":"","meta":{"_acf_changed":false,"rs_blank_template":"","rs_page_bg_color":"","slide_template_v7":""},"product_brand":[90],"product_cat":[88,233],"product_tag":[],"woo-feed-brand":[],"class_list":{"0":"post-8948","1":"product","2":"type-product","3":"status-publish","4":"has-post-thumbnail","6":"product_brand-lattafa","7":"product_cat-perfumes","8":"product_cat-unisex","10":"first","11":"outofstock","12":"purchasable","13":"product-type-simple"},"acf":[],"_links":{"self":[{"href":"https:\/\/agatres.co\/es\/wp-json\/wp\/v2\/product\/8948","targetHints":{"allow":["GET"]}}],"collection":[{"href":"https:\/\/agatres.co\/es\/wp-json\/wp\/v2\/product"}],"about":[{"href":"https:\/\/agatres.co\/es\/wp-json\/wp\/v2\/types\/product"}],"version-history":[{"count":1,"href":"https:\/\/agatres.co\/es\/wp-json\/wp\/v2\/product\/8948\/revisions"}],"predecessor-version":[{"id":13028,"href":"https:\/\/agatres.co\/es\/wp-json\/wp\/v2\/product\/8948\/revisions\/13028"}],"wp:featuredmedia":[{"embeddable":true,"href":"https:\/\/agatres.co\/es\/wp-json\/wp\/v2\/media\/25489"}],"wp:attachment":[{"href":"https:\/\/agatres.co\/es\/wp-json\/wp\/v2\/media?parent=8948"}],"wp:term":[{"taxonomy":"product_brand","embeddable":true,"href":"https:\/\/agatres.co\/es\/wp-json\/wp\/v2\/product_brand?post=8948"},{"taxonomy":"product_cat","embeddable":true,"href":"https:\/\/agatres.co\/es\/wp-json\/wp\/v2\/product_cat?post=8948"},{"taxonomy":"product_tag","embeddable":true,"href":"https:\/\/agatres.co\/es\/wp-json\/wp\/v2\/product_tag?post=8948"},{"taxonomy":"woo-feed-brand","embeddable":true,"href":"https:\/\/agatres.co\/es\/wp-json\/wp\/v2\/woo-feed-brand?post=8948"}],"curies":[{"name":"wp","href":"https:\/\/api.w.org\/{rel}","templated":true}]}}