{"id":8980,"date":"2026-02-09T15:33:19","date_gmt":"2026-02-09T18:33:19","guid":{"rendered":"https:\/\/agatres.co\/product\/lattafa-qaed-al-fursan-untamed-marrom\/"},"modified":"2026-04-29T14:02:47","modified_gmt":"2026-04-29T18:02:47","slug":"lattafa-qaed-al-fursan-untamed-marrom","status":"publish","type":"product","link":"https:\/\/agatres.co\/es\/producto\/lattafa-qaed-al-fursan-untamed-marrom\/","title":{"rendered":"Perfume Lattafa Qaed Al Fursan Untamed Marr\u00f3n &#8211; Masculino EDP 100mL"},"content":{"rendered":"<p data-start=\"343\" data-end=\"697\">El Perfume Lattafa Qaed Al Fursan Untamed Marr\u00f3n destaca por su car\u00e1cter fuerte y envolvente, combinando notas amaderadas, especiadas y dulces que ofrecen una experiencia profunda y moderna. Dise\u00f1ado para quienes buscan una fragancia masculina con personalidad audaz, esta creaci\u00f3n transmite fuerza, elegancia y un estilo distintivo.<\/p>\n<p data-start=\"699\" data-end=\"1082\">Desde la primera aplicaci\u00f3n, se percibe una apertura c\u00e1lida con matices especiados que aportan un impacto atractivo y vibrante. A medida que evoluciona, el aroma revela un coraz\u00f3n intenso con acordes amaderados y ligeros toques dulces que aportan equilibrio y profundidad. Finalmente, su base de \u00e1mbar, vainilla y maderas crea una estela duradera, seductora y altamente envolvente.<\/p>\n<p data-start=\"1084\" data-end=\"1359\">Gracias a su excelente fijaci\u00f3n y proyecci\u00f3n moderada a alta, este perfume es ideal para ocasiones especiales, uso nocturno o climas frescos. Su car\u00e1cter moderno lo convierte en una excelente opci\u00f3n para quienes buscan una fragancia masculina intensa, elegante y memorable.<\/p>\n<p data-start=\"1361\" data-end=\"1474\">Este perfume es ideal para quienes desean destacar con una fragancia sofisticada, potente y con gran presencia.<\/p>\n","protected":false},"excerpt":{"rendered":"<p>Perfume Lattafa Qaed Al Fursan Untamed Marr\u00f3n es una fragancia masculina con notas amaderadas, especiadas y dulces. Aroma intenso, c\u00e1lido y sofisticado, ideal para d\u00eda y noche.<\/p>\n","protected":false},"featured_media":25494,"template":"","meta":{"_acf_changed":false,"rs_blank_template":"","rs_page_bg_color":"","slide_template_v7":""},"product_brand":[90],"product_cat":[231,88],"product_tag":[],"woo-feed-brand":[],"class_list":{"0":"post-8980","1":"product","2":"type-product","3":"status-publish","4":"has-post-thumbnail","6":"product_brand-lattafa","7":"product_cat-masculino","8":"product_cat-perfumes","10":"first","11":"outofstock","12":"purchasable","13":"product-type-simple"},"acf":[],"_links":{"self":[{"href":"https:\/\/agatres.co\/es\/wp-json\/wp\/v2\/product\/8980","targetHints":{"allow":["GET"]}}],"collection":[{"href":"https:\/\/agatres.co\/es\/wp-json\/wp\/v2\/product"}],"about":[{"href":"https:\/\/agatres.co\/es\/wp-json\/wp\/v2\/types\/product"}],"version-history":[{"count":1,"href":"https:\/\/agatres.co\/es\/wp-json\/wp\/v2\/product\/8980\/revisions"}],"predecessor-version":[{"id":10677,"href":"https:\/\/agatres.co\/es\/wp-json\/wp\/v2\/product\/8980\/revisions\/10677"}],"wp:featuredmedia":[{"embeddable":true,"href":"https:\/\/agatres.co\/es\/wp-json\/wp\/v2\/media\/25494"}],"wp:attachment":[{"href":"https:\/\/agatres.co\/es\/wp-json\/wp\/v2\/media?parent=8980"}],"wp:term":[{"taxonomy":"product_brand","embeddable":true,"href":"https:\/\/agatres.co\/es\/wp-json\/wp\/v2\/product_brand?post=8980"},{"taxonomy":"product_cat","embeddable":true,"href":"https:\/\/agatres.co\/es\/wp-json\/wp\/v2\/product_cat?post=8980"},{"taxonomy":"product_tag","embeddable":true,"href":"https:\/\/agatres.co\/es\/wp-json\/wp\/v2\/product_tag?post=8980"},{"taxonomy":"woo-feed-brand","embeddable":true,"href":"https:\/\/agatres.co\/es\/wp-json\/wp\/v2\/woo-feed-brand?post=8980"}],"curies":[{"name":"wp","href":"https:\/\/api.w.org\/{rel}","templated":true}]}}