{"id":9199,"date":"2026-02-09T15:32:36","date_gmt":"2026-02-09T18:32:36","guid":{"rendered":"https:\/\/agatres.co\/product\/french-avenue-genesis-sagittarius-90ml\/"},"modified":"2026-04-24T13:00:31","modified_gmt":"2026-04-24T17:00:31","slug":"french-avenue-genesis-sagittarius-90ml","status":"publish","type":"product","link":"https:\/\/agatres.co\/es\/producto\/french-avenue-genesis-sagittarius-90ml\/","title":{"rendered":"FRENCH AVENUE GENESIS SAGITTARIUS 90ML"},"content":{"rendered":"<p data-start=\"345\" data-end=\"676\">El Perfume French Avenue Genesis Sagittarius destaca por su combinaci\u00f3n de notas frescas, especiadas y amaderadas, ofreciendo una experiencia din\u00e1mica, energ\u00e9tica y sofisticada. Dise\u00f1ado para quienes buscan una fragancia con personalidad y versatilidad, esta creaci\u00f3n transmite libertad, modernidad y car\u00e1cter.<\/p>\n<p data-start=\"678\" data-end=\"1063\">Desde la primera aplicaci\u00f3n, se percibe una apertura fresca y vibrante con matices especiados que aportan energ\u00eda y un toque distintivo. A medida que evoluciona, el aroma revela un coraz\u00f3n arom\u00e1tico con notas c\u00e1lidas y ligeros toques herbales que aportan profundidad y equilibrio. Finalmente, su base de \u00e1mbar, almizcle y maderas crea una estela duradera, envolvente y muy atractiva.<\/p>\n<p data-start=\"1065\" data-end=\"1327\">Gracias a su buena fijaci\u00f3n y proyecci\u00f3n moderada a alta, este perfume es ideal tanto para el uso diario como para ocasiones especiales. Su versatilidad lo convierte en una excelente opci\u00f3n para quienes buscan una fragancia moderna, elegante y f\u00e1cil de llevar.<\/p>\n<p data-start=\"1329\" data-end=\"1436\">Este perfume es ideal para quienes desean destacar con una fragancia sofisticada, energ\u00e9tica y memorable.<\/p>\n","protected":false},"excerpt":{"rendered":"<p>Perfume French Avenue Genesis Sagittarius es una fragancia para hombre y mujeres con notas frescas, especiadas y amaderadas. Aroma vibrante, moderno y envolvente, ideal para d\u00eda y noche.<\/p>\n","protected":false},"featured_media":25271,"template":"","meta":{"_acf_changed":false,"rs_blank_template":"","rs_page_bg_color":"","slide_template_v7":""},"product_brand":[137],"product_cat":[88,233],"product_tag":[],"woo-feed-brand":[],"class_list":{"0":"post-9199","1":"product","2":"type-product","3":"status-publish","4":"has-post-thumbnail","6":"product_brand-french-avenue","7":"product_cat-perfumes","8":"product_cat-unisex","10":"first","11":"outofstock","12":"purchasable","13":"product-type-simple"},"acf":[],"_links":{"self":[{"href":"https:\/\/agatres.co\/es\/wp-json\/wp\/v2\/product\/9199","targetHints":{"allow":["GET"]}}],"collection":[{"href":"https:\/\/agatres.co\/es\/wp-json\/wp\/v2\/product"}],"about":[{"href":"https:\/\/agatres.co\/es\/wp-json\/wp\/v2\/types\/product"}],"version-history":[{"count":1,"href":"https:\/\/agatres.co\/es\/wp-json\/wp\/v2\/product\/9199\/revisions"}],"predecessor-version":[{"id":10224,"href":"https:\/\/agatres.co\/es\/wp-json\/wp\/v2\/product\/9199\/revisions\/10224"}],"wp:featuredmedia":[{"embeddable":true,"href":"https:\/\/agatres.co\/es\/wp-json\/wp\/v2\/media\/25271"}],"wp:attachment":[{"href":"https:\/\/agatres.co\/es\/wp-json\/wp\/v2\/media?parent=9199"}],"wp:term":[{"taxonomy":"product_brand","embeddable":true,"href":"https:\/\/agatres.co\/es\/wp-json\/wp\/v2\/product_brand?post=9199"},{"taxonomy":"product_cat","embeddable":true,"href":"https:\/\/agatres.co\/es\/wp-json\/wp\/v2\/product_cat?post=9199"},{"taxonomy":"product_tag","embeddable":true,"href":"https:\/\/agatres.co\/es\/wp-json\/wp\/v2\/product_tag?post=9199"},{"taxonomy":"woo-feed-brand","embeddable":true,"href":"https:\/\/agatres.co\/es\/wp-json\/wp\/v2\/woo-feed-brand?post=9199"}],"curies":[{"name":"wp","href":"https:\/\/api.w.org\/{rel}","templated":true}]}}