{"id":9209,"date":"2026-02-09T15:32:49","date_gmt":"2026-02-09T18:32:49","guid":{"rendered":"https:\/\/agatres.co\/product\/lattafa-ajayeb-dubai-black-100ml\/"},"modified":"2026-04-27T12:46:34","modified_gmt":"2026-04-27T16:46:34","slug":"lattafa-ajayeb-dubai-black-100ml","status":"publish","type":"product","link":"https:\/\/agatres.co\/es\/producto\/lattafa-ajayeb-dubai-black-100ml\/","title":{"rendered":"Perfume Lattafa Ajayeb Dubai Black &#8211; Unisex EDP 100mL"},"content":{"rendered":"<p data-start=\"330\" data-end=\"657\">El Perfume Lattafa Ajayeb Dubai Black destaca por su combinaci\u00f3n de notas dulces, especiadas y amaderadas, ofreciendo una experiencia rica, intensa y con un aire oriental moderno. Dise\u00f1ado para quienes buscan una fragancia con personalidad fuerte, esta creaci\u00f3n transmite lujo, profundidad y sofisticaci\u00f3n.<\/p>\n<p data-start=\"659\" data-end=\"1045\">Desde la primera aplicaci\u00f3n, se percibe una apertura c\u00e1lida con matices dulces y especiados que aportan un impacto atractivo y envolvente. A medida que evoluciona, el aroma revela un coraz\u00f3n profundo con acordes arom\u00e1ticos y toques ex\u00f3ticos que aportan car\u00e1cter y equilibrio. Finalmente, su base de \u00e1mbar, vainilla y maderas crea una estela duradera, seductora y altamente envolvente.<\/p>\n<p data-start=\"1047\" data-end=\"1317\">Gracias a su excelente fijaci\u00f3n y proyecci\u00f3n moderada a alta, este perfume es ideal para ocasiones especiales, salidas nocturnas o climas frescos. Su car\u00e1cter intenso lo convierte en una excelente opci\u00f3n para quienes buscan una fragancia elegante, moderna y memorable.<\/p>\n<p data-start=\"1319\" data-end=\"1432\">Este perfume es ideal para quienes desean destacar con una fragancia sofisticada, ex\u00f3tica y con gran presencia.<\/p>\n","protected":false},"excerpt":{"rendered":"<p>Perfume Lattafa Ajayeb Dubai Black es una fragancia para hombre y mujeres con notas dulces, especiadas y amaderadas. Aroma intenso, ex\u00f3tico y envolvente, ideal para d\u00eda y noche.<\/p>\n","protected":false},"featured_media":25437,"template":"","meta":{"_acf_changed":false,"rs_blank_template":"","rs_page_bg_color":"","slide_template_v7":""},"product_brand":[90],"product_cat":[88,233],"product_tag":[],"woo-feed-brand":[],"class_list":{"0":"post-9209","1":"product","2":"type-product","3":"status-publish","4":"has-post-thumbnail","6":"product_brand-lattafa","7":"product_cat-perfumes","8":"product_cat-unisex","10":"first","11":"outofstock","12":"purchasable","13":"product-type-simple"},"acf":[],"_links":{"self":[{"href":"https:\/\/agatres.co\/es\/wp-json\/wp\/v2\/product\/9209","targetHints":{"allow":["GET"]}}],"collection":[{"href":"https:\/\/agatres.co\/es\/wp-json\/wp\/v2\/product"}],"about":[{"href":"https:\/\/agatres.co\/es\/wp-json\/wp\/v2\/types\/product"}],"version-history":[{"count":1,"href":"https:\/\/agatres.co\/es\/wp-json\/wp\/v2\/product\/9209\/revisions"}],"predecessor-version":[{"id":10584,"href":"https:\/\/agatres.co\/es\/wp-json\/wp\/v2\/product\/9209\/revisions\/10584"}],"wp:featuredmedia":[{"embeddable":true,"href":"https:\/\/agatres.co\/es\/wp-json\/wp\/v2\/media\/25437"}],"wp:attachment":[{"href":"https:\/\/agatres.co\/es\/wp-json\/wp\/v2\/media?parent=9209"}],"wp:term":[{"taxonomy":"product_brand","embeddable":true,"href":"https:\/\/agatres.co\/es\/wp-json\/wp\/v2\/product_brand?post=9209"},{"taxonomy":"product_cat","embeddable":true,"href":"https:\/\/agatres.co\/es\/wp-json\/wp\/v2\/product_cat?post=9209"},{"taxonomy":"product_tag","embeddable":true,"href":"https:\/\/agatres.co\/es\/wp-json\/wp\/v2\/product_tag?post=9209"},{"taxonomy":"woo-feed-brand","embeddable":true,"href":"https:\/\/agatres.co\/es\/wp-json\/wp\/v2\/woo-feed-brand?post=9209"}],"curies":[{"name":"wp","href":"https:\/\/api.w.org\/{rel}","templated":true}]}}