{"id":9210,"date":"2026-02-09T15:32:49","date_gmt":"2026-02-09T18:32:49","guid":{"rendered":"https:\/\/agatres.co\/product\/lattafa-ajayeb-dubai-portrait-100ml\/"},"modified":"2026-04-27T12:46:33","modified_gmt":"2026-04-27T16:46:33","slug":"lattafa-ajayeb-dubai-portrait-100ml","status":"publish","type":"product","link":"https:\/\/agatres.co\/es\/producto\/lattafa-ajayeb-dubai-portrait-100ml\/","title":{"rendered":"Perfume Lattafa Ajayeb Dubai Portrait &#8211; Unisex EDP 100mL"},"content":{"rendered":"<p data-start=\"335\" data-end=\"698\">El Perfume Lattafa Ajayeb Dubai Portrait destaca por su combinaci\u00f3n de notas dulces, afrutadas y ambaradas, ofreciendo una experiencia sofisticada, vibrante y con un aire ex\u00f3tico. Dise\u00f1ado para quienes buscan una fragancia moderna con car\u00e1cter, esta creaci\u00f3n transmite elegancia, frescura y un estilo distintivo inspirado en el lujo oriental.<\/p>\n<p data-start=\"700\" data-end=\"1090\">Desde la primera aplicaci\u00f3n, se percibe una apertura jugosa y luminosa con matices afrutados que aportan una sensaci\u00f3n atractiva y din\u00e1mica. A medida que evoluciona, el aroma revela un coraz\u00f3n equilibrado con notas arom\u00e1ticas y ligeros toques dulces que aportan profundidad y personalidad. Finalmente, su base de \u00e1mbar, vainilla y maderas crea una estela duradera, c\u00e1lida y muy seductora.<\/p>\n<p data-start=\"1092\" data-end=\"1352\">Gracias a su excelente fijaci\u00f3n y proyecci\u00f3n moderada a alta, este perfume es ideal tanto para ocasiones especiales como para el uso diario. Su versatilidad lo convierte en una excelente opci\u00f3n para quienes buscan una fragancia elegante, moderna y memorable.<\/p>\n<p data-start=\"1354\" data-end=\"1467\">Este perfume es ideal para quienes desean destacar con una fragancia sofisticada, ex\u00f3tica y con gran presencia.<\/p>\n","protected":false},"excerpt":{"rendered":"<p>Perfume Lattafa Ajayeb Dubai Portrait es una fragancia para hombre y mujeres con notas dulces, afrutadas y ambaradas. Aroma elegante, moderno y envolvente, ideal para d\u00eda y noche.<\/p>\n","protected":false},"featured_media":25436,"template":"","meta":{"_acf_changed":false,"rs_blank_template":"","rs_page_bg_color":"","slide_template_v7":""},"product_brand":[90],"product_cat":[88,233],"product_tag":[],"woo-feed-brand":[],"class_list":{"0":"post-9210","1":"product","2":"type-product","3":"status-publish","4":"has-post-thumbnail","6":"product_brand-lattafa","7":"product_cat-perfumes","8":"product_cat-unisex","10":"first","11":"outofstock","12":"purchasable","13":"product-type-simple"},"acf":[],"_links":{"self":[{"href":"https:\/\/agatres.co\/es\/wp-json\/wp\/v2\/product\/9210","targetHints":{"allow":["GET"]}}],"collection":[{"href":"https:\/\/agatres.co\/es\/wp-json\/wp\/v2\/product"}],"about":[{"href":"https:\/\/agatres.co\/es\/wp-json\/wp\/v2\/types\/product"}],"version-history":[{"count":1,"href":"https:\/\/agatres.co\/es\/wp-json\/wp\/v2\/product\/9210\/revisions"}],"predecessor-version":[{"id":12990,"href":"https:\/\/agatres.co\/es\/wp-json\/wp\/v2\/product\/9210\/revisions\/12990"}],"wp:featuredmedia":[{"embeddable":true,"href":"https:\/\/agatres.co\/es\/wp-json\/wp\/v2\/media\/25436"}],"wp:attachment":[{"href":"https:\/\/agatres.co\/es\/wp-json\/wp\/v2\/media?parent=9210"}],"wp:term":[{"taxonomy":"product_brand","embeddable":true,"href":"https:\/\/agatres.co\/es\/wp-json\/wp\/v2\/product_brand?post=9210"},{"taxonomy":"product_cat","embeddable":true,"href":"https:\/\/agatres.co\/es\/wp-json\/wp\/v2\/product_cat?post=9210"},{"taxonomy":"product_tag","embeddable":true,"href":"https:\/\/agatres.co\/es\/wp-json\/wp\/v2\/product_tag?post=9210"},{"taxonomy":"woo-feed-brand","embeddable":true,"href":"https:\/\/agatres.co\/es\/wp-json\/wp\/v2\/woo-feed-brand?post=9210"}],"curies":[{"name":"wp","href":"https:\/\/api.w.org\/{rel}","templated":true}]}}