{"id":9212,"date":"2026-02-09T15:32:55","date_gmt":"2026-02-09T18:32:55","guid":{"rendered":"https:\/\/agatres.co\/product\/lattafa-asdaaf-andaleeb-flora-edp-100ml\/"},"modified":"2026-04-27T14:00:54","modified_gmt":"2026-04-27T18:00:54","slug":"lattafa-asdaaf-andaleeb-flora-edp-100ml","status":"publish","type":"product","link":"https:\/\/agatres.co\/es\/producto\/lattafa-asdaaf-andaleeb-flora-edp-100ml\/","title":{"rendered":"Perfume Lattafa Asdaaf Andaleeb Flora &#8211; Femenino EDP 100mL"},"content":{"rendered":"<p data-start=\"322\" data-end=\"648\">El Perfume Lattafa Asdaaf Andaleeb Flora destaca por su combinaci\u00f3n de notas florales, frescas y dulces, ofreciendo una experiencia femenina, luminosa y sofisticada. Dise\u00f1ado para quienes buscan una fragancia delicada con un toque moderno, esta creaci\u00f3n transmite frescura, elegancia y un encanto natural.<\/p>\n<p data-start=\"650\" data-end=\"1023\">Desde la primera aplicaci\u00f3n, se percibe una apertura fresca y suave con matices ligeros que aportan una sensaci\u00f3n revitalizante y agradable. A medida que evoluciona, el aroma revela un coraz\u00f3n floral abundante con acordes delicados que aportan feminidad y armon\u00eda. Finalmente, su base de vainilla, almizcle y notas suaves crea una estela duradera, c\u00e1lida y muy atractiva.<\/p>\n<p data-start=\"1025\" data-end=\"1288\">Gracias a su buena fijaci\u00f3n y proyecci\u00f3n moderada, este perfume es ideal tanto para el uso diario como para ocasiones especiales. Su versatilidad lo convierte en una excelente opci\u00f3n para quienes buscan una fragancia femenina elegante, fresca y f\u00e1cil de llevar.<\/p>\n<p data-start=\"1290\" data-end=\"1391\">Este perfume es ideal para quienes desean destacar con una fragancia delicada, moderna y memorable.<\/p>\n","protected":false},"excerpt":{"rendered":"<p>Perfume Lattafa Asdaaf Andaleeb Flora es una fragancia femenina con notas florales, frescas y dulces. Aroma delicado, elegante y envolvente, ideal para d\u00eda y noche.<\/p>\n","protected":false},"featured_media":25447,"template":"","meta":{"_acf_changed":false,"rs_blank_template":"","rs_page_bg_color":"","slide_template_v7":""},"product_brand":[90],"product_cat":[232,88],"product_tag":[],"woo-feed-brand":[],"class_list":{"0":"post-9212","1":"product","2":"type-product","3":"status-publish","4":"has-post-thumbnail","6":"product_brand-lattafa","7":"product_cat-femenino","8":"product_cat-perfumes","10":"first","11":"outofstock","12":"purchasable","13":"product-type-simple"},"acf":[],"_links":{"self":[{"href":"https:\/\/agatres.co\/es\/wp-json\/wp\/v2\/product\/9212","targetHints":{"allow":["GET"]}}],"collection":[{"href":"https:\/\/agatres.co\/es\/wp-json\/wp\/v2\/product"}],"about":[{"href":"https:\/\/agatres.co\/es\/wp-json\/wp\/v2\/types\/product"}],"version-history":[{"count":1,"href":"https:\/\/agatres.co\/es\/wp-json\/wp\/v2\/product\/9212\/revisions"}],"predecessor-version":[{"id":10604,"href":"https:\/\/agatres.co\/es\/wp-json\/wp\/v2\/product\/9212\/revisions\/10604"}],"wp:featuredmedia":[{"embeddable":true,"href":"https:\/\/agatres.co\/es\/wp-json\/wp\/v2\/media\/25447"}],"wp:attachment":[{"href":"https:\/\/agatres.co\/es\/wp-json\/wp\/v2\/media?parent=9212"}],"wp:term":[{"taxonomy":"product_brand","embeddable":true,"href":"https:\/\/agatres.co\/es\/wp-json\/wp\/v2\/product_brand?post=9212"},{"taxonomy":"product_cat","embeddable":true,"href":"https:\/\/agatres.co\/es\/wp-json\/wp\/v2\/product_cat?post=9212"},{"taxonomy":"product_tag","embeddable":true,"href":"https:\/\/agatres.co\/es\/wp-json\/wp\/v2\/product_tag?post=9212"},{"taxonomy":"woo-feed-brand","embeddable":true,"href":"https:\/\/agatres.co\/es\/wp-json\/wp\/v2\/woo-feed-brand?post=9212"}],"curies":[{"name":"wp","href":"https:\/\/api.w.org\/{rel}","templated":true}]}}