{"id":9213,"date":"2026-02-09T15:33:07","date_gmt":"2026-02-09T18:33:07","guid":{"rendered":"https:\/\/agatres.co\/product\/lattafa-maharjan-gold-100ml\/"},"modified":"2026-04-29T09:46:28","modified_gmt":"2026-04-29T13:46:28","slug":"lattafa-maharjan-gold-100ml","status":"publish","type":"product","link":"https:\/\/agatres.co\/es\/producto\/lattafa-maharjan-gold-100ml\/","title":{"rendered":"Perfume Lattafa Maharjan Gold &#8211; Unisex EDP 100mL"},"content":{"rendered":"<p data-start=\"319\" data-end=\"644\">El Perfume Lattafa Maharjan Gold destaca por su combinaci\u00f3n de notas ambaradas, dulces y especiadas, ofreciendo una experiencia rica, c\u00e1lida y altamente envolvente. Dise\u00f1ado para quienes buscan una fragancia con car\u00e1cter y distinci\u00f3n, esta creaci\u00f3n transmite lujo, elegancia y un estilo oriental moderno.<\/p>\n<p data-start=\"646\" data-end=\"1044\">Desde la primera aplicaci\u00f3n, se percibe una apertura c\u00e1lida y ligeramente dulce con matices especiados que aportan un impacto atractivo y refinado. A medida que evoluciona, el aroma revela un coraz\u00f3n profundo con notas arom\u00e1ticas y acordes intensos que aportan personalidad y equilibrio. Finalmente, su base de \u00e1mbar, vainilla y maderas crea una estela duradera, seductora y altamente envolvente.<\/p>\n<p data-start=\"1046\" data-end=\"1332\">Gracias a su excelente fijaci\u00f3n y proyecci\u00f3n moderada a alta, este perfume es ideal tanto para ocasiones especiales como para el uso diario en climas frescos. Su car\u00e1cter elegante lo convierte en una excelente opci\u00f3n para quienes buscan una fragancia sofisticada, intensa y memorable.<\/p>\n<p data-start=\"1334\" data-end=\"1441\">Este perfume es ideal para quienes desean destacar con una fragancia lujosa, c\u00e1lida y con gran presencia.<\/p>\n","protected":false},"excerpt":{"rendered":"<p>Perfume Lattafa Maharjan Gold es una fragancia para hombre y mujeres con notas ambaradas, dulces y especiadas. Aroma intenso, lujoso y sofisticado, ideal para d\u00eda y noche.<\/p>\n","protected":false},"featured_media":25468,"template":"","meta":{"_acf_changed":false,"rs_blank_template":"","rs_page_bg_color":"","slide_template_v7":""},"product_brand":[90],"product_cat":[88,233],"product_tag":[],"woo-feed-brand":[],"class_list":{"0":"post-9213","1":"product","2":"type-product","3":"status-publish","4":"has-post-thumbnail","6":"product_brand-lattafa","7":"product_cat-perfumes","8":"product_cat-unisex","10":"first","11":"outofstock","12":"purchasable","13":"product-type-simple"},"acf":[],"_links":{"self":[{"href":"https:\/\/agatres.co\/es\/wp-json\/wp\/v2\/product\/9213","targetHints":{"allow":["GET"]}}],"collection":[{"href":"https:\/\/agatres.co\/es\/wp-json\/wp\/v2\/product"}],"about":[{"href":"https:\/\/agatres.co\/es\/wp-json\/wp\/v2\/types\/product"}],"version-history":[{"count":1,"href":"https:\/\/agatres.co\/es\/wp-json\/wp\/v2\/product\/9213\/revisions"}],"predecessor-version":[{"id":10654,"href":"https:\/\/agatres.co\/es\/wp-json\/wp\/v2\/product\/9213\/revisions\/10654"}],"wp:featuredmedia":[{"embeddable":true,"href":"https:\/\/agatres.co\/es\/wp-json\/wp\/v2\/media\/25468"}],"wp:attachment":[{"href":"https:\/\/agatres.co\/es\/wp-json\/wp\/v2\/media?parent=9213"}],"wp:term":[{"taxonomy":"product_brand","embeddable":true,"href":"https:\/\/agatres.co\/es\/wp-json\/wp\/v2\/product_brand?post=9213"},{"taxonomy":"product_cat","embeddable":true,"href":"https:\/\/agatres.co\/es\/wp-json\/wp\/v2\/product_cat?post=9213"},{"taxonomy":"product_tag","embeddable":true,"href":"https:\/\/agatres.co\/es\/wp-json\/wp\/v2\/product_tag?post=9213"},{"taxonomy":"woo-feed-brand","embeddable":true,"href":"https:\/\/agatres.co\/es\/wp-json\/wp\/v2\/woo-feed-brand?post=9213"}],"curies":[{"name":"wp","href":"https:\/\/api.w.org\/{rel}","templated":true}]}}