{"id":9214,"date":"2026-02-09T15:28:42","date_gmt":"2026-02-09T18:28:42","guid":{"rendered":"https:\/\/agatres.co\/product\/lattafa-niche-emarati-ghinwa-edp-100ml\/"},"modified":"2026-04-29T11:46:38","modified_gmt":"2026-04-29T15:46:38","slug":"lattafa-niche-emarati-ghinwa-edp-100ml","status":"publish","type":"product","link":"https:\/\/agatres.co\/es\/producto\/lattafa-niche-emarati-ghinwa-edp-100ml\/","title":{"rendered":"LATTAFA NICHE EMARATI GHINWA EDP 100ML"},"content":{"rendered":"<p data-start=\"335\" data-end=\"677\">El Perfume Lattafa Niche Emarati Ghinwa destaca por su combinaci\u00f3n de notas ambaradas, dulces y especiadas, ofreciendo una experiencia profunda, lujosa y altamente envolvente. Dise\u00f1ado para quienes buscan una fragancia con car\u00e1cter y distinci\u00f3n, esta creaci\u00f3n transmite elegancia, intensidad y un estilo oriental moderno.<\/p>\n<p data-start=\"679\" data-end=\"1063\">Desde la primera aplicaci\u00f3n, se percibe una apertura c\u00e1lida con matices dulces y especiados que aportan un impacto atractivo y refinado. A medida que evoluciona, el aroma revela un coraz\u00f3n rico con notas arom\u00e1ticas y acordes intensos que aportan profundidad y personalidad. Finalmente, su base de \u00e1mbar, vainilla y maderas crea una estela duradera, seductora y altamente envolvente.<\/p>\n<p data-start=\"1065\" data-end=\"1346\">Gracias a su excelente fijaci\u00f3n y proyecci\u00f3n moderada a alta, este perfume es ideal tanto para ocasiones especiales como para el uso diario en climas frescos. Su versatilidad lo convierte en una excelente opci\u00f3n para quienes buscan una fragancia sofisticada, moderna y memorable.<\/p>\n<p data-start=\"1348\" data-end=\"1458\">Este perfume es ideal para quienes desean destacar con una fragancia elegante, intensa y con gran presencia.<\/p>\n","protected":false},"excerpt":{"rendered":"<p>Perfume Lattafa Niche Emarati Ghinwa es una fragancia para hombre y mujeres con notas ambaradas, dulces y especiadas. Aroma intenso, elegante y sofisticado, ideal para d\u00eda y noche.<\/p>\n","protected":false},"featured_media":24815,"template":"","meta":{"_acf_changed":false,"rs_blank_template":"","rs_page_bg_color":"","slide_template_v7":""},"product_brand":[90],"product_cat":[88,233],"product_tag":[],"woo-feed-brand":[],"class_list":{"0":"post-9214","1":"product","2":"type-product","3":"status-publish","4":"has-post-thumbnail","6":"product_brand-lattafa","7":"product_cat-perfumes","8":"product_cat-unisex","10":"first","11":"outofstock","12":"purchasable","13":"product-type-simple"},"acf":[],"_links":{"self":[{"href":"https:\/\/agatres.co\/es\/wp-json\/wp\/v2\/product\/9214","targetHints":{"allow":["GET"]}}],"collection":[{"href":"https:\/\/agatres.co\/es\/wp-json\/wp\/v2\/product"}],"about":[{"href":"https:\/\/agatres.co\/es\/wp-json\/wp\/v2\/types\/product"}],"version-history":[{"count":1,"href":"https:\/\/agatres.co\/es\/wp-json\/wp\/v2\/product\/9214\/revisions"}],"predecessor-version":[{"id":10663,"href":"https:\/\/agatres.co\/es\/wp-json\/wp\/v2\/product\/9214\/revisions\/10663"}],"wp:featuredmedia":[{"embeddable":true,"href":"https:\/\/agatres.co\/es\/wp-json\/wp\/v2\/media\/24815"}],"wp:attachment":[{"href":"https:\/\/agatres.co\/es\/wp-json\/wp\/v2\/media?parent=9214"}],"wp:term":[{"taxonomy":"product_brand","embeddable":true,"href":"https:\/\/agatres.co\/es\/wp-json\/wp\/v2\/product_brand?post=9214"},{"taxonomy":"product_cat","embeddable":true,"href":"https:\/\/agatres.co\/es\/wp-json\/wp\/v2\/product_cat?post=9214"},{"taxonomy":"product_tag","embeddable":true,"href":"https:\/\/agatres.co\/es\/wp-json\/wp\/v2\/product_tag?post=9214"},{"taxonomy":"woo-feed-brand","embeddable":true,"href":"https:\/\/agatres.co\/es\/wp-json\/wp\/v2\/woo-feed-brand?post=9214"}],"curies":[{"name":"wp","href":"https:\/\/api.w.org\/{rel}","templated":true}]}}