{"id":9218,"date":"2026-02-09T15:33:19","date_gmt":"2026-02-09T18:33:19","guid":{"rendered":"https:\/\/agatres.co\/product\/lattafa-pride-artisan-ethnique-edp-100ml\/"},"modified":"2026-04-29T12:01:01","modified_gmt":"2026-04-29T16:01:01","slug":"lattafa-pride-artisan-ethnique-edp-100ml","status":"publish","type":"product","link":"https:\/\/agatres.co\/es\/producto\/lattafa-pride-artisan-ethnique-edp-100ml\/","title":{"rendered":"Perfume Lattafa Pride Artisan Ethnique &#8211; Unisex EDP 100mL"},"content":{"rendered":"<p data-start=\"343\" data-end=\"681\">El Perfume Lattafa Pride Artisan Ethnique destaca por su combinaci\u00f3n de notas amaderadas, especiadas y ambaradas, ofreciendo una experiencia rica, aut\u00e9ntica y con un car\u00e1cter distintivo. Inspirado en la elegancia artesanal y la tradici\u00f3n oriental, esta fragancia transmite sofisticaci\u00f3n, calidez y un estilo refinado.<\/p>\n<p data-start=\"683\" data-end=\"1052\">Desde la primera aplicaci\u00f3n, se percibe una apertura especiada y envolvente que aporta un impacto atractivo y elegante. A medida que evoluciona, el aroma revela un coraz\u00f3n profundo con notas arom\u00e1ticas y acordes c\u00e1lidos que aportan personalidad y equilibrio. Finalmente, su base de \u00e1mbar, vainilla y maderas crea una estela duradera, seductora y altamente envolvente.<\/p>\n<p data-start=\"1054\" data-end=\"1332\">Gracias a su excelente fijaci\u00f3n y proyecci\u00f3n moderada a alta, este perfume es ideal tanto para ocasiones especiales como para el uso diario en climas frescos. Su versatilidad lo convierte en una excelente opci\u00f3n para quienes buscan una fragancia elegante, moderna y memorable.<\/p>\n<p data-start=\"1334\" data-end=\"1447\">Este perfume es ideal para quienes desean destacar con una fragancia sofisticada, intensa y con gran presencia.<\/p>\n","protected":false},"excerpt":{"rendered":"<p>Perfume Lattafa Pride Artisan Ethnique es una fragancia para hombre y mujeres con notas amaderadas, especiadas y ambaradas. Aroma sofisticado, intenso y elegante, ideal para d\u00eda y noche.<\/p>\n","protected":false},"featured_media":25486,"template":"","meta":{"_acf_changed":false,"rs_blank_template":"","rs_page_bg_color":"","slide_template_v7":""},"product_brand":[90],"product_cat":[88,233],"product_tag":[],"woo-feed-brand":[],"class_list":{"0":"post-9218","1":"product","2":"type-product","3":"status-publish","4":"has-post-thumbnail","6":"product_brand-lattafa","7":"product_cat-perfumes","8":"product_cat-unisex","10":"first","11":"outofstock","12":"purchasable","13":"product-type-simple"},"acf":[],"_links":{"self":[{"href":"https:\/\/agatres.co\/es\/wp-json\/wp\/v2\/product\/9218","targetHints":{"allow":["GET"]}}],"collection":[{"href":"https:\/\/agatres.co\/es\/wp-json\/wp\/v2\/product"}],"about":[{"href":"https:\/\/agatres.co\/es\/wp-json\/wp\/v2\/types\/product"}],"version-history":[{"count":1,"href":"https:\/\/agatres.co\/es\/wp-json\/wp\/v2\/product\/9218\/revisions"}],"predecessor-version":[{"id":13031,"href":"https:\/\/agatres.co\/es\/wp-json\/wp\/v2\/product\/9218\/revisions\/13031"}],"wp:featuredmedia":[{"embeddable":true,"href":"https:\/\/agatres.co\/es\/wp-json\/wp\/v2\/media\/25486"}],"wp:attachment":[{"href":"https:\/\/agatres.co\/es\/wp-json\/wp\/v2\/media?parent=9218"}],"wp:term":[{"taxonomy":"product_brand","embeddable":true,"href":"https:\/\/agatres.co\/es\/wp-json\/wp\/v2\/product_brand?post=9218"},{"taxonomy":"product_cat","embeddable":true,"href":"https:\/\/agatres.co\/es\/wp-json\/wp\/v2\/product_cat?post=9218"},{"taxonomy":"product_tag","embeddable":true,"href":"https:\/\/agatres.co\/es\/wp-json\/wp\/v2\/product_tag?post=9218"},{"taxonomy":"woo-feed-brand","embeddable":true,"href":"https:\/\/agatres.co\/es\/wp-json\/wp\/v2\/woo-feed-brand?post=9218"}],"curies":[{"name":"wp","href":"https:\/\/api.w.org\/{rel}","templated":true}]}}