{"id":9219,"date":"2026-02-09T15:33:19","date_gmt":"2026-02-09T18:33:19","guid":{"rendered":"https:\/\/agatres.co\/product\/lattafa-pride-brioche-vanille-100ml\/"},"modified":"2026-04-29T12:01:01","modified_gmt":"2026-04-29T16:01:01","slug":"lattafa-pride-brioche-vanille-100ml","status":"publish","type":"product","link":"https:\/\/agatres.co\/es\/producto\/lattafa-pride-brioche-vanille-100ml\/","title":{"rendered":"Perfume Lattafa Pride Brioche Vanille &#8211; Unisex EDP 100mL"},"content":{"rendered":"<p data-start=\"324\" data-end=\"675\">El Perfume Lattafa Pride Brioche Vanille destaca por su perfil gourmand irresistible, combinando notas dulces, avainilladas y cremosas que evocan la suavidad de un brioche reci\u00e9n horneado. Dise\u00f1ado para quienes aman los aromas dulces y reconfortantes, esta fragancia transmite calidez, elegancia y un toque delicioso muy adictivo.<\/p>\n<p data-start=\"677\" data-end=\"1081\">Desde la primera aplicaci\u00f3n, se percibe una apertura dulce y suave con matices que recuerdan a masas dulces y notas azucaradas, aportando una sensaci\u00f3n acogedora y atractiva. A medida que evoluciona, el aroma revela un coraz\u00f3n cremoso con acordes gourmand que aportan profundidad y textura. Finalmente, su base de vainilla, almizcle y notas c\u00e1lidas crea una estela duradera, envolvente y muy seductora.<\/p>\n<p data-start=\"1083\" data-end=\"1352\">Gracias a su excelente fijaci\u00f3n y proyecci\u00f3n moderada a alta, este perfume es ideal para climas frescos, uso nocturno o para quienes disfrutan destacar con fragancias dulces. Su car\u00e1cter unisex lo convierte en una opci\u00f3n perfecta tanto para hombres como para mujeres.<\/p>\n<p data-start=\"1354\" data-end=\"1451\">Este perfume es ideal para quienes desean destacar con una fragancia c\u00e1lida, dulce y memorable.<\/p>\n","protected":false},"excerpt":{"rendered":"<p>Perfume Lattafa Pride Brioche Vanille es una fragancia gourmand con notas dulces, avainilladas y cremosas. Aroma c\u00e1lido, delicioso y envolvente, ideal para d\u00eda y noche.<\/p>\n","protected":false},"featured_media":25485,"template":"","meta":{"_acf_changed":false,"rs_blank_template":"","rs_page_bg_color":"","slide_template_v7":""},"product_brand":[90],"product_cat":[88,233],"product_tag":[],"woo-feed-brand":[],"class_list":{"0":"post-9219","1":"product","2":"type-product","3":"status-publish","4":"has-post-thumbnail","6":"product_brand-lattafa","7":"product_cat-perfumes","8":"product_cat-unisex","10":"first","11":"outofstock","12":"purchasable","13":"product-type-simple"},"acf":[],"_links":{"self":[{"href":"https:\/\/agatres.co\/es\/wp-json\/wp\/v2\/product\/9219","targetHints":{"allow":["GET"]}}],"collection":[{"href":"https:\/\/agatres.co\/es\/wp-json\/wp\/v2\/product"}],"about":[{"href":"https:\/\/agatres.co\/es\/wp-json\/wp\/v2\/types\/product"}],"version-history":[{"count":1,"href":"https:\/\/agatres.co\/es\/wp-json\/wp\/v2\/product\/9219\/revisions"}],"predecessor-version":[{"id":10668,"href":"https:\/\/agatres.co\/es\/wp-json\/wp\/v2\/product\/9219\/revisions\/10668"}],"wp:featuredmedia":[{"embeddable":true,"href":"https:\/\/agatres.co\/es\/wp-json\/wp\/v2\/media\/25485"}],"wp:attachment":[{"href":"https:\/\/agatres.co\/es\/wp-json\/wp\/v2\/media?parent=9219"}],"wp:term":[{"taxonomy":"product_brand","embeddable":true,"href":"https:\/\/agatres.co\/es\/wp-json\/wp\/v2\/product_brand?post=9219"},{"taxonomy":"product_cat","embeddable":true,"href":"https:\/\/agatres.co\/es\/wp-json\/wp\/v2\/product_cat?post=9219"},{"taxonomy":"product_tag","embeddable":true,"href":"https:\/\/agatres.co\/es\/wp-json\/wp\/v2\/product_tag?post=9219"},{"taxonomy":"woo-feed-brand","embeddable":true,"href":"https:\/\/agatres.co\/es\/wp-json\/wp\/v2\/woo-feed-brand?post=9219"}],"curies":[{"name":"wp","href":"https:\/\/api.w.org\/{rel}","templated":true}]}}