{"id":9221,"date":"2026-03-08T14:57:17","date_gmt":"2026-03-08T17:57:17","guid":{"rendered":"https:\/\/agatres.co\/product\/lattafa-pride-raw-human-edp-100ml\/"},"modified":"2026-04-29T13:30:44","modified_gmt":"2026-04-29T17:30:44","slug":"lattafa-pride-raw-human-edp-100ml","status":"publish","type":"product","link":"https:\/\/agatres.co\/es\/producto\/lattafa-pride-raw-human-edp-100ml\/","title":{"rendered":"Perfume Lattafa Pride Raw Human &#8211; Unisex EDP 100mL"},"content":{"rendered":"<p data-start=\"306\" data-end=\"657\">El Perfume Lattafa Pride Raw Human destaca por su car\u00e1cter audaz y contempor\u00e1neo, combinando notas amaderadas, especiadas y ambaradas que ofrecen una experiencia intensa y con gran personalidad. Dise\u00f1ado para quienes buscan una fragancia diferente y con identidad, esta creaci\u00f3n transmite fuerza, autenticidad y un estilo moderno.<\/p>\n<p data-start=\"659\" data-end=\"1015\">Desde la primera aplicaci\u00f3n, se percibe una apertura vibrante con matices especiados que aportan una sensaci\u00f3n din\u00e1mica y atractiva. A medida que evoluciona, el aroma revela un coraz\u00f3n arom\u00e1tico con acordes profundos que aportan car\u00e1cter y equilibrio. Finalmente, su base de \u00e1mbar, almizcle y maderas crea una estela duradera, envolvente y muy seductora.<\/p>\n<p data-start=\"1017\" data-end=\"1294\">Gracias a su excelente fijaci\u00f3n y proyecci\u00f3n moderada a alta, este perfume es ideal tanto para ocasiones especiales como para el uso diario en climas frescos. Su versatilidad lo convierte en una excelente opci\u00f3n para quienes buscan una fragancia moderna, intensa y memorable.<\/p>\n<p data-start=\"1296\" data-end=\"1411\">Este perfume es ideal para quienes desean destacar con una fragancia sofisticada, aut\u00e9ntica y con gran presencia.<\/p>\n","protected":false},"excerpt":{"rendered":"<p>Perfume Lattafa Pride Raw Human es una fragancia con notas amaderadas, especiadas y ambaradas. Aroma moderno, intenso y sofisticado, ideal para d\u00eda y noche.<\/p>\n","protected":false},"featured_media":19859,"template":"","meta":{"_acf_changed":false,"rs_blank_template":"","rs_page_bg_color":"","slide_template_v7":""},"product_brand":[90],"product_cat":[88,233],"product_tag":[],"woo-feed-brand":[],"class_list":{"0":"post-9221","1":"product","2":"type-product","3":"status-publish","4":"has-post-thumbnail","6":"product_brand-lattafa","7":"product_cat-perfumes","8":"product_cat-unisex","10":"first","11":"outofstock","12":"purchasable","13":"product-type-simple"},"acf":[],"_links":{"self":[{"href":"https:\/\/agatres.co\/es\/wp-json\/wp\/v2\/product\/9221","targetHints":{"allow":["GET"]}}],"collection":[{"href":"https:\/\/agatres.co\/es\/wp-json\/wp\/v2\/product"}],"about":[{"href":"https:\/\/agatres.co\/es\/wp-json\/wp\/v2\/types\/product"}],"version-history":[{"count":2,"href":"https:\/\/agatres.co\/es\/wp-json\/wp\/v2\/product\/9221\/revisions"}],"predecessor-version":[{"id":19858,"href":"https:\/\/agatres.co\/es\/wp-json\/wp\/v2\/product\/9221\/revisions\/19858"}],"wp:featuredmedia":[{"embeddable":true,"href":"https:\/\/agatres.co\/es\/wp-json\/wp\/v2\/media\/19859"}],"wp:attachment":[{"href":"https:\/\/agatres.co\/es\/wp-json\/wp\/v2\/media?parent=9221"}],"wp:term":[{"taxonomy":"product_brand","embeddable":true,"href":"https:\/\/agatres.co\/es\/wp-json\/wp\/v2\/product_brand?post=9221"},{"taxonomy":"product_cat","embeddable":true,"href":"https:\/\/agatres.co\/es\/wp-json\/wp\/v2\/product_cat?post=9221"},{"taxonomy":"product_tag","embeddable":true,"href":"https:\/\/agatres.co\/es\/wp-json\/wp\/v2\/product_tag?post=9221"},{"taxonomy":"woo-feed-brand","embeddable":true,"href":"https:\/\/agatres.co\/es\/wp-json\/wp\/v2\/woo-feed-brand?post=9221"}],"curies":[{"name":"wp","href":"https:\/\/api.w.org\/{rel}","templated":true}]}}