{"id":9248,"date":"2026-03-08T14:56:03","date_gmt":"2026-03-08T17:56:03","guid":{"rendered":"https:\/\/agatres.co\/product\/lattafa-asdaaf-ya-habibti-edp-100ml\/"},"modified":"2026-04-27T14:16:46","modified_gmt":"2026-04-27T18:16:46","slug":"lattafa-asdaaf-ya-habibti-edp-100ml","status":"publish","type":"product","link":"https:\/\/agatres.co\/es\/producto\/lattafa-asdaaf-ya-habibti-edp-100ml\/","title":{"rendered":"Perfume Lattafa Asdaaf Ya Habibti &#8211; Femenino EDP 100mL"},"content":{"rendered":"<p data-start=\"317\" data-end=\"647\">El Perfume Lattafa Asdaaf Ya Habibti destaca por su combinaci\u00f3n de notas dulces, florales y ambaradas, ofreciendo una experiencia femenina, rom\u00e1ntica y altamente sofisticada. Dise\u00f1ado para quienes buscan una fragancia delicada pero con car\u00e1cter, esta creaci\u00f3n transmite amor, elegancia y un estilo encantador.<\/p>\n<p data-start=\"649\" data-end=\"1005\">Desde la primera aplicaci\u00f3n, se percibe una apertura suave y ligeramente dulce que aporta una sensaci\u00f3n c\u00e1lida y atractiva. A medida que evoluciona, el aroma revela un coraz\u00f3n floral armonioso con matices delicados que aportan feminidad y equilibrio. Finalmente, su base de vainilla, almizcle y \u00e1mbar crea una estela duradera, envolvente y muy seductora.<\/p>\n<p data-start=\"1007\" data-end=\"1272\">Gracias a su buena fijaci\u00f3n y proyecci\u00f3n moderada, este perfume es ideal tanto para el uso diario como para ocasiones especiales. Su versatilidad lo convierte en una excelente opci\u00f3n para quienes buscan una fragancia femenina rom\u00e1ntica, moderna y f\u00e1cil de llevar.<\/p>\n<p data-start=\"1274\" data-end=\"1376\">Este perfume es ideal para quienes desean destacar con una fragancia sofisticada, dulce y memorable.<\/p>\n","protected":false},"excerpt":{"rendered":"<p>Perfume Lattafa Asdaaf Ya Habibti es una fragancia femenina con notas dulces, florales y ambaradas. Aroma rom\u00e1ntico, elegante y envolvente, ideal para d\u00eda y noche.<\/p>\n","protected":false},"featured_media":19706,"template":"","meta":{"_acf_changed":false,"rs_blank_template":"","rs_page_bg_color":"","slide_template_v7":""},"product_brand":[90],"product_cat":[232,88],"product_tag":[],"woo-feed-brand":[],"class_list":{"0":"post-9248","1":"product","2":"type-product","3":"status-publish","4":"has-post-thumbnail","6":"product_brand-lattafa","7":"product_cat-femenino","8":"product_cat-perfumes","10":"first","11":"outofstock","12":"purchasable","13":"product-type-simple"},"acf":[],"_links":{"self":[{"href":"https:\/\/agatres.co\/es\/wp-json\/wp\/v2\/product\/9248","targetHints":{"allow":["GET"]}}],"collection":[{"href":"https:\/\/agatres.co\/es\/wp-json\/wp\/v2\/product"}],"about":[{"href":"https:\/\/agatres.co\/es\/wp-json\/wp\/v2\/types\/product"}],"version-history":[{"count":2,"href":"https:\/\/agatres.co\/es\/wp-json\/wp\/v2\/product\/9248\/revisions"}],"predecessor-version":[{"id":19705,"href":"https:\/\/agatres.co\/es\/wp-json\/wp\/v2\/product\/9248\/revisions\/19705"}],"wp:featuredmedia":[{"embeddable":true,"href":"https:\/\/agatres.co\/es\/wp-json\/wp\/v2\/media\/19706"}],"wp:attachment":[{"href":"https:\/\/agatres.co\/es\/wp-json\/wp\/v2\/media?parent=9248"}],"wp:term":[{"taxonomy":"product_brand","embeddable":true,"href":"https:\/\/agatres.co\/es\/wp-json\/wp\/v2\/product_brand?post=9248"},{"taxonomy":"product_cat","embeddable":true,"href":"https:\/\/agatres.co\/es\/wp-json\/wp\/v2\/product_cat?post=9248"},{"taxonomy":"product_tag","embeddable":true,"href":"https:\/\/agatres.co\/es\/wp-json\/wp\/v2\/product_tag?post=9248"},{"taxonomy":"woo-feed-brand","embeddable":true,"href":"https:\/\/agatres.co\/es\/wp-json\/wp\/v2\/woo-feed-brand?post=9248"}],"curies":[{"name":"wp","href":"https:\/\/api.w.org\/{rel}","templated":true}]}}