{"id":9407,"date":"2026-02-09T15:32:55","date_gmt":"2026-02-09T18:32:55","guid":{"rendered":"https:\/\/agatres.co\/product\/lattafa-asdaaf-raneen-edp-80ml\/"},"modified":"2026-04-27T14:16:46","modified_gmt":"2026-04-27T18:16:46","slug":"lattafa-asdaaf-raneen-edp-80ml","status":"publish","type":"product","link":"https:\/\/agatres.co\/es\/producto\/lattafa-asdaaf-raneen-edp-80ml\/","title":{"rendered":"Perfume Lattafa Asdaaf Raneen &#8211; Femenino EDP 80mL"},"content":{"rendered":"<p data-start=\"304\" data-end=\"614\">El Perfume Lattafa Asdaaf Raneen destaca por su combinaci\u00f3n de notas florales, dulces y afrutadas, ofreciendo una experiencia femenina, delicada y sofisticada. Dise\u00f1ado para quienes buscan una fragancia encantadora y moderna, esta creaci\u00f3n transmite frescura, dulzura y un estilo elegante.<\/p>\n<p data-start=\"616\" data-end=\"964\">Desde la primera aplicaci\u00f3n, se percibe una apertura ligera y afrutada que aporta una sensaci\u00f3n fresca y atractiva. A medida que evoluciona, el aroma revela un coraz\u00f3n floral armonioso con matices dulces que aportan feminidad y equilibrio. Finalmente, su base de vainilla, almizcle y notas suaves crea una estela duradera, c\u00e1lida y muy agradable.<\/p>\n<p data-start=\"966\" data-end=\"1221\">Gracias a su buena fijaci\u00f3n y proyecci\u00f3n moderada, este perfume es ideal tanto para el uso diario como para ocasiones especiales. Su versatilidad lo convierte en una excelente opci\u00f3n para quienes buscan una fragancia femenina, moderna y f\u00e1cil de llevar.<\/p>\n<p data-start=\"1223\" data-end=\"1328\">Este perfume es ideal para quienes desean destacar con una fragancia delicada, sofisticada y memorable.<\/p>\n","protected":false},"excerpt":{"rendered":"<p>Perfume Lattafa Asdaaf Raneen es una fragancia femenina con notas florales, dulces y afrutadas. Aroma elegante, suave y envolvente, ideal para d\u00eda y noche.<\/p>\n","protected":false},"featured_media":25446,"template":"","meta":{"_acf_changed":false,"rs_blank_template":"","rs_page_bg_color":"","slide_template_v7":""},"product_brand":[90],"product_cat":[232,88],"product_tag":[],"woo-feed-brand":[],"class_list":{"0":"post-9407","1":"product","2":"type-product","3":"status-publish","4":"has-post-thumbnail","6":"product_brand-lattafa","7":"product_cat-femenino","8":"product_cat-perfumes","10":"first","11":"outofstock","12":"purchasable","13":"product-type-simple"},"acf":[],"_links":{"self":[{"href":"https:\/\/agatres.co\/es\/wp-json\/wp\/v2\/product\/9407","targetHints":{"allow":["GET"]}}],"collection":[{"href":"https:\/\/agatres.co\/es\/wp-json\/wp\/v2\/product"}],"about":[{"href":"https:\/\/agatres.co\/es\/wp-json\/wp\/v2\/types\/product"}],"version-history":[{"count":1,"href":"https:\/\/agatres.co\/es\/wp-json\/wp\/v2\/product\/9407\/revisions"}],"predecessor-version":[{"id":11880,"href":"https:\/\/agatres.co\/es\/wp-json\/wp\/v2\/product\/9407\/revisions\/11880"}],"wp:featuredmedia":[{"embeddable":true,"href":"https:\/\/agatres.co\/es\/wp-json\/wp\/v2\/media\/25446"}],"wp:attachment":[{"href":"https:\/\/agatres.co\/es\/wp-json\/wp\/v2\/media?parent=9407"}],"wp:term":[{"taxonomy":"product_brand","embeddable":true,"href":"https:\/\/agatres.co\/es\/wp-json\/wp\/v2\/product_brand?post=9407"},{"taxonomy":"product_cat","embeddable":true,"href":"https:\/\/agatres.co\/es\/wp-json\/wp\/v2\/product_cat?post=9407"},{"taxonomy":"product_tag","embeddable":true,"href":"https:\/\/agatres.co\/es\/wp-json\/wp\/v2\/product_tag?post=9407"},{"taxonomy":"woo-feed-brand","embeddable":true,"href":"https:\/\/agatres.co\/es\/wp-json\/wp\/v2\/woo-feed-brand?post=9407"}],"curies":[{"name":"wp","href":"https:\/\/api.w.org\/{rel}","templated":true}]}}