{"id":23057,"date":"2026-03-25T11:34:23","date_gmt":"2026-03-25T14:34:23","guid":{"rendered":"https:\/\/agatres.co\/politica-de-cookie\/"},"modified":"2026-03-30T13:31:55","modified_gmt":"2026-03-30T17:31:55","slug":"politica-de-cookie","status":"publish","type":"page","link":"https:\/\/agatres.co\/pt\/politica-de-cookie\/","title":{"rendered":"Politica de Cookie"},"content":{"rendered":"<h2 class=\"wp-block-wd-title title wd-3346302d\"><br>Pol\u00edtica de Cookie<\/h2>\n\n\n\n<p class=\"wp-block-wd-paragraph wd-684e759b wd-custom-width\"><em>Esta pol\u00edtica de cookies se ha actualizado por \u00faltima vez el marzo 25, 2026 y se aplica a los ciudadanos y residentes legales permanentes de Brasil.<\/em><\/p>\n\n\n\n<p class=\"wp-block-wd-paragraph wd-e1e3a18a\"><strong>1. Introducci\u00f3n<\/strong><\/p>\n\n\n\n<p class=\"wp-block-wd-paragraph wd-cbaec5a4 wd-custom-width\">Nuestra web,\u00a0<a href=\"https:\/\/agatres.co\/pt\/\">https:\/\/agatres.co<\/a>\u00a0(en adelante: \u00abla web\u00bb) utiliza cookies y otras tecnolog\u00edas relacionadas (para mayor comodidad, todas las tecnolog\u00edas se denominan \u00abcookies\u00bb). Las cookies tambi\u00e9n son colocadas por terceros a los que hemos contratado. En el siguiente documento te informamos sobre el uso de cookies en nuestra web.<\/p>\n\n\n\n<h2 class=\"wp-block-wd-title title wd-3a2926ba\">2. \u00bfQu\u00e9 son las cookies?<\/h2>\n\n\n\n<p class=\"wp-block-wd-paragraph wd-9dab58a5 wd-custom-width\">Las cookies son peque\u00f1os archivos que se almacenan en tu dispositivo al navegar por nuestro sitio. Nos ayudan a recordar tus preferencias y a entender c\u00f3mo interact\u00faas con la web.<\/p>\n\n\n\n<h2 class=\"wp-block-wd-title title wd-46e17c4e\">3. \u00bfQu\u00e9 tipos de cookies usamos?<\/h2>\n\n\n\n<h3 class=\"wp-block-wd-title title wd-0d0f308c\">Cookies esenciales<\/h3>\n\n\n\n<p class=\"wp-block-wd-paragraph wd-554ed0b3 wd-custom-width\">Son necesarias para el funcionamiento del sitio, como el acceso, el carrito de compra o la seguridad. No se pueden desactivar.<\/p>\n\n\n\n<h3 class=\"wp-block-wd-title title wd-18e434a9\">Cookies de estad\u00edsticas<\/h3>\n\n\n\n<p class=\"wp-block-wd-paragraph wd-5c00dd80 wd-custom-width\">Nos permiten analizar c\u00f3mo los usuarios navegan por el sitio para mejorar nuestros servicios y la experiencia de compra. La informaci\u00f3n es an\u00f3nima.<\/p>\n\n\n\n<h3 class=\"wp-block-wd-title title wd-dbfab38c\">Cookies de marketing<\/h3>\n\n\n\n<p class=\"wp-block-wd-paragraph wd-965abf1a wd-custom-width\">Se utilizan para mostrarte productos, ofertas y anuncios relevantes, relacionados con perfumes y cosm\u00e9ticos que puedan interesarte.<\/p>\n\n\n\n<h2 class=\"wp-block-wd-title title wd-43c18a0c\">4. Gesti\u00f3n de cookies<\/h2>\n\n\n\n<p class=\"wp-block-wd-paragraph wd-3864d694\">Puedes aceptar, rechazar o configurar las cookies en cualquier momento desde nuestro banner de cookies.<\/p>\n\n\n\n<p class=\"wp-block-wd-paragraph wd-713000a0\">Tambi\u00e9n puedes eliminar o bloquear cookies desde la configuraci\u00f3n de tu navegador.<\/p>\n\n\n\n<h2 class=\"wp-block-wd-title title wd-c2f51234\">5. Consentimiento<\/h2>\n\n\n\n<p class=\"wp-block-wd-paragraph wd-dd0063b2 wd-custom-width\">Al aceptar las cookies, autorizas su uso seg\u00fan esta pol\u00edtica. Puedes cambiar o retirar tu consentimiento en cualquier momento.<\/p>\n\n\n\n<h2 class=\"wp-block-wd-title title wd-95bd41fc\">6. Actualizaciones<\/h2>\n\n\n\n<p class=\"wp-block-wd-paragraph wd-074ccb35\">Podemos actualizar esta pol\u00edtica para reflejar cambios en el uso de cookies o en la normativa aplicable.<\/p>\n\n\n\n<div class=\"wp-block-wd-divider wd-style-line wd-97aa0665\"><\/div>\n\n\n\n<p class=\"wp-block-wd-paragraph wd-3ed160fb\">Si tienes dudas, puedes contactarnos a trav\u00e9s de<br>\u2709\ufe0fcontato@agatres.co<br>\ud83c\udf0dAgatres.co.<\/p>\n\n\n\n<p><\/p>","protected":false},"excerpt":{"rendered":"","protected":false},"author":7,"featured_media":0,"parent":0,"menu_order":0,"comment_status":"closed","ping_status":"closed","template":"","meta":{"_acf_changed":false,"rs_blank_template":"","rs_page_bg_color":"","slide_template_v7":"","footnotes":""},"class_list":["post-23057","page","type-page","status-publish","hentry"],"acf":[],"_links":{"self":[{"href":"https:\/\/agatres.co\/pt\/wp-json\/wp\/v2\/pages\/23057","targetHints":{"allow":["GET"]}}],"collection":[{"href":"https:\/\/agatres.co\/pt\/wp-json\/wp\/v2\/pages"}],"about":[{"href":"https:\/\/agatres.co\/pt\/wp-json\/wp\/v2\/types\/page"}],"author":[{"embeddable":true,"href":"https:\/\/agatres.co\/pt\/wp-json\/wp\/v2\/users\/7"}],"replies":[{"embeddable":true,"href":"https:\/\/agatres.co\/pt\/wp-json\/wp\/v2\/comments?post=23057"}],"version-history":[{"count":5,"href":"https:\/\/agatres.co\/pt\/wp-json\/wp\/v2\/pages\/23057\/revisions"}],"predecessor-version":[{"id":23538,"href":"https:\/\/agatres.co\/pt\/wp-json\/wp\/v2\/pages\/23057\/revisions\/23538"}],"wp:attachment":[{"href":"https:\/\/agatres.co\/pt\/wp-json\/wp\/v2\/media?parent=23057"}],"curies":[{"name":"wp","href":"https:\/\/api.w.org\/{rel}","templated":true}]}}