{"id":10019,"date":"2026-03-08T14:57:17","date_gmt":"2026-03-08T17:57:17","guid":{"rendered":"https:\/\/agatres.co\/product\/ard-al-zaafaran-bareq-100ml\/"},"modified":"2026-04-24T07:46:18","modified_gmt":"2026-04-24T11:46:18","slug":"ard-al-zaafaran-bareq-100ml","status":"publish","type":"product","link":"https:\/\/agatres.co\/pt\/producto\/ard-al-zaafaran-bareq-100ml\/","title":{"rendered":"Perfume Ard Al Zaafaran Bareq &#8211; Unisex EDP 100mL"},"content":{"rendered":"<p data-start=\"299\" data-end=\"571\">El Perfume Ard Al Zaafaran Bareq destaca por su combinaci\u00f3n de notas dulces, ambaradas y ligeramente especiadas. Dise\u00f1ado para quienes buscan una fragancia sofisticada y con car\u00e1cter, esta creaci\u00f3n ofrece una experiencia c\u00e1lida, elegante y envolvente.<\/p>\n<p data-start=\"573\" data-end=\"936\">Desde la primera aplicaci\u00f3n, se percibe una apertura dulce con matices suaves que aportan una sensaci\u00f3n acogedora y atractiva. A medida que evoluciona, el aroma revela un coraz\u00f3n c\u00e1lido con notas arom\u00e1ticas y especiadas que aportan profundidad y equilibrio. Finalmente, su base de \u00e1mbar, vainilla y almizcle crea una estela duradera, seductora y muy envolvente.<\/p>\n<p data-start=\"938\" data-end=\"1233\">Gracias a su buena fijaci\u00f3n y proyecci\u00f3n moderada a alta, este perfume es ideal tanto para el uso diario como para ocasiones especiales, especialmente en climas frescos. Su versatilidad lo convierte en una excelente opci\u00f3n para quienes buscan una fragancia elegante, intensa y f\u00e1cil de llevar.<\/p>\n<p data-start=\"342\" data-end=\"662\">\n<p data-start=\"1235\" data-end=\"1339\">Este perfume es ideal para quienes desean destacar con una fragancia sofisticada, moderna y memorable.<\/p>","protected":false},"excerpt":{"rendered":"<p>Perfume Ard Al Zaafaran Bareq es una fragancia para hombre y mujeres con notas dulces y ambaradas. Aroma elegante y envolvente, ideal para d\u00eda y noche.<\/p>","protected":false},"featured_media":19865,"template":"","meta":{"_acf_changed":false,"rs_blank_template":"","rs_page_bg_color":"","slide_template_v7":""},"product_brand":[128],"product_cat":[88,233],"product_tag":[],"woo-feed-brand":[],"class_list":{"0":"post-10019","1":"product","2":"type-product","3":"status-publish","4":"has-post-thumbnail","6":"product_brand-ard-al-zaafaran","7":"product_cat-perfumes","8":"product_cat-unisex","10":"first","11":"instock","12":"purchasable","13":"product-type-simple"},"acf":[],"_links":{"self":[{"href":"https:\/\/agatres.co\/pt\/wp-json\/wp\/v2\/product\/10019","targetHints":{"allow":["GET"]}}],"collection":[{"href":"https:\/\/agatres.co\/pt\/wp-json\/wp\/v2\/product"}],"about":[{"href":"https:\/\/agatres.co\/pt\/wp-json\/wp\/v2\/types\/product"}],"version-history":[{"count":8,"href":"https:\/\/agatres.co\/pt\/wp-json\/wp\/v2\/product\/10019\/revisions"}],"predecessor-version":[{"id":24521,"href":"https:\/\/agatres.co\/pt\/wp-json\/wp\/v2\/product\/10019\/revisions\/24521"}],"wp:featuredmedia":[{"embeddable":true,"href":"https:\/\/agatres.co\/pt\/wp-json\/wp\/v2\/media\/19865"}],"wp:attachment":[{"href":"https:\/\/agatres.co\/pt\/wp-json\/wp\/v2\/media?parent=10019"}],"wp:term":[{"taxonomy":"product_brand","embeddable":true,"href":"https:\/\/agatres.co\/pt\/wp-json\/wp\/v2\/product_brand?post=10019"},{"taxonomy":"product_cat","embeddable":true,"href":"https:\/\/agatres.co\/pt\/wp-json\/wp\/v2\/product_cat?post=10019"},{"taxonomy":"product_tag","embeddable":true,"href":"https:\/\/agatres.co\/pt\/wp-json\/wp\/v2\/product_tag?post=10019"},{"taxonomy":"woo-feed-brand","embeddable":true,"href":"https:\/\/agatres.co\/pt\/wp-json\/wp\/v2\/woo-feed-brand?post=10019"}],"curies":[{"name":"wp","href":"https:\/\/api.w.org\/{rel}","templated":true}]}}