{"id":14740,"date":"2026-02-09T15:32:00","date_gmt":"2026-02-09T18:32:00","guid":{"rendered":"https:\/\/agatres.co\/product\/ard-al-zaafaran-bareq-mirage-100ml\/"},"modified":"2026-04-24T07:46:38","modified_gmt":"2026-04-24T11:46:38","slug":"ard-al-zaafaran-bareq-mirage-100ml","status":"publish","type":"product","link":"https:\/\/agatres.co\/pt\/producto\/ard-al-zaafaran-bareq-mirage-100ml\/","title":{"rendered":"Perfume Ard Al Zaafaran Bareq Mirage &#8211; Unisex EDP 100mL"},"content":{"rendered":"<p data-start=\"312\" data-end=\"609\">El Perfume Ard Al Zaafaran Bareq Mirage destaca por su combinaci\u00f3n de notas dulces, ambaradas y ligeramente afrutadas. Dise\u00f1ado para quienes buscan una fragancia sofisticada y con un toque contempor\u00e1neo, esta creaci\u00f3n ofrece una experiencia envolvente, elegante y cautivadora.<\/p>\n<p data-start=\"611\" data-end=\"994\">Desde la primera aplicaci\u00f3n, se percibe una apertura dulce y vibrante con matices afrutados que aportan frescura y un toque atractivo. A medida que evoluciona, el aroma revela un coraz\u00f3n c\u00e1lido con notas arom\u00e1ticas y ligeramente especiadas que aportan profundidad y equilibrio. Finalmente, su base de \u00e1mbar, vainilla y almizcle crea una estela duradera, seductora y muy envolvente.<\/p>\n<p data-start=\"996\" data-end=\"1258\">Gracias a su buena fijaci\u00f3n y proyecci\u00f3n moderada a alta, este perfume es ideal tanto para el uso diario como para ocasiones especiales. Su versatilidad lo convierte en una excelente opci\u00f3n para quienes buscan una fragancia moderna, elegante y f\u00e1cil de llevar.<\/p>\n<p data-start=\"1260\" data-end=\"1364\">Este perfume es ideal para quienes desean destacar con una fragancia sofisticada, moderna y memorable.<\/p>","protected":false},"excerpt":{"rendered":"<p>Perfume Ard Al Zaafaran Bareq Mirage es una fragancia para hombre y mujeres con notas dulces y ambaradas. Aroma moderno y envolvente, ideal para d\u00eda y noche.<\/p>","protected":false},"featured_media":25245,"template":"","meta":{"_acf_changed":false,"rs_blank_template":"","rs_page_bg_color":"","slide_template_v7":""},"product_brand":[128],"product_cat":[88,233],"product_tag":[],"woo-feed-brand":[],"class_list":{"0":"post-14740","1":"product","2":"type-product","3":"status-publish","4":"has-post-thumbnail","6":"product_brand-ard-al-zaafaran","7":"product_cat-perfumes","8":"product_cat-unisex","10":"first","11":"outofstock","12":"purchasable","13":"product-type-simple"},"acf":[],"_links":{"self":[{"href":"https:\/\/agatres.co\/pt\/wp-json\/wp\/v2\/product\/14740","targetHints":{"allow":["GET"]}}],"collection":[{"href":"https:\/\/agatres.co\/pt\/wp-json\/wp\/v2\/product"}],"about":[{"href":"https:\/\/agatres.co\/pt\/wp-json\/wp\/v2\/types\/product"}],"version-history":[{"count":1,"href":"https:\/\/agatres.co\/pt\/wp-json\/wp\/v2\/product\/14740\/revisions"}],"predecessor-version":[{"id":14741,"href":"https:\/\/agatres.co\/pt\/wp-json\/wp\/v2\/product\/14740\/revisions\/14741"}],"wp:featuredmedia":[{"embeddable":true,"href":"https:\/\/agatres.co\/pt\/wp-json\/wp\/v2\/media\/25245"}],"wp:attachment":[{"href":"https:\/\/agatres.co\/pt\/wp-json\/wp\/v2\/media?parent=14740"}],"wp:term":[{"taxonomy":"product_brand","embeddable":true,"href":"https:\/\/agatres.co\/pt\/wp-json\/wp\/v2\/product_brand?post=14740"},{"taxonomy":"product_cat","embeddable":true,"href":"https:\/\/agatres.co\/pt\/wp-json\/wp\/v2\/product_cat?post=14740"},{"taxonomy":"product_tag","embeddable":true,"href":"https:\/\/agatres.co\/pt\/wp-json\/wp\/v2\/product_tag?post=14740"},{"taxonomy":"woo-feed-brand","embeddable":true,"href":"https:\/\/agatres.co\/pt\/wp-json\/wp\/v2\/woo-feed-brand?post=14740"}],"curies":[{"name":"wp","href":"https:\/\/api.w.org\/{rel}","templated":true}]}}