{"id":14762,"date":"2026-02-09T15:32:24","date_gmt":"2026-02-09T18:32:24","guid":{"rendered":"https:\/\/agatres.co\/product\/bidaya-habibi-king-100ml\/"},"modified":"2026-03-30T22:26:58","modified_gmt":"2026-03-31T02:26:58","slug":"bidaya-habibi-king-100ml","status":"publish","type":"product","link":"https:\/\/agatres.co\/pt\/producto\/bidaya-habibi-king-100ml\/","title":{"rendered":"BIDAYA HABIBI KING 100ML"},"content":{"rendered":"<p data-start=\"1917\" data-end=\"2176\">Bidaya Habibi King Eau de Parfum es una fragancia masculina intensa y adictiva que combina dulzura gourmand con un fondo c\u00e1lido y ambarado. Su car\u00e1cter elegante y envolvente la convierte en una opci\u00f3n ideal para quienes buscan un aroma sofisticado y seductor.<\/p>\n<p data-start=\"2178\" data-end=\"2593\">La apertura presenta una mezcla c\u00e1lida de canela, cardamomo, bergamota y flor de azahar, creando un inicio especiado y ligeramente c\u00edtrico. En el coraz\u00f3n, la vainilla bourbon y el elem\u00ed aportan una textura cremosa y resinosa que intensifica la riqueza del perfume. Finalmente, la base de pralin\u00e9, almizcle, \u00e1mbar, madera de gaiac, haba tonka y almendras caramelizadas ofrece un fondo dulce, profundo y muy duradero.<\/p>\n<p data-start=\"2595\" data-end=\"2715\">Habibi King es perfecto para climas frescos y ocasiones nocturnas, destacando por su perfil gourmand moderno y elegante.<\/p>\n<p><b>CARACTER\u00cdSTICAS<\/b><\/p>\n<ul>\n<li>\nFragancia masculina con perfil dulce, especiado y ambarado.<\/li>\n<li>Aroma intenso, c\u00e1lido y seductor.<\/li>\n<li>Inspirado en Parfums de Marly Altha\u00efr.<\/li>\n<li>Ideal para noche o clima fr\u00edo.<\/li>\n<li>Excelente fijaci\u00f3n y estela.<\/li>\n<\/ul>\n<p data-start=\"2939\" data-end=\"3164\"><b>NOTAS OLFATIVAS<\/b><\/p>\n<ul>\n<li><b>Notas de salida:<\/b> Canela, cardamomo, bergamota, flor de azahar.<\/li>\n<li><b>Notas de coraz\u00f3n: <\/b>Vainilla bourbon, elem\u00ed.<\/li>\n<li><b>Notas de fondo: <\/b>Pralin\u00e9, almizcle, \u00e1mbar, madera de gaiac, haba tonka, almendras caramelizadas.<\/li>\n<\/ul>","protected":false},"excerpt":{"rendered":"<p>Bidaya Habibi King Eau de Parfum es una fragancia masculina intensa y adictiva que combina dulzura gourmand con un fondo<\/p>","protected":false},"featured_media":21901,"template":"","meta":{"_acf_changed":false,"rs_blank_template":"","rs_page_bg_color":"","slide_template_v7":""},"product_brand":[220],"product_cat":[231,88],"product_tag":[],"woo-feed-brand":[],"class_list":{"0":"post-14762","1":"product","2":"type-product","3":"status-publish","4":"has-post-thumbnail","6":"product_brand-bidaya","7":"product_cat-masculino","8":"product_cat-perfumes","10":"first","11":"outofstock","12":"purchasable","13":"product-type-simple"},"acf":[],"_links":{"self":[{"href":"https:\/\/agatres.co\/pt\/wp-json\/wp\/v2\/product\/14762","targetHints":{"allow":["GET"]}}],"collection":[{"href":"https:\/\/agatres.co\/pt\/wp-json\/wp\/v2\/product"}],"about":[{"href":"https:\/\/agatres.co\/pt\/wp-json\/wp\/v2\/types\/product"}],"version-history":[{"count":7,"href":"https:\/\/agatres.co\/pt\/wp-json\/wp\/v2\/product\/14762\/revisions"}],"predecessor-version":[{"id":24536,"href":"https:\/\/agatres.co\/pt\/wp-json\/wp\/v2\/product\/14762\/revisions\/24536"}],"wp:featuredmedia":[{"embeddable":true,"href":"https:\/\/agatres.co\/pt\/wp-json\/wp\/v2\/media\/21901"}],"wp:attachment":[{"href":"https:\/\/agatres.co\/pt\/wp-json\/wp\/v2\/media?parent=14762"}],"wp:term":[{"taxonomy":"product_brand","embeddable":true,"href":"https:\/\/agatres.co\/pt\/wp-json\/wp\/v2\/product_brand?post=14762"},{"taxonomy":"product_cat","embeddable":true,"href":"https:\/\/agatres.co\/pt\/wp-json\/wp\/v2\/product_cat?post=14762"},{"taxonomy":"product_tag","embeddable":true,"href":"https:\/\/agatres.co\/pt\/wp-json\/wp\/v2\/product_tag?post=14762"},{"taxonomy":"woo-feed-brand","embeddable":true,"href":"https:\/\/agatres.co\/pt\/wp-json\/wp\/v2\/woo-feed-brand?post=14762"}],"curies":[{"name":"wp","href":"https:\/\/api.w.org\/{rel}","templated":true}]}}