{"id":14764,"date":"2026-02-09T15:32:24","date_gmt":"2026-02-09T18:32:24","guid":{"rendered":"https:\/\/agatres.co\/product\/bidaya-maktub-la-vie-100ml\/"},"modified":"2026-03-30T22:27:53","modified_gmt":"2026-03-31T02:27:53","slug":"bidaya-maktub-la-vie-100ml","status":"publish","type":"product","link":"https:\/\/agatres.co\/pt\/producto\/bidaya-maktub-la-vie-100ml\/","title":{"rendered":"BIDAYA MAKTUB LA VIE 100ML"},"content":{"rendered":"<p data-start=\"292\" data-end=\"669\">El <span data-start=\"295\" data-end=\"333\" style=\"\">Bidaya Maktub La Vie Eau de Parfum<\/span> es una fragancia <span data-start=\"351\" data-end=\"380\" style=\"\">unisex vibrante y moderna<\/span> que combina notas frutales tropicales, c\u00edtricos luminosos y un fondo c\u00e1lido ambarado para crear un aroma fresco, ex\u00f3tico y sofisticado. Inspirado en perfumes nicho de alto nivel, este perfume destaca por su car\u00e1cter jugoso y energ\u00e9tico que evoluciona hacia una base elegante y envolvente.<\/p>\n<p data-start=\"671\" data-end=\"1112\">Desde la primera aplicaci\u00f3n, la fragancia se abre con una explosi\u00f3n frutal dominada por <span data-start=\"759\" data-end=\"813\" style=\"\">mango, frutas tropicales, lim\u00f3n siciliano y pomelo<\/span>, creando una sensaci\u00f3n fresca y luminosa. En el coraz\u00f3n aparecen notas especiadas y arom\u00e1ticas como <span data-start=\"914\" data-end=\"947\" style=\"\">jengibre, nuez moscada e iris<\/span>, acompa\u00f1adas por un toque gourmand que aporta suavidad y profundidad. Finalmente, el fondo de <span data-start=\"1042\" data-end=\"1069\" style=\"\">almizcle, cedro y \u00e1mbar<\/span> crea una base c\u00e1lida, elegante y duradera.<\/p>\n<p data-start=\"1114\" data-end=\"1370\">El <span data-start=\"1117\" data-end=\"1141\">Bidaya Maktub La Vie<\/span> es ideal para quienes buscan una fragancia fresca y sofisticada con un car\u00e1cter tropical moderno. Su perfil vers\u00e1til lo convierte en una excelente opci\u00f3n para uso diario o para quienes desean un perfume distintivo y energizante.<\/p>\n<p data-start=\"1114\" data-end=\"1370\"><b>CARACTER\u00cdSTICAS<\/b><\/p>\n<li data-section-id=\"x9vzg7\" data-start=\"1396\" data-end=\"1469\">\n<ul>\n<li>Fragancia <span data-start=\"1408\" data-end=\"1418\">unisex<\/span> con perfil frutal tropical, c\u00edtrico y especiado.<\/li>\n<li>Aroma fresco, luminoso y moderno.<\/li>\n<li>Inspirado en perfumes nicho con car\u00e1cter ex\u00f3tico.<\/li>\n<li>Excelente equilibrio entre notas frutales, especiadas y ambaradas.<\/li>\n<li>Perfume vers\u00e1til ideal para d\u00eda o clima c\u00e1lido.<\/li>\n<li>Buena proyecci\u00f3n y duraci\u00f3n.<\/li>\n<\/ul>\n<\/li>\n<p data-start=\"1114\" data-end=\"1370\"><b>NOTAS OLFATIVAS<\/b><\/p>\n<ul>\n<li><span data-start=\"1741\" data-end=\"1761\" style=\"\">Notas de salida:\u00a0<\/span>Mango, frutas tropicales, lim\u00f3n siciliano, pomelo y cassia.<\/li>\n<li><span data-start=\"1825\" data-end=\"1846\">Notas de coraz\u00f3n:\u00a0<\/span>Jengibre, nuez moscada, iris y acordes gourmand.<\/li>\n<li><span data-start=\"1899\" data-end=\"1918\">Notas de fondo:<\/span><strong data-start=\"1899\" data-end=\"1918\">\u00a0<\/strong>Almizcle, cedro y \u00e1mbar.<\/li>\n<\/ul>","protected":false},"excerpt":{"rendered":"<p>El Bidaya Maktub La Vie Eau de Parfum es una fragancia unisex vibrante y moderna que combina notas frutales tropicales,<\/p>","protected":false},"featured_media":21898,"template":"","meta":{"_acf_changed":false,"rs_blank_template":"","rs_page_bg_color":"","slide_template_v7":""},"product_brand":[220],"product_cat":[88,233],"product_tag":[],"woo-feed-brand":[],"class_list":{"0":"post-14764","1":"product","2":"type-product","3":"status-publish","4":"has-post-thumbnail","6":"product_brand-bidaya","7":"product_cat-perfumes","8":"product_cat-unisex","10":"first","11":"outofstock","12":"purchasable","13":"product-type-simple"},"acf":[],"_links":{"self":[{"href":"https:\/\/agatres.co\/pt\/wp-json\/wp\/v2\/product\/14764","targetHints":{"allow":["GET"]}}],"collection":[{"href":"https:\/\/agatres.co\/pt\/wp-json\/wp\/v2\/product"}],"about":[{"href":"https:\/\/agatres.co\/pt\/wp-json\/wp\/v2\/types\/product"}],"version-history":[{"count":7,"href":"https:\/\/agatres.co\/pt\/wp-json\/wp\/v2\/product\/14764\/revisions"}],"predecessor-version":[{"id":24678,"href":"https:\/\/agatres.co\/pt\/wp-json\/wp\/v2\/product\/14764\/revisions\/24678"}],"wp:featuredmedia":[{"embeddable":true,"href":"https:\/\/agatres.co\/pt\/wp-json\/wp\/v2\/media\/21898"}],"wp:attachment":[{"href":"https:\/\/agatres.co\/pt\/wp-json\/wp\/v2\/media?parent=14764"}],"wp:term":[{"taxonomy":"product_brand","embeddable":true,"href":"https:\/\/agatres.co\/pt\/wp-json\/wp\/v2\/product_brand?post=14764"},{"taxonomy":"product_cat","embeddable":true,"href":"https:\/\/agatres.co\/pt\/wp-json\/wp\/v2\/product_cat?post=14764"},{"taxonomy":"product_tag","embeddable":true,"href":"https:\/\/agatres.co\/pt\/wp-json\/wp\/v2\/product_tag?post=14764"},{"taxonomy":"woo-feed-brand","embeddable":true,"href":"https:\/\/agatres.co\/pt\/wp-json\/wp\/v2\/woo-feed-brand?post=14764"}],"curies":[{"name":"wp","href":"https:\/\/api.w.org\/{rel}","templated":true}]}}