{"id":14997,"date":"2026-03-08T14:48:18","date_gmt":"2026-03-08T17:48:18","guid":{"rendered":"https:\/\/agatres.co\/product\/medicube-pdrn-cafeine-night-wrap-mask-75\/"},"modified":"2026-05-13T14:02:28","modified_gmt":"2026-05-13T18:02:28","slug":"medicube-pdrn-cafeine-night-wrap-mask-75","status":"publish","type":"product","link":"https:\/\/agatres.co\/pt\/producto\/medicube-pdrn-cafeine-night-wrap-mask-75\/","title":{"rendered":"Mascarilla Medicube PDRN Pink Caffeine Night Wrapping Mask de 75mL"},"content":{"rendered":"<p data-start=\"285\" data-end=\"607\">El Medicube PDRN Pink Caffeine Night Wrapping Mask es una mascarilla facial nocturna tipo wrapping, dise\u00f1ada para actuar mientras la piel descansa. Su textura forma una pel\u00edcula flexible sobre el rostro, ayudando a sellar la hidrataci\u00f3n y mantener los activos en contacto con la piel durante varias horas.<\/p>\n<p data-start=\"609\" data-end=\"1013\">Su f\u00f3rmula combina PDRN, cafe\u00edna, niacinamida, col\u00e1geno, \u00e1cido hialur\u00f3nico y p\u00e9ptidos, ingredientes enfocados en revitalizar la piel, aportar luminosidad y mejorar la apariencia de firmeza y elasticidad. La cafe\u00edna ayuda a reducir visualmente el aspecto de hinchaz\u00f3n y cansancio, mientras que el PDRN y el col\u00e1geno apoyan una apariencia m\u00e1s suave, tersa y saludable. <span class=\"\" data-state=\"closed\"><\/span><\/p>\n<p data-start=\"0\" data-end=\"409\">\n<p data-start=\"1015\" data-end=\"1384\">Esta mascarilla es ideal para rutinas nocturnas enfocadas en piel opaca, cansada, deshidratada o con falta de firmeza. Se aplica como \u00faltimo paso de la rutina, se deja secar completamente y se retira suavemente por la ma\u00f1ana, dejando la piel con un acabado m\u00e1s fresco, luminoso y revitalizado. Su presentaci\u00f3n comercial es de 75mL.&nbsp;<\/p>","protected":false},"excerpt":{"rendered":"<p>La mascarilla Medicube PDRN Pink Caffeine Night Wrapping hidrata, ilumina y ayuda a mejorar firmeza, hinchaz\u00f3n y elasticidad.<\/p>","protected":false},"featured_media":18987,"template":"","meta":{"_acf_changed":false,"rs_blank_template":"","rs_page_bg_color":"","slide_template_v7":""},"product_brand":[210],"product_cat":[334,208],"product_tag":[],"woo-feed-brand":[],"class_list":{"0":"post-14997","1":"product","2":"type-product","3":"status-publish","4":"has-post-thumbnail","6":"product_brand-medicube","7":"product_cat-pdrn","8":"product_cat-skincare","10":"first","11":"outofstock","12":"purchasable","13":"product-type-simple"},"acf":[],"_links":{"self":[{"href":"https:\/\/agatres.co\/pt\/wp-json\/wp\/v2\/product\/14997","targetHints":{"allow":["GET"]}}],"collection":[{"href":"https:\/\/agatres.co\/pt\/wp-json\/wp\/v2\/product"}],"about":[{"href":"https:\/\/agatres.co\/pt\/wp-json\/wp\/v2\/types\/product"}],"version-history":[{"count":7,"href":"https:\/\/agatres.co\/pt\/wp-json\/wp\/v2\/product\/14997\/revisions"}],"predecessor-version":[{"id":24595,"href":"https:\/\/agatres.co\/pt\/wp-json\/wp\/v2\/product\/14997\/revisions\/24595"}],"wp:featuredmedia":[{"embeddable":true,"href":"https:\/\/agatres.co\/pt\/wp-json\/wp\/v2\/media\/18987"}],"wp:attachment":[{"href":"https:\/\/agatres.co\/pt\/wp-json\/wp\/v2\/media?parent=14997"}],"wp:term":[{"taxonomy":"product_brand","embeddable":true,"href":"https:\/\/agatres.co\/pt\/wp-json\/wp\/v2\/product_brand?post=14997"},{"taxonomy":"product_cat","embeddable":true,"href":"https:\/\/agatres.co\/pt\/wp-json\/wp\/v2\/product_cat?post=14997"},{"taxonomy":"product_tag","embeddable":true,"href":"https:\/\/agatres.co\/pt\/wp-json\/wp\/v2\/product_tag?post=14997"},{"taxonomy":"woo-feed-brand","embeddable":true,"href":"https:\/\/agatres.co\/pt\/wp-json\/wp\/v2\/woo-feed-brand?post=14997"}],"curies":[{"name":"wp","href":"https:\/\/api.w.org\/{rel}","templated":true}]}}