{"id":15662,"date":"2026-02-09T15:32:24","date_gmt":"2026-02-09T18:32:24","guid":{"rendered":"https:\/\/agatres.co\/product\/bidaya-maktub-gold-100ml\/"},"modified":"2026-03-30T22:26:57","modified_gmt":"2026-03-31T02:26:57","slug":"bidaya-maktub-gold-100ml","status":"publish","type":"product","link":"https:\/\/agatres.co\/pt\/producto\/bidaya-maktub-gold-100ml\/","title":{"rendered":"BIDAYA MAKTUB GOLD 100ML"},"content":{"rendered":"<p data-start=\"107\" data-end=\"405\">Bidaya Maktub Gold Eau de Parfum es una fragancia unisex luminosa y sofisticada que combina frescura c\u00edtrica con un fondo c\u00e1lido y especiado. Su composici\u00f3n equilibrada ofrece una experiencia olfativa vibrante y elegante, ideal para quienes buscan un aroma vers\u00e1til con car\u00e1cter moderno y refinado.<\/p>\n<p data-start=\"407\" data-end=\"886\">Desde el inicio, la fragancia se abre con una mezcla chispeante de naranja brasile\u00f1a, bergamota de Calabria, lim\u00f3n siciliano y jengibre, aportando una sensaci\u00f3n fresca, energ\u00e9tica y ligeramente especiada. En el coraz\u00f3n emergen notas frutales y c\u00e1lidas como pera, canela, cardamomo y clavo, que a\u00f1aden profundidad y un toque envolvente. Finalmente, la base de almizcle blanco, vainilla de Madagascar, \u00e1mbar gris y notas amaderadas proporciona un cierre suave, elegante y duradero.<\/p>\n<p data-start=\"888\" data-end=\"1039\">Bidaya Maktub Gold es ideal para quienes desean una fragancia fresca con matices c\u00e1lidos, perfecta para uso diario y adaptable a diferentes estaciones.<\/p>\n<p data-start=\"1041\" data-end=\"1307\"><b>CARACTER\u00cdSTICAS<\/b><\/p>\n<ul>\n<li>\nFragancia unisex con perfil c\u00edtrico, afrutado y especiado.<\/li>\n<li>Aroma fresco, luminoso y ligeramente dulce<\/li>\n<li>Inspirado en Xerjoff Erba Gold.<\/li>\n<li>Equilibrio entre frescura y calidez envolvente.<\/li>\n<li>Vers\u00e1til para d\u00eda y noche.<\/li>\n<li>Buena duraci\u00f3n y proyecci\u00f3n.<\/li>\n<\/ul>\n<p data-start=\"1309\" data-end=\"1563\"><b>NOTAS OLFATIVAS<\/b><\/p>\n<ul>\n<li><b><br \/>\nNotas de salida:<\/b> Naranja brasile\u00f1a, bergamota de Calabria, lim\u00f3n siciliano, jengibre.<\/li>\n<li><b>Notas de coraz\u00f3n: <\/b>Pera, canela, cardamomo, clavo de olor.<\/li>\n<li><b>Notas de fondo: <\/b>Almizcle blanco, vainilla de Madagascar, \u00e1mbar gris, notas amaderadas.<\/li>\n<\/ul>","protected":false},"excerpt":{"rendered":"<p>Bidaya Maktub Gold Eau de Parfum es una fragancia unisex luminosa y sofisticada que combina frescura c\u00edtrica con un fondo<\/p>","protected":false},"featured_media":24715,"template":"","meta":{"_acf_changed":false,"rs_blank_template":"","rs_page_bg_color":"","slide_template_v7":""},"product_brand":[220],"product_cat":[88,233],"product_tag":[],"woo-feed-brand":[],"class_list":{"0":"post-15662","1":"product","2":"type-product","3":"status-publish","4":"has-post-thumbnail","6":"product_brand-bidaya","7":"product_cat-perfumes","8":"product_cat-unisex","10":"first","11":"outofstock","12":"purchasable","13":"product-type-simple"},"acf":[],"_links":{"self":[{"href":"https:\/\/agatres.co\/pt\/wp-json\/wp\/v2\/product\/15662","targetHints":{"allow":["GET"]}}],"collection":[{"href":"https:\/\/agatres.co\/pt\/wp-json\/wp\/v2\/product"}],"about":[{"href":"https:\/\/agatres.co\/pt\/wp-json\/wp\/v2\/types\/product"}],"version-history":[{"count":6,"href":"https:\/\/agatres.co\/pt\/wp-json\/wp\/v2\/product\/15662\/revisions"}],"predecessor-version":[{"id":24534,"href":"https:\/\/agatres.co\/pt\/wp-json\/wp\/v2\/product\/15662\/revisions\/24534"}],"wp:featuredmedia":[{"embeddable":true,"href":"https:\/\/agatres.co\/pt\/wp-json\/wp\/v2\/media\/24715"}],"wp:attachment":[{"href":"https:\/\/agatres.co\/pt\/wp-json\/wp\/v2\/media?parent=15662"}],"wp:term":[{"taxonomy":"product_brand","embeddable":true,"href":"https:\/\/agatres.co\/pt\/wp-json\/wp\/v2\/product_brand?post=15662"},{"taxonomy":"product_cat","embeddable":true,"href":"https:\/\/agatres.co\/pt\/wp-json\/wp\/v2\/product_cat?post=15662"},{"taxonomy":"product_tag","embeddable":true,"href":"https:\/\/agatres.co\/pt\/wp-json\/wp\/v2\/product_tag?post=15662"},{"taxonomy":"woo-feed-brand","embeddable":true,"href":"https:\/\/agatres.co\/pt\/wp-json\/wp\/v2\/woo-feed-brand?post=15662"}],"curies":[{"name":"wp","href":"https:\/\/api.w.org\/{rel}","templated":true}]}}