{"id":19204,"date":"2026-03-08T14:50:39","date_gmt":"2026-03-08T17:50:39","guid":{"rendered":"https:\/\/agatres.co\/product\/al-wataniah-al-daiem-edp-75ml\/"},"modified":"2026-03-30T22:26:49","modified_gmt":"2026-03-31T02:26:49","slug":"al-wataniah-al-daiem-edp-75ml","status":"publish","type":"product","link":"https:\/\/agatres.co\/pt\/producto\/al-wataniah-al-daiem-edp-75ml\/","title":{"rendered":"AL WATANIAH AL DAIEM EDP 75ML"},"content":{"rendered":"<p data-start=\"302\" data-end=\"668\">El <span data-start=\"305\" data-end=\"343\">Al Wataniah Al Daiem Eau de Parfum<\/span> es una fragancia masculina elegante que combina notas especiadas, arom\u00e1ticas y amaderadas para crear un aroma intenso y sofisticado. Inspirado en la elegancia de la perfumer\u00eda oriental moderna, este perfume ofrece una experiencia olfativa profunda que destaca por su equilibrio entre frescura, calidez y una estela duradera.<\/p>\n<p data-start=\"670\" data-end=\"1038\">Desde la primera aplicaci\u00f3n, la fragancia se abre con notas frescas y especiadas que aportan energ\u00eda y personalidad. A medida que evoluciona, el coraz\u00f3n revela una composici\u00f3n arom\u00e1tica equilibrada que a\u00f1ade elegancia y car\u00e1cter al perfume. Finalmente, las notas de fondo amaderadas y c\u00e1lidas crean una base intensa y envolvente que permanece en la piel durante horas.<\/p>\n<p data-start=\"1040\" data-end=\"1286\">El <span data-start=\"1043\" data-end=\"1067\">Al Wataniah Al Daiem<\/span> es ideal para hombres que buscan una fragancia sofisticada dentro de la perfumer\u00eda \u00e1rabe contempor\u00e1nea. Su car\u00e1cter vers\u00e1til lo convierte en una excelente opci\u00f3n tanto para el uso diario como para ocasiones especiales.<\/p>\n<p data-start=\"1040\" data-end=\"1286\"><b>CARACTER\u00cdSTICAS<\/b><\/p>\n<li data-section-id=\"1vdpokd\" data-start=\"1312\" data-end=\"1378\">\n<ul>\n<li>Fragancia masculina con perfil oriental amaderado y especiado.<\/li>\n<li>Aroma elegante con buena duraci\u00f3n y proyecci\u00f3n.<\/li>\n<li>Equilibrio entre notas frescas, especiadas y c\u00e1lidas.<\/li>\n<li>Perfume vers\u00e1til adecuado para d\u00eda o nocheEstela masculina profunda y sofisticada.<\/li>\n<li>Inspirado en la perfumer\u00eda \u00e1rabe moderna.<\/li>\n<\/ul>\n<\/li>\n<p data-start=\"1040\" data-end=\"1286\"><b>NOTAS OLFATIVAS<\/b><\/p>\n<ul>\n<li><span data-start=\"1651\" data-end=\"1671\" style=\"\">Notas de salida:&nbsp;<\/span>Bergamota, lim\u00f3n y pimienta negra.<\/li>\n<li><span data-start=\"1710\" data-end=\"1731\">Notas de coraz\u00f3n:&nbsp;<\/span>Lavanda, cardamomo y geranio.<\/li>\n<li><span data-start=\"1765\" data-end=\"1784\">Notas de fondo:<\/span><strong data-start=\"1765\" data-end=\"1784\">&nbsp;<\/strong>\u00c1mbar, cedro, pachul\u00ed, almizcle y maderas c\u00e1lidas.<\/li>\n<\/ul>","protected":false},"excerpt":{"rendered":"<p>El Al Wataniah Al Daiem Eau de Parfum es una fragancia masculina elegante que combina notas especiadas, arom\u00e1ticas y amaderadas<\/p>","protected":false},"featured_media":19206,"template":"","meta":{"_acf_changed":false,"rs_blank_template":"","rs_page_bg_color":"","slide_template_v7":""},"product_brand":[109],"product_cat":[231,88],"product_tag":[],"woo-feed-brand":[],"class_list":{"0":"post-19204","1":"product","2":"type-product","3":"status-publish","4":"has-post-thumbnail","6":"product_brand-al-wataniah","7":"product_cat-masculino","8":"product_cat-perfumes","10":"first","11":"instock","12":"purchasable","13":"product-type-simple"},"acf":[],"_links":{"self":[{"href":"https:\/\/agatres.co\/pt\/wp-json\/wp\/v2\/product\/19204","targetHints":{"allow":["GET"]}}],"collection":[{"href":"https:\/\/agatres.co\/pt\/wp-json\/wp\/v2\/product"}],"about":[{"href":"https:\/\/agatres.co\/pt\/wp-json\/wp\/v2\/types\/product"}],"version-history":[{"count":6,"href":"https:\/\/agatres.co\/pt\/wp-json\/wp\/v2\/product\/19204\/revisions"}],"predecessor-version":[{"id":24501,"href":"https:\/\/agatres.co\/pt\/wp-json\/wp\/v2\/product\/19204\/revisions\/24501"}],"wp:featuredmedia":[{"embeddable":true,"href":"https:\/\/agatres.co\/pt\/wp-json\/wp\/v2\/media\/19206"}],"wp:attachment":[{"href":"https:\/\/agatres.co\/pt\/wp-json\/wp\/v2\/media?parent=19204"}],"wp:term":[{"taxonomy":"product_brand","embeddable":true,"href":"https:\/\/agatres.co\/pt\/wp-json\/wp\/v2\/product_brand?post=19204"},{"taxonomy":"product_cat","embeddable":true,"href":"https:\/\/agatres.co\/pt\/wp-json\/wp\/v2\/product_cat?post=19204"},{"taxonomy":"product_tag","embeddable":true,"href":"https:\/\/agatres.co\/pt\/wp-json\/wp\/v2\/product_tag?post=19204"},{"taxonomy":"woo-feed-brand","embeddable":true,"href":"https:\/\/agatres.co\/pt\/wp-json\/wp\/v2\/woo-feed-brand?post=19204"}],"curies":[{"name":"wp","href":"https:\/\/api.w.org\/{rel}","templated":true}]}}