{"id":22149,"date":"2026-03-13T08:52:28","date_gmt":"2026-03-13T11:52:28","guid":{"rendered":"https:\/\/agatres.co\/product\/medicube-age-r-booster-pro-yellow\/"},"modified":"2026-05-11T13:30:30","modified_gmt":"2026-05-11T17:30:30","slug":"medicube-age-r-booster-pro-yellow","status":"publish","type":"product","link":"https:\/\/agatres.co\/pt\/producto\/medicube-age-r-booster-pro-yellow\/","title":{"rendered":"Dispositivo Facial Medicube Age-R Booster Pro Yellow"},"content":{"rendered":"<p data-start=\"259\" data-end=\"569\" style=\"margin: 0px 0px 20px; padding: 0px; border: 0px; vertical-align: baseline; font-variant-numeric: inherit; font-variant-east-asian: inherit; font-variant-alternates: inherit; font-variant-position: inherit; font-variant-emoji: inherit; font-stretch: inherit; line-height: inherit; font-family: Poppins, Arial, Helvetica, sans-serif; font-optical-sizing: inherit; font-size-adjust: inherit; font-kerning: inherit; font-feature-settings: inherit; font-variation-settings: inherit; font-language-override: inherit; font-size: 15px;\">El <span data-start=\"262\" data-end=\"317\" style=\"margin: 0px; padding: 0px; border: 0px; vertical-align: baseline; font-style: inherit; font-variant: inherit; font-weight: inherit; font-stretch: inherit; line-height: inherit; font-family: inherit; font-optical-sizing: inherit; font-size-adjust: inherit; font-kerning: inherit; font-feature-settings: inherit; font-variation-settings: inherit; font-language-override: inherit;\">Dispositivo Facial Medicube Age-R Booster Pro Yellow<\/span>\u00a0es una herramienta avanzada de skincare dise\u00f1ada para potenciar la absorci\u00f3n de activos y mejorar la calidad de la piel. Utiliza tecnolog\u00eda de estimulaci\u00f3n que ayuda a que los productos penetren mejor, optimizando los resultados de la rutina facial.<\/p>\n<p data-start=\"571\" data-end=\"817\" style=\"margin: 0px 0px 20px; padding: 0px; border: 0px; vertical-align: baseline; font-variant-numeric: inherit; font-variant-east-asian: inherit; font-variant-alternates: inherit; font-variant-position: inherit; font-variant-emoji: inherit; font-stretch: inherit; line-height: inherit; font-family: Poppins, Arial, Helvetica, sans-serif; font-optical-sizing: inherit; font-size-adjust: inherit; font-kerning: inherit; font-feature-settings: inherit; font-variation-settings: inherit; font-language-override: inherit; font-size: 15px;\">Este dispositivo contribuye a mejorar la firmeza, suavizar la textura y aportar mayor luminosidad a la piel. Su uso constante puede ayudar a reducir la apariencia de poros y mejorar la elasticidad, logrando una piel m\u00e1s uniforme y revitalizada.<\/p>\n<p data-start=\"819\" data-end=\"1079\" style=\"margin: 0px 0px 20px; padding: 0px; border: 0px; vertical-align: baseline; font-variant-numeric: inherit; font-variant-east-asian: inherit; font-variant-alternates: inherit; font-variant-position: inherit; font-variant-emoji: inherit; font-stretch: inherit; line-height: inherit; font-family: Poppins, Arial, Helvetica, sans-serif; font-optical-sizing: inherit; font-size-adjust: inherit; font-kerning: inherit; font-feature-settings: inherit; font-variation-settings: inherit; font-language-override: inherit; font-size: 15px;\">Cuenta con distintos niveles de intensidad, permitiendo adaptar el tratamiento seg\u00fan la sensibilidad de la piel. Su dise\u00f1o ergon\u00f3mico y moderno facilita su uso en casa, convirti\u00e9ndolo en una excelente alternativa para rutinas de cuidado facial m\u00e1s completas.<\/p>\n<p data-start=\"0\" data-end=\"408\" style=\"margin: 0px 0px 20px; padding: 0px; border: 0px; vertical-align: baseline; font-variant-numeric: inherit; font-variant-east-asian: inherit; font-variant-alternates: inherit; font-variant-position: inherit; font-variant-emoji: inherit; font-stretch: inherit; line-height: inherit; font-family: Poppins, Arial, Helvetica, sans-serif; font-optical-sizing: inherit; font-size-adjust: inherit; font-kerning: inherit; font-feature-settings: inherit; font-variation-settings: inherit; font-language-override: inherit; font-size: 15px;\">\n<p data-start=\"1081\" data-end=\"1202\" style=\"margin: 0px 0px 20px; padding: 0px; border: 0px; vertical-align: baseline; font-variant-numeric: inherit; font-variant-east-asian: inherit; font-variant-alternates: inherit; font-variant-position: inherit; font-variant-emoji: inherit; font-stretch: inherit; line-height: inherit; font-family: Poppins, Arial, Helvetica, sans-serif; font-optical-sizing: inherit; font-size-adjust: inherit; font-kerning: inherit; font-feature-settings: inherit; font-variation-settings: inherit; font-language-override: inherit; font-size: 15px;\">Es ideal para combinar con sueros y cremas, potenciando su eficacia y logrando resultados m\u00e1s visibles en menor tiempo.<\/p>","protected":false},"excerpt":{"rendered":"<p>El dispositivo Facial Medicube Age-R Booster Pro que ayuda a mejorar la absorci\u00f3n de productos, firmeza y textura de la piel.<\/p>","protected":false},"featured_media":22151,"template":"","meta":{"_acf_changed":false,"rs_blank_template":"","rs_page_bg_color":"","slide_template_v7":""},"product_brand":[210],"product_cat":[321,208],"product_tag":[],"woo-feed-brand":[],"class_list":{"0":"post-22149","1":"product","2":"type-product","3":"status-publish","4":"has-post-thumbnail","6":"product_brand-medicube","7":"product_cat-age-r","8":"product_cat-skincare","10":"first","11":"outofstock","12":"purchasable","13":"product-type-simple"},"acf":[],"_links":{"self":[{"href":"https:\/\/agatres.co\/pt\/wp-json\/wp\/v2\/product\/22149","targetHints":{"allow":["GET"]}}],"collection":[{"href":"https:\/\/agatres.co\/pt\/wp-json\/wp\/v2\/product"}],"about":[{"href":"https:\/\/agatres.co\/pt\/wp-json\/wp\/v2\/types\/product"}],"version-history":[{"count":6,"href":"https:\/\/agatres.co\/pt\/wp-json\/wp\/v2\/product\/22149\/revisions"}],"predecessor-version":[{"id":24523,"href":"https:\/\/agatres.co\/pt\/wp-json\/wp\/v2\/product\/22149\/revisions\/24523"}],"wp:featuredmedia":[{"embeddable":true,"href":"https:\/\/agatres.co\/pt\/wp-json\/wp\/v2\/media\/22151"}],"wp:attachment":[{"href":"https:\/\/agatres.co\/pt\/wp-json\/wp\/v2\/media?parent=22149"}],"wp:term":[{"taxonomy":"product_brand","embeddable":true,"href":"https:\/\/agatres.co\/pt\/wp-json\/wp\/v2\/product_brand?post=22149"},{"taxonomy":"product_cat","embeddable":true,"href":"https:\/\/agatres.co\/pt\/wp-json\/wp\/v2\/product_cat?post=22149"},{"taxonomy":"product_tag","embeddable":true,"href":"https:\/\/agatres.co\/pt\/wp-json\/wp\/v2\/product_tag?post=22149"},{"taxonomy":"woo-feed-brand","embeddable":true,"href":"https:\/\/agatres.co\/pt\/wp-json\/wp\/v2\/woo-feed-brand?post=22149"}],"curies":[{"name":"wp","href":"https:\/\/api.w.org\/{rel}","templated":true}]}}