{"id":4702,"date":"2026-02-26T14:41:46","date_gmt":"2026-02-26T17:41:46","guid":{"rendered":"https:\/\/agatres.co\/product\/armaf-club-de-nuit-intense-105ml\/"},"modified":"2026-04-02T12:46:07","modified_gmt":"2026-04-02T16:46:07","slug":"armaf-club-de-nuit-intense-105ml","status":"publish","type":"product","link":"https:\/\/agatres.co\/pt\/producto\/armaf-club-de-nuit-intense-105ml\/","title":{"rendered":"ARMAF CLUB DE NUIT INTENSE 105ML"},"content":{"rendered":"<p data-start=\"315\" data-end=\"602\">El <span data-start=\"318\" data-end=\"366\" style=\"\">Armaf Club de Nuit Intense Man Eau de Parfum<\/span> es una de las fragancias m\u00e1s reconocidas de la perfumer\u00eda \u00e1rabe moderna. Su composici\u00f3n combina <span data-start=\"463\" data-end=\"538\" style=\"\">notas c\u00edtricas vibrantes, acordes frutales y una base amaderada ahumada<\/span>, creando un aroma sofisticado, masculino y con gran proyecci\u00f3n.<\/p>\n<p data-start=\"604\" data-end=\"1054\">Desde la primera aplicaci\u00f3n, la fragancia se abre con una mezcla brillante de <span data-start=\"682\" data-end=\"719\" style=\"\">lim\u00f3n, bergamota y frutas frescas<\/span> que aportan energ\u00eda y frescura. A medida que evoluciona, el coraz\u00f3n revela un acorde floral acompa\u00f1ado por el distintivo <span data-start=\"841\" data-end=\"859\" style=\"\">abedul ahumado<\/span>, que aporta profundidad y car\u00e1cter. Finalmente, el fondo c\u00e1lido de <span data-start=\"927\" data-end=\"971\" style=\"\">\u00e1mbar gris, vainilla, pachul\u00ed y almizcle<\/span> crea una estela elegante y duradera que permanece en la piel durante muchas horas.<\/p>\n<p data-start=\"1056\" data-end=\"1333\">El <span data-start=\"1059\" data-end=\"1093\">Armaf Club de Nuit Intense Man<\/span> es ideal para hombres que buscan un perfume con presencia y elegancia. Su perfil intenso y sofisticado lo convierte en una excelente opci\u00f3n para eventos, noches especiales o para quienes prefieren fragancias masculinas con gran proyecci\u00f3n.<\/p>\n<p data-start=\"1056\" data-end=\"1333\"><b>CARACTER\u00cdSTICAS<\/b><\/p>\n<li data-section-id=\"172j3ee\" data-start=\"1359\" data-end=\"1429\">\n<ul>\n<li>Fragancia masculina con perfil c\u00edtrico frutal y amaderado ahumado.<\/li>\n<li>Aroma intenso con excelente duraci\u00f3n y proyecci\u00f3n.<\/li>\n<li>Apertura fresca con notas c\u00edtricas vibrantes.<\/li>\n<li>Base c\u00e1lida y sofisticada con notas amaderadas.<\/li>\n<li>Perfume ideal para uso nocturno o ocasiones especiales.<\/li>\n<li>Parte de la ic\u00f3nica colecci\u00f3n <span data-start=\"1679\" data-end=\"1695\" style=\"\">Club de Nuit<\/span> de Armaf.<\/li>\n<\/ul>\n<\/li>\n<p data-start=\"1056\" data-end=\"1333\"><b>NOTAS OLFATIVAS<\/b><\/p>\n<ul>\n<li><span data-start=\"1731\" data-end=\"1751\">Notas de salida:&nbsp;<\/span>Lim\u00f3n, pi\u00f1a, bergamota, grosella negra y manzana.&nbsp;<\/li>\n<li><span data-start=\"1805\" data-end=\"1826\">Notas de coraz\u00f3n:&nbsp;<\/span>Abedul (birch), jazm\u00edn y rosa.<\/li>\n<li><span data-start=\"1861\" data-end=\"1880\">Notas de fondo:&nbsp;<\/span>\u00c1mbar gris, almizcle, pachul\u00ed y vainilla.<\/li>\n<\/ul>","protected":false},"excerpt":{"rendered":"<p>El Armaf Club de Nuit Intense Man Eau de Parfum es una de las fragancias m\u00e1s reconocidas de la perfumer\u00eda<\/p>","protected":false},"featured_media":18470,"template":"","meta":{"_acf_changed":false,"rs_blank_template":"","rs_page_bg_color":"","slide_template_v7":""},"product_brand":[87],"product_cat":[231,88],"product_tag":[],"woo-feed-brand":[],"class_list":{"0":"post-4702","1":"product","2":"type-product","3":"status-publish","4":"has-post-thumbnail","6":"product_brand-armaf","7":"product_cat-masculino","8":"product_cat-perfumes","10":"first","11":"instock","12":"purchasable","13":"product-type-simple"},"acf":[],"_links":{"self":[{"href":"https:\/\/agatres.co\/pt\/wp-json\/wp\/v2\/product\/4702","targetHints":{"allow":["GET"]}}],"collection":[{"href":"https:\/\/agatres.co\/pt\/wp-json\/wp\/v2\/product"}],"about":[{"href":"https:\/\/agatres.co\/pt\/wp-json\/wp\/v2\/types\/product"}],"version-history":[{"count":8,"href":"https:\/\/agatres.co\/pt\/wp-json\/wp\/v2\/product\/4702\/revisions"}],"predecessor-version":[{"id":24432,"href":"https:\/\/agatres.co\/pt\/wp-json\/wp\/v2\/product\/4702\/revisions\/24432"}],"wp:featuredmedia":[{"embeddable":true,"href":"https:\/\/agatres.co\/pt\/wp-json\/wp\/v2\/media\/18470"}],"wp:attachment":[{"href":"https:\/\/agatres.co\/pt\/wp-json\/wp\/v2\/media?parent=4702"}],"wp:term":[{"taxonomy":"product_brand","embeddable":true,"href":"https:\/\/agatres.co\/pt\/wp-json\/wp\/v2\/product_brand?post=4702"},{"taxonomy":"product_cat","embeddable":true,"href":"https:\/\/agatres.co\/pt\/wp-json\/wp\/v2\/product_cat?post=4702"},{"taxonomy":"product_tag","embeddable":true,"href":"https:\/\/agatres.co\/pt\/wp-json\/wp\/v2\/product_tag?post=4702"},{"taxonomy":"woo-feed-brand","embeddable":true,"href":"https:\/\/agatres.co\/pt\/wp-json\/wp\/v2\/woo-feed-brand?post=4702"}],"curies":[{"name":"wp","href":"https:\/\/api.w.org\/{rel}","templated":true}]}}